{"id":35517,"date":"2025-08-29T12:57:11","date_gmt":"2025-08-29T12:57:11","guid":{"rendered":"https:\/\/alfaomega.tv\/librarie\/?post_type=product&#038;p=35517"},"modified":"2025-08-29T12:57:21","modified_gmt":"2025-08-29T12:57:21","slug":"cartea-cartilor-sezonul-4","status":"publish","type":"product","link":"https:\/\/alfaomega.tv\/librarie\/produse\/cartea-cartilor\/cartea-cartilor-sezonul-4\/","title":{"rendered":"Cartea Cartilor &#8211; sezonul 4"},"content":{"rendered":"<div class=\"uk-alert-danger uk-alert-large\">Albumul DVD cu episoadele sezonului 4 Cartea C\u0103r\u021bilor este acum disponibil!<\/div>\n<p>Cristi \u0219i Oana sunt copiii moderni ai secolului 22, care petrec mult timp \u00eempreun\u0103 cu robotul lor amuzant, Memo. Ei sunt teleporta\u021bi de un dispozitiv misterios (Cartea C\u0103r\u021bilor) \u00een trecut, prin pagini de istorie. C\u0103l\u0103tore\u0219te \u0219i tu \u00een timp al\u0103turi de Cristi, Oana \u0219i Memo, pentru a retr\u0103i cele mai minunate povestiri \u0219i \u00eent\u00e2mpl\u0103ri din vremurile biblice!<\/p>\n<h2>4.01 &#8211; Isus hr\u0103ne\u0219te mul\u021bimile<\/h2>\n<p>Cartea C\u0103r\u021bilor \u00eei duce pe copii \u00eenapoi \u00een timp la nunta din Cana. S\u0103rb\u0103toarea este aproape distrus\u0103 c\u00e2nd se epuizeaz\u0103 vinul, dar Isus intervine \u0219i, printr-o minune, El transform\u0103 apa \u00een vin. Cartea C\u0103r\u021bilor \u00eei duce apoi pe copii s\u0103 vad\u0103 cum Isus hr\u0103ne\u0219te o mul\u021bime de peste 5000 de oameni prin \u00eenmul\u021birea a c\u00e2torva pe\u0219ti \u0219i a cinci p\u00e2ini.<\/p>\n<p>LEC\u021aIE: Dumnezeu nu are prefera\u021bi.<\/p>\n<h2>4.02 &#8211; Petru \u0219i Corneliu<\/h2>\n<p>Oana \u0219i Cristi \u00eent\u00e2rzie la \u0219coal\u0103. Dac\u0103 Cristi prime\u0219te \u00eenc\u0103 un avertisment de la foarte strictul elev de serviciu, va trebui s\u0103 stea \u00een deten\u021bie dup\u0103 \u0219coal\u0103. Cristi \u00eel roag\u0103 pe Memo s\u0103-i ajute s\u0103 se camufleze ca s\u0103 intre \u00een \u0219coal\u0103, dar planul lor e\u0219ueaz\u0103. El \u0219i Oana sunt prin\u0219i.<\/p>\n<p>Cristi implor\u0103 mil\u0103, \u0219tiind c\u0103 ghimpele din coasta lui nu-l va ierta. Elevul de serviciu nu are niciun interes s\u0103-i ofere lui Cristi un tratament special fa\u021b\u0103 de ceilal\u021bi. Atitudinea lui Cristi fa\u021b\u0103 de acest b\u0103iat care \u00ee\u0219i face datoria, cere apari\u021bia C\u0103r\u021bii C\u0103r\u021bilor. Cristi crede c\u0103 poate sc\u0103pa \u00eentr-un loc unde este \u00eemp\u0103ratul propriei sale lumi.<\/p>\n<p>Dar de data aceasta, Cartea C\u0103r\u021bilor \u00eel ia \u0219i pe elevul de serviciu cu ei! Cartea C\u0103r\u021bilor \u00eei duce \u00eenapoi \u00een timp \u00eentr-o vreme \u00een care Petru a trebuit s\u0103 \u00eenve\u021be c\u0103 Dumnezeu nu are prefera\u021bi \u0219i c\u0103 m\u00e2ntuirea este pentru to\u021bi.<\/p>\n<p>LEC\u021aIE: Dumnezeu nu are prefera\u021bi.<\/p>\n<h2>4.03 &#8211; Pavel \u0219i Sila<\/h2>\n<p>Oana e trist\u0103 pentru c\u0103 trebuie s\u0103-\u0219i scoat\u0103 amigdalele. Cartea C\u0103r\u021bilor \u00eei duce pe copii \u00een Filipi, unde \u00eei \u00eent\u00e2lnesc pe Pavel \u0219i Sila care predicau.<\/p>\n<p>Dup\u0103 o introducere interesant\u0103, \u00een care Paul scoate un demon dintr-o ghicitoare, Pavel \u0219i Sila sunt aresta\u021bi, b\u0103tu\u021bi \u0219i arunca\u021bi \u00een \u00eenchisoare. Oana observ\u0103 comportamentul lui Pavel, chiar \u0219i \u00een cele mai \u00eentunecate momente, \u00een timp ce el \u0219i Sila c\u00e2nt\u0103 laude la adresa lui Dumnezeu.<\/p>\n<p>C\u00e2nd are loc un cutremur, ei nu profit\u0103 de situa\u021bie pentru a sc\u0103pa, pentru c\u0103 au mil\u0103 de temnicerul lor. Temnicerul este impresionat de grija lor pentru el \u0219i de marea lor credin\u021b\u0103 \u0219i, \u00een cele din urm\u0103, este botezat de Pavel. Oana se \u00eentoarce acas\u0103 cu puteri \u0219i promisiuni noi, ca Pavel \u0219i Sila, pentru a \u00eencerca s\u0103 fie bucuroas\u0103 chiar \u0219i \u00een cele mai grele situa\u021bii.<\/p>\n<p>LEC\u021aIE: Fii fericit chiar \u0219i \u00een cele mai nefaste situa\u021bii.<\/p>\n<h2>4.04 &#8211; Templul lui Solomon<\/h2>\n<p>Echipa lui Cristi este aleas\u0103 s\u0103 mearg\u0103 \u00een finala competi\u021biei na\u021bionale Dezl\u0103n\u021buirea Robo\u021bilor, dar extazul lui se transform\u0103 rapid \u00een disperare atunci c\u00e2nd \u00ee\u0219i d\u0103 seama c\u0103 nu va putea participa din cauza unor reguli.<\/p>\n<p>\u00cen timp ce Cristi se pl\u00e2nge cu privire la modul \u00een care echipa pe care a fondat-o merge f\u0103r\u0103 el cu robotul proiectat de el, Cartea C\u0103r\u021bilor \u00eei duce pe copii \u00een Israelul antic. Acolo copiii \u00eel \u00eent\u00e2lnesc pe t\u00e2n\u0103rul Solomon care va mo\u0219teni \u00een cur\u00e2nd tronul de la tat\u0103l s\u0103u, regele David. Odat\u0103 cu aceasta, va mo\u0219teni de la tat\u0103l s\u0103u \u0219i sarcina de a construi Templul Domnului, unde se pot \u00eenchina Domnului Dumnezeu \u0219i Chivotul Leg\u0103m\u00e2ntului va avea o cas\u0103 permanent\u0103.<\/p>\n<p>Cristi este uimit \u0219i pu\u021bin confuz de cum regele David a putut proiecta \u0219i preg\u0103ti o structur\u0103 at\u00e2t de uimitoare precum Templul care urmeaz\u0103 s\u0103 fie construit, apoi s\u0103 lase pe altcineva s\u0103-l construiasc\u0103. C\u00e2nd Solomon este uns un rege \u0219i construie\u0219te Templul, Cristi afl\u0103 c\u0103 planul lui Dumnezeu \u2013 nu al oamenilor &#8211; se va \u00eemplini \u0219i c\u0103 cel mai bun plan dintre toate e s\u0103 fii \u00een planul S\u0103u. Dup\u0103 ce se \u00eentorc din aventura lor biblic\u0103, Cristi accept\u0103 faptul c\u0103, de\u0219i este posibil s\u0103 nu participe la competi\u021bia Dezl\u0103n\u021buirea Robo\u021bilor, el \u00eenc\u0103 poate da echipei sale planul \u0219i strategia de c\u00e2\u0219tig a jocului, pe care o \u0219i folosesc pentru a c\u00e2\u0219tiga trofeul campionatului.<\/p>\n<p>LEC\u021aIE: C\u00e2teodat\u0103 planul lui Dumnezeu este ca unul s\u0103 preg\u0103teasc\u0103 m\u00e2ncarea, iar al\u021bii s\u0103 serveasc\u0103.<\/p>\n<h2>4.05 &#8211; Evadarea lui Petru<\/h2>\n<p>Cristi \u0219i Memo o \u201cajut\u0103\u201d pe Oana s\u0103 se documenteze pentru un proiect la geografie trimi\u021b\u00e2nd-o \u00eentr-un tur virtual \u00eemprejurul lumii cu Holo-9, dar c\u00e2nd vede lipsurile \u0219i greut\u0103\u021bile unor popoare, Oana este cople\u0219it\u0103 de condi\u021bia uman\u0103 \u0219i se \u00eentreab\u0103 dac\u0103 ar putea ea sau altcineva s\u0103 fac\u0103 o diferen\u021b\u0103.<\/p>\n<p>Ca r\u0103spuns, Cartea C\u0103r\u021bilor \u00eei duce pe copii \u00eenapoi \u00een timp ca s\u0103-i cunoasc\u0103 pe Petru, Roda, Maria \u0219i al\u021bi urma\u0219i ai lui Isus ca s\u0103 fie martorii puterii rug\u0103ciunii care duce la schimb\u0103ri miraculoase.<\/p>\n<p>LEC\u021aIE: Roag\u0103-te \u0219i voia lui Dumnezeu se va face pe p\u0103m\u00e2nt.<\/p>\n<h2>4.06 &#8211; Isus vindec\u0103 orbii<\/h2>\n<p>Oana \u0219i Cristi merg s\u0103 vad\u0103 o scenet\u0103 de Cr\u0103ciun unde tat\u0103l lui Cristi se ocup\u0103 de lumini. C\u00e2nd ajung la biseric\u0103, Cristi \u00ee\u0219i d\u0103 seama c\u0103 e aceea\u0219i biseric\u0103 la care \u00eel ducea bunicul s\u0103u.<\/p>\n<p>Aceasta \u00eel face pe Cristi s\u0103 se \u00eentrebe de ce nu mai merg la biseric\u0103 ca familie. Cartea C\u0103r\u021bilor \u0219i povestirile pe care le prezint\u0103 \u00een aventurile lor sunt parte doar din trecut? Nu ar trebui s\u0103 fac\u0103 parte \u0219i din prezent?<\/p>\n<p>\u00centre timp, Cartea C\u0103r\u021bilor \u00eei duce \u00eenapoi \u00een perioada \u00een care unii oameni erau prea orbi pentru a-L vedea pe Isus ca Mesia \u0219i sunt martorii a trei ocazii \u00een care Isus a vindecat orbi. Cristi se \u00eentoarce cu dorin\u021ba de a merge la biseric\u0103 cu mama \u0219i tat\u0103l s\u0103u.<\/p>\n<p>LEC\u021aIE: Unii oameni sunt prea orbi s\u0103 vad\u0103 ce binecuv\u00e2ntare este Isus pentru noi. Cei care pot vedea cu adev\u0103rat, devin urma\u0219ii S\u0103i.<\/p>\n<h2>4.07 &#8211; Iosua \u0219i Caleb<\/h2>\n<p>Cristi este ner\u0103bd\u0103tor s\u0103 dea lovitura \u0219i s\u0103 ias\u0103 de pe banca de rezerv\u0103, dar entuziasmul lui dispare rapid c\u00e2nd \u00ee\u0219i d\u0103 seama c\u0103 unii dintre coechipierii s\u0103i sunt dispu\u0219i s\u0103 tri\u0219eze pentru a c\u00e2\u0219tiga. Nu doar at\u00e2t, ci vor ca \u0219i el s\u0103 ia parte la planul lor. C\u00e2nd Cristi nu \u0219tie cum s\u0103 le \u021bin\u0103 piept, Cartea C\u0103r\u021bilor \u00eei duce pe copii \u00eenapoi \u00een timp pentru a-i \u00eent\u00e2lni pe Caleb, Iosua \u0219i restul spionilor trimi\u0219i de Moise pentru a explora \u021bara Canaanului &#8211; \u021bara \u201elaptelui \u0219i a mierii\u201d pe care Domnul a promis-o israeli\u021bilor.<\/p>\n<p>Aceast\u0103 \u021bar\u0103 era bogat\u0103 \u00een vii, livezi \u0219i culturi agricole, c\u00e2t puteai vedea cu ochii, dar spionii nu se puteau g\u00e2ndi dec\u00e2t la uria\u0219ii care locuiau \u00een acea \u021bar\u0103. \u00cen timp ce Caleb \u0219i Iosua v\u0103d bog\u0103\u021bia uimitoare a \u021b\u0103rii ca \u00eemplinire a promisiunilor Domnului, restul spionilor las\u0103 frica de uria\u0219i s\u0103 \u00eei domine. At\u00e2t de mult \u00eenc\u00e2t st\u00e2rnesc fric\u0103 \u0219i ne\u00een\u021belegeri pentru a submina raportul bun despre \u021bar\u0103 pe care Caleb \u0219i Iosua \u00eel aduc la Moise.<\/p>\n<p>Copiii v\u0103d cum Caleb \u0219i Iosua refuz\u0103 s\u0103 lase ca frica \u0219i intimidarea s\u0103 afecteze ceea ce \u0219tiu ei c\u0103 e adev\u0103rat. Ei v\u0103d cum Domnul \u00eei binecuv\u00e2nteaz\u0103 pentru credincio\u0219ia lor. Restul israeli\u021bilor, pe de alt\u0103 parte, trebuie s\u0103 pl\u0103teasc\u0103 un pre\u021b dur pentru c\u0103 \u0219i-au \u00eentors din nou spatele Domnului. C\u00e2nd copiii se \u00eentorc acas\u0103, un Cristi inspirat \u00ee\u0219i face curaj s\u0103 \u021bin\u0103 piept coechipierilor s\u0103i tri\u0219\u0103tori, \u00cel urmeaz\u0103 pe Domnul \u0219i face ceea ce trebuie.<\/p>\n<h2>4.08 &#8211; Ilie \u0219i v\u0103duva din Sarepta<\/h2>\n<p>Maria l-a trimis pe Cristi cu o list\u0103 de lucruri pe care s\u0103 le cumpere de la mai multe magazine. C\u00e2nd Cristi decide c\u0103 \u0219tie mai bine \u0219i c\u0103 poate s\u0103 fac\u0103 toate cump\u0103r\u0103turile de la un singur magazin, Cartea C\u0103r\u021bilor \u00eei ia pe copii \u00een aventur\u0103. Ei petrec timp cu Ilie la p\u00e2r\u00e2ul Cherit \u0219i c\u0103l\u0103toresc cu el la Sarepta, unde Dumnezeu poart\u0103 de grij\u0103 \u00een mod supranatural unei v\u0103duve \u0219i fiului ei, \u0219i unde ascultarea suprema a lui Ilie \u00eel aduce \u00eenapoi la via\u021b\u0103 pe fiul v\u0103duvei.<\/p>\n<p>Cristi \u00eenva\u021b\u0103 o lec\u021bie miraculoas\u0103 prin ascultarea lui Ilie de a face ce i-a cerut Dumnezeu chiar \u0219i atunci c\u00e2nd nu a \u0219tiut de ce i s-a cerut s\u0103 fac\u0103 ceva anume. \u00cenapoi acas\u0103, Cristi aplic\u0103 ce a \u00eenv\u0103\u021bat \u0219i face cump\u0103r\u0103turile de la magazinele indicate de mama sa. Doar c\u00e2nd ajunge acas\u0103 \u00ee\u0219i d\u0103 seama c\u0103 l-a trimis s\u0103 fac\u0103 ceva imposibil, doar ca s\u0103-l \u021bin\u0103 ocupat toat\u0103 dup\u0103-masa pentru c\u0103 i-a pl\u0103nuit o petrecere surpriz\u0103 cu ocazia zilei lui de na\u0219tere.<\/p>\n<h2>4.09 &#8211; \u00cenva\u021b\u0103-ne s\u0103 ne rug\u0103m<\/h2>\n<p>Bunica lui Cristi se mut\u0103 din casa \u00een care a locuit ani de zile. So\u021bul ei, bunicul lui Cristi, murise recent \u0219i, de\u0219i casa e plin\u0103 de amintiri dragi, e prea mare pentru o singur\u0103 persoan\u0103. E o zi dulce-amar\u0103, \u00een care pun amintirile \u00een cutii. C\u00e2nd Cristi \u00eentreab\u0103 despre cum se ruga bunicul s\u0103u, bunicii \u00eei dau lacrimile \u0219i trebuie s\u0103 se scuze. El o aude pl\u00e2ng\u00e2nd \u00een cealalt\u0103 camer\u0103 \u0219i nu \u0219tie cum s\u0103 o ajute.<\/p>\n<p>Cu toate acestea, c\u00e2nd Cartea C\u0103r\u021bilor \u00eei duce pe copii, ei primesc o lec\u021bie despre cum se roag\u0103 diferite persoane &#8211; cum rug\u0103ciunea \u00eent\u0103re\u0219te credin\u021ba \u2013 \u0219i, \u00een final, cum Isus ne-a \u00eenv\u0103\u021bat s\u0103 ne rug\u0103m Rug\u0103ciunea Domneasc\u0103.<\/p>\n<p>C\u00e2nd Cristi se \u00eentoarce, descoper\u0103 un pliant care a c\u0103zut din Biblia bunicului \u0219i \u00ee\u0219i d\u0103 seama c\u0103 obi\u0219nuia s\u0103 se roage exact acelea\u0219i cuvinte pe care Isus i-a \u00eenv\u0103\u021bat pe ucenici. Cristi intr\u0103 cu grij\u0103 \u00een camera \u00een care e bunica lui \u0219i spune c\u0103 ar trebui s\u0103 se roage \u00eempreun\u0103 &#8211; \u0219i \u00eencep s\u0103 spun\u0103 Rug\u0103ciunea Domneasc\u0103, \u00een timp ce bunica explic\u0103 semnifica\u021bia fiec\u0103rei p\u0103r\u021bi \u0219i de ce este modelul perfect pentru TOATE rug\u0103ciunile.<\/p>\n<h2>4.10 &#8211; Ieremia<\/h2>\n<p>C\u00e2nd Cristi \u00eent\u00e2lne\u0219te o familie f\u0103r\u0103 ad\u0103post, simte c\u0103 ar trebui s\u0103 fac\u0103 ceva pentru ei, dar nu \u0219tie ce &#8211; sau dac\u0103 ar trebui s\u0103 se implice &#8211; nimeni altcineva nu pare s\u0103 fac\u0103 ceva. Cartea C\u0103r\u021bilor \u00eei duce pe copii \u00een Ierusalim \u00een anul 600 \u00ee.Hr. &#8230; Acolo, ei \u00eel \u00eent\u00e2lnesc pe marele profet, Ieremia, care tr\u0103ie\u0219te umilire, degradare \u0219i o posibil\u0103 moarte c\u00e2nd este aruncat \u00eentr-un pu\u021b ca pedeaps\u0103 pentru c\u0103 i-a mustrat pe evrei fiindc\u0103 nu au respectat Leg\u0103m\u00e2ntul pe care Dumnezeu l-a f\u0103cut cu ei.<\/p>\n<p>Via\u021ba lui este plin\u0103 de durere \u0219i suferin\u021b\u0103, \u0219i totu\u0219i el persevereaz\u0103 atunci c\u00e2nd Dumnezeu \u00eei spune s\u0103 continue s\u0103 vorbeasc\u0103 poporului S\u0103u. \u00cen ceasul s\u0103u cel mai \u00eentunecat, eunucul, Ebed-Melech, \u00eel caut\u0103 pe rege \u00een numele lui Ieremia, iar profetul este \u00een cele din urm\u0103 salvat. Copiii sunt du\u0219i \u00eenapoi acas\u0103 \u0219i Cristi \u00ee\u0219i face curaj, \u00een urma prieteniei sale cu Ieremia, \u0219i \u00ee\u0219i ap\u0103r\u0103 convingerile \u0219i ac\u021bioneaz\u0103 pentru a ajuta familia f\u0103r\u0103 ad\u0103post.<\/p>\n<p>LEC\u021aIE: \u00cen ciuda oric\u0103rei situa\u021bii, r\u0103m\u00e2i neclintit \u00een ce-\u021bi spune Dumnezeu c\u0103 e corect.<\/p>\n<h2>4.11 &#8211; Isus \u00een pustie<\/h2>\n<p>C\u00e2nd Cristi este tentat s\u0103 joace un joc video violent pe care p\u0103rin\u021bii s\u0103i l-au interzis, Cartea C\u0103r\u021bilor \u00eel duce \u00eempreun\u0103 cu Oana \u0219i Memo \u00eenapoi \u00een timp pentru a-L \u00eent\u00e2lni pe Isus &#8211; mai \u00eent\u00e2i, la v\u00e2rsta de doisprezece ani, c\u00e2nd a vorbea cu \u00eenv\u0103\u021b\u0103torii din Templu &#8211; \u0219i apoi ca adult, c\u00e2nd Satana L-a ispitit \u00een cele patruzeci de zile \u00een pustie.<\/p>\n<p>Cristi \u00eenva\u021b\u0103 cum Isus a biruit ispitele Satanei cit\u00e2nd din Scriptur\u0103, iar c\u00e2nd se \u00eentoarce acas\u0103 studiaz\u0103 Biblia cu o curiozitate mai profund\u0103.<\/p>\n<p>LEC\u021aIE: \u021aine piept ispitelor folosind Cuv\u00e2ntul lui Dumnezeu.<\/p>\n<h2>4.12 &#8211; Pavel \u0219i Barnaba<\/h2>\n<p>Cristi este ru\u0219inat de un coleg de clas\u0103 pe seama c\u0103ruia se fac glume pentru c\u0103 invit\u0103 elevi la un grup de studiu biblic.<\/p>\n<p>Cartea C\u0103r\u021bilor \u00eei duce pe copii cu Pavel \u0219i Barnaba \u00een misiunea lor de a r\u0103sp\u00e2ndi mesajul lui Isus. Aventurile lor \u00eei duc \u00een Pafos unde sunt martorii miracolului lui Pavel, orbindu-l pe Bar-Isus \u0219i convertind guvernatorul roman, pe Sergius Paulus.<\/p>\n<p>De acolo merg la Perga, unde lucrarea devine prea grea pentru ucenicul Ioan Marcu, care abandoneaz\u0103 lucrarea \u0219i se \u00eentoarce la Ierusalim. Cu toate acestea, Pavel \u0219i Barnaba continu\u0103 \u0219i merg la Listra, unde Pavel este b\u0103tut cu pietre \u0219i aproape moare. Cu toate acestea, el \u0219i Barnaba, \u00eentotdeauna \u201eFiul m\u00e2ng\u00e2ierii\u201d, continu\u0103 s\u0103 r\u0103sp\u00e2ndeasc\u0103 mesajul lui Isus \u00eempotriva oric\u0103rui fel de adversitate \u0219i, \u00een sf\u00e2r\u0219it, p\u00e2n\u0103 la punctul \u00een care prietenia lor se rupe.<\/p>\n<p>Cristi urmeaz\u0103 exemplul lor \u0219i c\u00e2nd Cartea C\u0103r\u021bilor \u00eei duce \u00eenapoi la \u0219coal\u0103, el, Oana \u0219i Memo \u00eei iau ap\u0103rarea b\u0103iatului \u0219i grupului de studiu biblic. Cristi devine propria versiune a \u201eFiului m\u00e2ng\u00e2ierii\u201d, \u00een timp ce face un mic prim pas \u00een c\u0103l\u0103toria de proclamare a Evangheliei ca putere pentru m\u00e2ntuire.<\/p>\n<p>LEC\u021aIE: Proclam\u0103 Evanghelia ca puterea lui Dumnezeu pentru m\u00e2ntuire.<\/p>\n<h2>4.13 &#8211; Filip<\/h2>\n<p>Cristi este impresionat de o nou\u0103 inven\u021bie la care lucreaz\u0103 tat\u0103l s\u0103u \u00eempreun\u0103 cu un coleg. Cristi r\u00e2vne\u0219te dispozitivul \u0219i vrea s\u0103-\u0219i foloseasc\u0103 puterea pentru a-\u0219i impresiona prietenii \u0219i a c\u00e2\u0219tiga mul\u021bi bani. Cu toate acestea, Cartea C\u0103r\u021bilor \u00eei duce pe copii \u00een Samaria, unde \u00eei v\u0103d pe Filip, Petru \u0219i Ioan cum vorbesc unui magician local \u0219i adep\u021bilor s\u0103i despre adev\u0103rata putere a Duhului Sf\u00e2nt.<\/p>\n<p>Dup\u0103 un scurt salt \u00een timp, ei se \u00eent\u00e2lnesc din nou cu Filip \u0219i asist\u0103 la botezul famenului etiopian din Fapte 8. La \u00eentoarcerea acas\u0103, Cristi este o persoan\u0103 schimbat\u0103. El a fost trezit de puterea Duhului Sf\u00e2nt \u0219i face primul pas \u00een studierea Bibliei \u00een vederea unui botez care va avea loc \u00eentr-un episod viitor din Sezonul 5.<\/p>\n<\/p>\n<p>Proiect bazat pe seria clasic\u0103 \u201eCartea C\u0103r\u021bilor\u201d, difuzat\u0103 de TVR \u00een anii \u201990, desene animate ce au influen\u021bat o \u00eentreag\u0103 genera\u021bie \u00een Rom\u00e2nia. Nominalizat\u0103 la premiile Emmy, seria \u201eCartea C\u0103r\u021bilor\u201d este un triumf de imagina\u021bie, inspira\u021bie, curaj, dragoste, bucurie \u0219i umor pentru copii \u0219i \u00eentreaga familie.<\/p>\n<p>4 DVD-uri X 13 episoade\/ 26 min.<\/p>\n","protected":false},"excerpt":{"rendered":"<p>Cristi \u0219i Oana sunt copiii moderni ai secolului 22, care petrec mult timp \u00eempreun\u0103 cu robotul lor amuzant, Memo. Ei sunt teleporta\u021bi de un dispozitiv misterios (Cartea C\u0103r\u021bilor) \u00een trecut, prin pagini de istorie.<br \/>\nC\u0103l\u0103tore\u0219te \u0219i tu \u00een timp al\u0103turi de Cristi, Oana \u0219i Memo, pentru a retr\u0103i cele mai minunate povestiri \u0219i \u00eent\u00e2mpl\u0103ri din vremurile biblice!<\/p>\n","protected":false},"featured_media":7123,"template":"","meta":{"_acf_changed":false},"product_brand":[],"product_cat":[35,34],"product_tag":[],"class_list":{"0":"post-35517","1":"product","2":"type-product","3":"status-publish","4":"has-post-thumbnail","6":"product_cat-cartea-cartilor","7":"product_cat-resurse-pentru-copii","8":"pa_autori-cbn","9":"pa_format-dvd","11":"first","12":"instock","13":"shipping-taxable","14":"purchasable","15":"product-type-variable","16":"has-default-attributes"},"acf":[],"_links":{"self":[{"href":"https:\/\/alfaomega.tv\/librarie\/wp-json\/wp\/v2\/product\/35517","targetHints":{"allow":["GET"]}}],"collection":[{"href":"https:\/\/alfaomega.tv\/librarie\/wp-json\/wp\/v2\/product"}],"about":[{"href":"https:\/\/alfaomega.tv\/librarie\/wp-json\/wp\/v2\/types\/product"}],"wp:featuredmedia":[{"embeddable":true,"href":"https:\/\/alfaomega.tv\/librarie\/wp-json\/wp\/v2\/media\/7123"}],"wp:attachment":[{"href":"https:\/\/alfaomega.tv\/librarie\/wp-json\/wp\/v2\/media?parent=35517"}],"wp:term":[{"taxonomy":"product_brand","embeddable":true,"href":"https:\/\/alfaomega.tv\/librarie\/wp-json\/wp\/v2\/product_brand?post=35517"},{"taxonomy":"product_cat","embeddable":true,"href":"https:\/\/alfaomega.tv\/librarie\/wp-json\/wp\/v2\/product_cat?post=35517"},{"taxonomy":"product_tag","embeddable":true,"href":"https:\/\/alfaomega.tv\/librarie\/wp-json\/wp\/v2\/product_tag?post=35517"}],"curies":[{"name":"wp","href":"https:\/\/api.w.org\/{rel}","templated":true}]}}