{"id":35521,"date":"2025-08-29T12:57:11","date_gmt":"2025-08-29T12:57:11","guid":{"rendered":"https:\/\/alfaomega.tv\/librarie\/?post_type=product&#038;p=35521"},"modified":"2025-09-04T10:20:37","modified_gmt":"2025-09-04T10:20:37","slug":"invinge-rutina-de-fiecare-zi","status":"publish","type":"product","link":"https:\/\/alfaomega.tv\/librarie\/produse\/crestinul-si-societatea\/invinge-rutina-de-fiecare-zi\/","title":{"rendered":"\u00cenvinge rutina de fiecare zi"},"content":{"rendered":"<h2>E\u0219ti nemul\u021bumit \u0219i plictisit de via\u021ba cotidian\u0103? A\u0219tep\u021bi cu ner\u0103bdare weekendurile \u0219i alte zile speciale? Cum ar fi dac\u0103 fiecare zi s-ar defini prin ceva unic \u0219i special?<\/h2>\n<p>Biruin\u021ba la locul de munc\u0103<br \/>Lucrarea \u201eBiruin\u021ba la locul de munc\u0103\u201d s-a n\u0103scut \u00een 1993, cu scopul de a transforma vie\u021bi schimb\u00e2nd experien\u021ba oamenilor la locul lor de munc\u0103. Prin intermediul conferin\u021belor, al c\u0103r\u021bilor \u0219i al \u00eent\u00e2lnirilor speciale, mul\u021bi \u00eencep s\u0103-\u0219i vad\u0103 slujba \u00eentr-o nou\u0103 lumin\u0103. Seminariile se def\u0103\u0219oar\u0103 \u00een companii, s\u0103li univesitare, \u0219coli biblice, sau biserici. \u00cenv\u0103\u021b\u0103turile sunt foarte apreciate, iar uneori schimb\u0103 vie\u021bi.<br \/>\u00cen 1993 am \u00eenceput lucrarea \u00een America. Din 1995 ne-am extins activitatea \u00een \u021b\u0103ri foste comuniste din Estul Europei precum Bielorusia, Ucraina, Rusia, Lituania, Polonia \u0219i Republica Ceh\u0103.<br \/>Nate \u0219i so\u021bia lui, Chris, au p\u0103storit biserica \u201eLiving Word Church\u201d din Redwood Falls, Minnesota, timp de peste 30 de ani. \u00cenainte de aceast\u0103 etap\u0103, Nate petrecuse c\u00e2\u021biva ani \u00een lumea afacerilor. Au doi copii, Amy \u0219i Corey. Amy este c\u0103s\u0103torit\u0103 \u0219i lucreaz\u0103 \u00een domeniul contabilit\u0103\u021bii la corpora\u021bia Well Fargo. La r\u00e2ndul lui, \u0219i Corey e c\u0103s\u0103torit \u0219i lucreaz\u0103 ca analist financiar la IBM.<\/p>\n<p>\u00a0<\/p>\n<p>Nate Belkstrom<br \/>Absolvent a Christ for the Nations Bible College, autor \u015fi conferen\u0163iar pe tema biruin\u0163ei la locul de munc\u0103, Nate Belkstrom str\u0103bate America \u015fi Europa de est din 1995 pentru a duce acest mesaj tuturor.<\/p>\n<p>\u00a0<\/p>\n<p>Numar de pagini: 75<\/p>\n","protected":false},"excerpt":{"rendered":"<p>Lucrarea \u201eBiruin\u021ba la locul de munc\u0103\u201d s-a n\u0103scut \u00een 1993, cu scopul de a transforma vie\u021bi schimb\u00e2nd experien\u021ba oamenilor la locul lor de munc\u0103. Prin intermediul conferin\u021belor, al c\u0103r\u021bilor \u0219i al \u00eent\u00e2lnirilor speciale, mul\u021bi \u00eencep s\u0103-\u0219i vad\u0103 slujba \u00eentr-o nou\u0103 lumin\u0103.<\/p>\n","protected":false},"featured_media":7135,"template":"","meta":{"_acf_changed":false},"product_brand":[],"product_cat":[30],"product_tag":[],"class_list":{"0":"post-35521","1":"product","2":"type-product","3":"status-publish","4":"has-post-thumbnail","6":"product_cat-crestinul-si-societatea","7":"pa_autori-nate-belkstrom","8":"pa_format-carte-tiparita","9":"pa_format-carte-electronica","11":"first","12":"instock","13":"shipping-taxable","14":"purchasable","15":"product-type-variable"},"acf":[],"_links":{"self":[{"href":"https:\/\/alfaomega.tv\/librarie\/wp-json\/wp\/v2\/product\/35521","targetHints":{"allow":["GET"]}}],"collection":[{"href":"https:\/\/alfaomega.tv\/librarie\/wp-json\/wp\/v2\/product"}],"about":[{"href":"https:\/\/alfaomega.tv\/librarie\/wp-json\/wp\/v2\/types\/product"}],"wp:featuredmedia":[{"embeddable":true,"href":"https:\/\/alfaomega.tv\/librarie\/wp-json\/wp\/v2\/media\/7135"}],"wp:attachment":[{"href":"https:\/\/alfaomega.tv\/librarie\/wp-json\/wp\/v2\/media?parent=35521"}],"wp:term":[{"taxonomy":"product_brand","embeddable":true,"href":"https:\/\/alfaomega.tv\/librarie\/wp-json\/wp\/v2\/product_brand?post=35521"},{"taxonomy":"product_cat","embeddable":true,"href":"https:\/\/alfaomega.tv\/librarie\/wp-json\/wp\/v2\/product_cat?post=35521"},{"taxonomy":"product_tag","embeddable":true,"href":"https:\/\/alfaomega.tv\/librarie\/wp-json\/wp\/v2\/product_tag?post=35521"}],"curies":[{"name":"wp","href":"https:\/\/api.w.org\/{rel}","templated":true}]}}