{"id":35523,"date":"2025-08-29T12:57:11","date_gmt":"2025-08-29T12:57:11","guid":{"rendered":"https:\/\/alfaomega.tv\/librarie\/?post_type=product&#038;p=35523"},"modified":"2025-09-01T13:21:47","modified_gmt":"2025-09-01T13:21:47","slug":"eliberat-pe-deplin","status":"publish","type":"product","link":"https:\/\/alfaomega.tv\/librarie\/produse\/restaurare-vindecare-eliberare\/eliberat-pe-deplin\/","title":{"rendered":"Eliberat pe deplin"},"content":{"rendered":"<p><span style=\"font-family: 'Times New Roman', serif\"><span style=\"font-size: medium\">Cartea de fa\u021b\u0103 este o prezentare a dimensiunii eliber\u0103rii ca experien\u021b\u0103 integrant\u0103 m\u00e2ntuirii prin Domnul Isus, c\u00e2t \u0219i a unui mod de via\u021b\u0103 \u00een care eliberarea se dovede\u0219te a fi \u00eengem\u0103nat\u0103 vie\u021bii din bel\u0219ug promis\u0103 \u0219i oferit\u0103 prin credin\u021b\u0103. Perspectiva asupra acestei teme ne este prezentat\u0103 din punctul de vedere al unui om al lui Dumnezeu care a experimentat \u0219i slujit \u00een aceast\u0103 arie at\u00e2t de provocatoare, de actual\u0103 \u0219i de important\u0103 devenirii noastre \u00een asem\u0103narea Celui care atunci c\u00e2nd ne elibereaz\u0103 suntem cu adev\u0103rat liberi.<\/span><\/span><\/p>\n<p><span style=\"font-family: 'Times New Roman', serif\"><span style=\"font-size: medium\">\u00cen desf\u0103\u0219urarea temei putem \u00een\u021belege aspecte legate de: singurul Nume \u00een care \u0219i prin care eliberarea este posibil\u0103, importan\u021ba rug\u0103ciunii \u0219i postului \u00een procesul eliber\u0103rii, eliberarea ca slujire manifestat\u0103 prin cei care cred, dependen\u021ba de Duhul Sf\u00e2nt \u00een aceast\u0103 slujire, disponibilitatea schimb\u0103rii de mentalitate pentru a experimenta acest gen de lucr\u0103ri specifice \u00cemp\u0103r\u0103\u021biei lui Dumnezeu, dimensiunea biruin\u021bei ca expresie de drept \u0219i de fapt a vie\u021bii cre\u0219tine.<\/span><\/span><\/p>\n<\/p>\n<p>Numar de pagini: 143<\/p>\n","protected":false},"excerpt":{"rendered":"<p>\u00cen desf\u0103\u0219urarea temei putem \u00een\u021belege aspecte legate de: singurul Nume \u00een care \u0219i prin care eliberarea este posibil\u0103, importan\u021ba rug\u0103ciunii \u0219i postului \u00een procesul eliber\u0103rii, eliberarea ca slujire manifestat\u0103 prin cei care cred, dependen\u021ba de Duhul Sf\u00e2nt \u00een aceast\u0103 slujire, disponibilitatea schimb\u0103rii de mentalitate pentru a experimenta acest gen de lucr\u0103ri specifice \u00cemp\u0103r\u0103\u021biei lui Dumnezeu, dimensiunea biruin\u021bei ca expresie de drept \u0219i de fapt a vie\u021bii cre\u0219tine.<\/p>\n","protected":false},"featured_media":7137,"template":"","meta":{"_acf_changed":false},"product_brand":[],"product_cat":[25],"product_tag":[],"class_list":{"0":"post-35523","1":"product","2":"type-product","3":"status-publish","4":"has-post-thumbnail","6":"product_cat-restaurare-vindecare-eliberare","7":"pa_autori-daniel-n-matei","8":"pa_format-carte-tiparita","9":"pa_format-carte-electronica","11":"first","12":"instock","13":"shipping-taxable","14":"purchasable","15":"product-type-variable"},"acf":[],"_links":{"self":[{"href":"https:\/\/alfaomega.tv\/librarie\/wp-json\/wp\/v2\/product\/35523","targetHints":{"allow":["GET"]}}],"collection":[{"href":"https:\/\/alfaomega.tv\/librarie\/wp-json\/wp\/v2\/product"}],"about":[{"href":"https:\/\/alfaomega.tv\/librarie\/wp-json\/wp\/v2\/types\/product"}],"wp:featuredmedia":[{"embeddable":true,"href":"https:\/\/alfaomega.tv\/librarie\/wp-json\/wp\/v2\/media\/7137"}],"wp:attachment":[{"href":"https:\/\/alfaomega.tv\/librarie\/wp-json\/wp\/v2\/media?parent=35523"}],"wp:term":[{"taxonomy":"product_brand","embeddable":true,"href":"https:\/\/alfaomega.tv\/librarie\/wp-json\/wp\/v2\/product_brand?post=35523"},{"taxonomy":"product_cat","embeddable":true,"href":"https:\/\/alfaomega.tv\/librarie\/wp-json\/wp\/v2\/product_cat?post=35523"},{"taxonomy":"product_tag","embeddable":true,"href":"https:\/\/alfaomega.tv\/librarie\/wp-json\/wp\/v2\/product_tag?post=35523"}],"curies":[{"name":"wp","href":"https:\/\/api.w.org\/{rel}","templated":true}]}}