{"id":35525,"date":"2025-08-29T12:57:12","date_gmt":"2025-08-29T12:57:12","guid":{"rendered":"https:\/\/alfaomega.tv\/librarie\/?post_type=product&#038;p=35525"},"modified":"2025-09-03T12:09:47","modified_gmt":"2025-09-03T12:09:47","slug":"cand-crucea-a-devenit-o-sabie","status":"publish","type":"product","link":"https:\/\/alfaomega.tv\/librarie\/produse\/intelegerea-vremurilor-israel\/cand-crucea-a-devenit-o-sabie\/","title":{"rendered":"C\u00e2nd Crucea a devenit o Sabie"},"content":{"rendered":"<p class=\"p1\">Ai asupra ta informa\u021bii \u0219ocante, omise \u00een majoritatea c\u0103r\u021bilor cre\u0219tine de istorie. Volumul de fa\u021b\u0103 examineaz\u0103 rolul tragic pe care l-au jucat cre\u0219tinii \u00een persecu\u021bia evreilor de-a lungul secolelor. Majoritatea credincio\u0219ilor nu au habar despre pata s\u00e2ngeroas\u0103 din trecutul bisericii.<\/p>\n<p class=\"p1\">Cum \u0219i de ce a persecutat biserica poporul evreu cu o ur\u0103 demonic\u0103, \u00een Numele lui Hristos? Lucrarea esen\u021bial\u0103 a lui Merrill Bolender r\u0103spunde la aceast\u0103 \u00eentrebare, \u00eentemeindu-se pe documente istorice, despre care e pu\u021bin probabil ca cititorii s\u0103 afle de la amvon sau \u00een cadrul vreunui seminar obi\u0219nuit.<\/p>\n<p class=\"p1\">Merrill identific\u0103 eroarea teologic\u0103 a teologiei \u00eenlocuirii \u0219i demonsteaz\u0103 rolul-cheie jucat de \u00eenv\u0103\u021b\u0103tura neconform\u0103 cu Biblia \u00een m\u0103cel\u0103rirea unui num\u0103r colosal de evrei \u00een timpul cruciadelor, inchizi\u021biilor, pogromurilor, \u0219i chiar al Holocaustului. Crucea \u2013 simbolul iubirii lui Dumnezeu \u2013 a devenit, literal, o sabie.<\/p>\n<p class=\"p1\">Biserica trebuie s\u0103 con\u0219tientizeze rolul profetic al poporului evreu \u00een desf\u0103\u0219urarea \u021belului de r\u0103scump\u0103rare pe care Domnul \u00eel are \u00een aceste zile din urm\u0103. Trupul lui Hristos trebuie s\u0103 cunoasc\u0103, s\u0103 \u00een\u021beleag\u0103 \u0219i s\u0103 aplice corect versetele privind leg\u0103m\u00e2ntul lui Dumnezeu cu Israel, deoarece El are planuri precise cu \u021aara Promis\u0103 \u0219i cu poporul ales.<\/p>\n<p class=\"p1\">\u00ce\u0219i va \u00eempietri Biserica inima, repet\u00e2nd acelea\u0219i gre\u0219eli din trecut, sau va \u00eenv\u0103\u021ba din gre\u0219eli, recunosc\u00e2ndu-\u0219i p\u0103catele \u0219i poc\u0103indu-se? Doar prin poc\u0103in\u021b\u0103 va experimenta vindecarea, restaurarea \u0219i reconcilierea pe care Dumnezeu le dore\u0219te at\u00e2t pentru Israel, c\u00e2t \u0219i pentru biseric\u0103.<\/p>\n<h3 class=\"p1\">Despre autor<\/h3>\n<p class=\"p2\">Merrill Bolender \u0219i so\u021bia sa, Donna, au trecuturi obi\u0219nuite \u0219i chem\u0103ri incontestabile. Au tr\u0103it \u0219i au lucrat \u00een Israel aproximativ trei ani \u00een jurul anilor \u201880. Lucreaz\u0103 \u0219i slujesc \u00eempreun\u0103 cu Ebenezer Operation Exodus din 2004. Organiza\u021bia, fondat\u0103 \u00een 1991, e o unealt\u0103 a Domnului, ajut\u00e2nd 133.000 de evrei s\u0103 se \u00eentoarc\u0103 \u00een Israel cu vaporul sau cu avionul, \u00eemplinind astfel profe\u021biile biblice.<\/p>\n<p>Num\u0103r de pagini: 86<\/p>\n","protected":false},"excerpt":{"rendered":"<p>\u00ce\u0219i va \u00eempietri Biserica inima, repet\u00e2nd acelea\u0219i gre\u0219eli din trecut, sau va \u00eenv\u0103\u021ba din gre\u0219eli, recunosc\u00e2ndu-\u0219i p\u0103catele \u0219i poc\u0103indu-se? Doar prin poc\u0103in\u021b\u0103 va experimenta vindecarea, restaurarea \u0219i reconcilierea pe care Dumnezeu le dore\u0219te at\u00e2t pentru Israel, c\u00e2t \u0219i pentru biseric\u0103.<\/p>\n","protected":false},"featured_media":7139,"template":"","meta":{"_acf_changed":false},"product_brand":[],"product_cat":[24],"product_tag":[],"class_list":{"0":"post-35525","1":"product","2":"type-product","3":"status-publish","4":"has-post-thumbnail","6":"product_cat-intelegerea-vremurilor-israel","7":"pa_autori-merrill-bolender","8":"pa_format-carte-tiparita","9":"pa_format-carte-electronica","11":"first","12":"instock","13":"shipping-taxable","14":"purchasable","15":"product-type-variable"},"acf":[],"_links":{"self":[{"href":"https:\/\/alfaomega.tv\/librarie\/wp-json\/wp\/v2\/product\/35525","targetHints":{"allow":["GET"]}}],"collection":[{"href":"https:\/\/alfaomega.tv\/librarie\/wp-json\/wp\/v2\/product"}],"about":[{"href":"https:\/\/alfaomega.tv\/librarie\/wp-json\/wp\/v2\/types\/product"}],"wp:featuredmedia":[{"embeddable":true,"href":"https:\/\/alfaomega.tv\/librarie\/wp-json\/wp\/v2\/media\/7139"}],"wp:attachment":[{"href":"https:\/\/alfaomega.tv\/librarie\/wp-json\/wp\/v2\/media?parent=35525"}],"wp:term":[{"taxonomy":"product_brand","embeddable":true,"href":"https:\/\/alfaomega.tv\/librarie\/wp-json\/wp\/v2\/product_brand?post=35525"},{"taxonomy":"product_cat","embeddable":true,"href":"https:\/\/alfaomega.tv\/librarie\/wp-json\/wp\/v2\/product_cat?post=35525"},{"taxonomy":"product_tag","embeddable":true,"href":"https:\/\/alfaomega.tv\/librarie\/wp-json\/wp\/v2\/product_tag?post=35525"}],"curies":[{"name":"wp","href":"https:\/\/api.w.org\/{rel}","templated":true}]}}