{"id":35531,"date":"2025-08-29T12:57:22","date_gmt":"2025-08-29T12:57:22","guid":{"rendered":"https:\/\/alfaomega.tv\/librarie\/?post_type=product&#038;p=35531"},"modified":"2025-11-20T07:36:11","modified_gmt":"2025-11-20T07:36:11","slug":"de-ce-israel-2","status":"publish","type":"product","link":"https:\/\/alfaomega.tv\/librarie\/produse\/derek-prince\/de-ce-israel-2\/","title":{"rendered":"De ce Israel?"},"content":{"rendered":"<p>Cre\u0219tinii, datorit\u0103 evreilor, au putut beneficia de patriarhi, profe\u021bi, apostoli, Biblie \u0219i M\u00e2ntuitor. Noi avem o mare responsabilitate prin atitudini, comportament, vorbire \u0219i ac\u021biuni de a tr\u0103i \u00een ascultare de Cuv\u00e2ntul lui Dumnezeu, care spune: \u201eVoi binecuv\u00e2nta pe cei ce te vor binecuv\u00e2nta \u0219i voi blestema pe cei ce te vor blestema.\u201d Cre\u0219tinii pot fi o mare binecuv\u00e2ntare pentru poporul Israel prin mijlocirea pe care o \u00eenal\u021b\u0103 \u00een favoarea lui. \u00cen aceast\u0103 carte, autorul ne \u00eenva\u021b\u0103 cum s\u0103 ne rug\u0103m pentru Israel av\u00e2nd la baz\u0103 promisiunile \u0219i profe\u021biile lui Dumnezeu, a\u0219a cum le g\u0103sim \u00een Sfintele Scripturi.<\/p>\n<p><strong>CUPRINS:<\/strong><\/p>\n<p>Introducere<br \/>1. Poporul Israel<br \/>2. \u0162ara Israel<br \/>3. Abordarea corect\u0103 \u00een rug\u0103ciune<br \/>4. Rug\u0103ciuni specifice pentru Israel<br \/>5. Un nivel mai \u00eenalt<\/p>\n<\/p>\n<p>70 pagini<\/p>\n","protected":false},"excerpt":{"rendered":"<p>\u00cen aceast\u0103 carte, autorul ne \u00eenva\u021b\u0103 cum s\u0103 ne rug\u0103m pentru Israel av\u00e2nd la baz\u0103 promisiunile \u0219i profe\u021biile lui Dumnezeu, a\u0219a cum le g\u0103sim \u00een Sfintele Scripturi.<\/p>\n","protected":false},"featured_media":7145,"template":"","meta":{"_acf_changed":false},"product_brand":[],"product_cat":[42],"product_tag":[],"class_list":{"0":"post-35531","1":"product","2":"type-product","3":"status-publish","4":"has-post-thumbnail","6":"product_cat-derek-prince","7":"pa_autori-derek-prince","8":"pa_format-carte-tiparita","10":"first","11":"outofstock","12":"shipping-taxable","13":"purchasable","14":"product-type-variable","15":"has-default-attributes"},"acf":[],"_links":{"self":[{"href":"https:\/\/alfaomega.tv\/librarie\/wp-json\/wp\/v2\/product\/35531","targetHints":{"allow":["GET"]}}],"collection":[{"href":"https:\/\/alfaomega.tv\/librarie\/wp-json\/wp\/v2\/product"}],"about":[{"href":"https:\/\/alfaomega.tv\/librarie\/wp-json\/wp\/v2\/types\/product"}],"wp:featuredmedia":[{"embeddable":true,"href":"https:\/\/alfaomega.tv\/librarie\/wp-json\/wp\/v2\/media\/7145"}],"wp:attachment":[{"href":"https:\/\/alfaomega.tv\/librarie\/wp-json\/wp\/v2\/media?parent=35531"}],"wp:term":[{"taxonomy":"product_brand","embeddable":true,"href":"https:\/\/alfaomega.tv\/librarie\/wp-json\/wp\/v2\/product_brand?post=35531"},{"taxonomy":"product_cat","embeddable":true,"href":"https:\/\/alfaomega.tv\/librarie\/wp-json\/wp\/v2\/product_cat?post=35531"},{"taxonomy":"product_tag","embeddable":true,"href":"https:\/\/alfaomega.tv\/librarie\/wp-json\/wp\/v2\/product_tag?post=35531"}],"curies":[{"name":"wp","href":"https:\/\/api.w.org\/{rel}","templated":true}]}}