{"id":35533,"date":"2025-08-29T12:57:22","date_gmt":"2025-08-29T12:57:22","guid":{"rendered":"https:\/\/alfaomega.tv\/librarie\/?post_type=product&#038;p=35533"},"modified":"2025-09-04T10:36:15","modified_gmt":"2025-09-04T10:36:15","slug":"arta-mentorarii","status":"publish","type":"product","link":"https:\/\/alfaomega.tv\/librarie\/produse\/lauda-si-inchinare\/arta-mentorarii\/","title":{"rendered":"Arta mentor\u0103rii"},"content":{"rendered":"<h2>\u00cembr\u0103\u0163i\u015f\u00e2nd marea tranzi\u021bie dintre genera\u0163ii<\/h2>\n<p>\u201eLideri de nivelul lui Darlene Zschech se investesc \u00een folosul altora. Aceast\u0103 carte are un mesaj puternic \u0219i este plin\u0103 de idei valoroase \u0219i practice.\u201d<br \/>John C. Maxwell &#8211; Autor, vorbitor \u0219i fondator The John Maxwell Company<br \/>\u201eDarlene Zschech este una dintre cei mai extraordinari mentori pe care \u00eei cunosc. Ea continu\u0103 s\u0103 ridice \u0219i s\u0103 lase \u00een urma ei unii dintre cei mai influen\u021bi, inspira\u021bi \u0219i plini de imagina\u021bie lideri de pe fa\u021ba p\u0103m\u00e2ntului.\u201d<br \/>Louie Giglio &#8211; The Passion Movement \/ Passion City Church <\/p>\n<h3>L\u0102S\u00c2ND O  MO\u0218TENIRE VIE<\/h3>\n<p>\u00centotdeauna a existat tensiunea dintre genera\u021biile tinere \u0219i cele \u00een v\u00e2rst\u0103 \u2013 mai ales \u00een Biseric\u0103. Ne-am luptat ani de zile cu aceast\u0103 tensiune, permi\u021b\u00e2nd \u00eentre noi resentimente \u0219i schilodind pe cei care se aflau de ambele p\u0103r\u021bi. Opunem rezisten\u021b\u0103 g\u00e2ndului c\u0103 liderii emergen\u021bi \u0219i consacra\u021bi pot \u0219i trebuie s\u0103 lucreze \u00eempreun\u0103. <br \/>\u00cens\u0103 zilele \u00een care tr\u0103im sunt critice \u0219i Biserica are nevoie de lideri cu inim\u0103 mare, care de dragul altora s\u0103 fie gata s\u0103 p\u0103\u0219easc\u0103 dincolo de propriile lupte \u0219i provoc\u0103ri emo\u021bionale. Este nevoie de lideri rela\u021bionali, care dau dovad\u0103 de pasiune, gata pentru a mentora \u0219i a fi mentora\u021bi pentru a l\u0103sa o mo\u0219tenire vie \u0219i \u00eenfloritoare genera\u021biei viitoare. <br \/>Poate fi f\u0103cut acest lucru? Cu siguran\u021b\u0103 &#8211; \u0219i poate \u00eencepe cu tine. C\u0103l\u0103tore\u0219te spre inima \u00eenchin\u0103rii ca s\u0103 vezi cum genera\u021bii de lideri au un impact radical \u00een \u00eemp\u0103r\u0103\u021bie \u00een modalit\u0103\u021bi pe care nu le vei experimenta niciodat\u0103 singur.<\/p>\n<p>Darlene Zschech \u0219i so\u021bul ei, Mark , sunt co-pastori la Biserica Hope Unlimited \u00een afara ora\u0219ului Sydney, Australia. Aclamat\u0103 peste tot \u00een lume ca \u0219i solist vocal, compozitor, lider de \u00eenchinare, autor \u0219i vorbitor, Darlene continu\u0103 s\u0103 fie implicat\u0103 \u00een slujirea muzical\u0103 de la Biserica Hillsong unde a slujit mul\u021bi ani ca lider de \u00eenchinare.<\/p>\n<\/p>\n<p>Numar de pagini: 192<\/p>\n","protected":false},"excerpt":{"rendered":"<p>\u00cens\u0103 zilele \u00een care tr\u0103im sunt critice \u0219i Biserica are nevoie de lideri cu inim\u0103 mare, care de dragul altora s\u0103 fie gata s\u0103 p\u0103\u0219easc\u0103 dincolo de propriile lupte \u0219i provoc\u0103ri emo\u021bionale. Este nevoie de lideri rela\u021bionali, care dau dovad\u0103 de pasiune, gata pentru a mentora \u0219i a fi mentora\u021bi pentru a l\u0103sa o mo\u0219tenire vie \u0219i \u00eenfloritoare genera\u021biei viitoare.<\/p>\n","protected":false},"featured_media":7147,"template":"","meta":{"_acf_changed":false},"product_brand":[],"product_cat":[20],"product_tag":[],"class_list":{"0":"post-35533","1":"product","2":"type-product","3":"status-publish","4":"has-post-thumbnail","6":"product_cat-lauda-si-inchinare","7":"pa_autori-darlene-zschech","8":"pa_format-carte-tiparita","9":"pa_format-carte-electronica","11":"first","12":"instock","13":"shipping-taxable","14":"purchasable","15":"product-type-variable"},"acf":[],"_links":{"self":[{"href":"https:\/\/alfaomega.tv\/librarie\/wp-json\/wp\/v2\/product\/35533","targetHints":{"allow":["GET"]}}],"collection":[{"href":"https:\/\/alfaomega.tv\/librarie\/wp-json\/wp\/v2\/product"}],"about":[{"href":"https:\/\/alfaomega.tv\/librarie\/wp-json\/wp\/v2\/types\/product"}],"wp:featuredmedia":[{"embeddable":true,"href":"https:\/\/alfaomega.tv\/librarie\/wp-json\/wp\/v2\/media\/7147"}],"wp:attachment":[{"href":"https:\/\/alfaomega.tv\/librarie\/wp-json\/wp\/v2\/media?parent=35533"}],"wp:term":[{"taxonomy":"product_brand","embeddable":true,"href":"https:\/\/alfaomega.tv\/librarie\/wp-json\/wp\/v2\/product_brand?post=35533"},{"taxonomy":"product_cat","embeddable":true,"href":"https:\/\/alfaomega.tv\/librarie\/wp-json\/wp\/v2\/product_cat?post=35533"},{"taxonomy":"product_tag","embeddable":true,"href":"https:\/\/alfaomega.tv\/librarie\/wp-json\/wp\/v2\/product_tag?post=35533"}],"curies":[{"name":"wp","href":"https:\/\/api.w.org\/{rel}","templated":true}]}}