{"id":35535,"date":"2025-08-29T12:57:22","date_gmt":"2025-08-29T12:57:22","guid":{"rendered":"https:\/\/alfaomega.tv\/librarie\/?post_type=product&#038;p=35535"},"modified":"2025-09-02T09:46:08","modified_gmt":"2025-09-02T09:46:08","slug":"ascultarea-vocii-lui-dumnezeu-astazi","status":"publish","type":"product","link":"https:\/\/alfaomega.tv\/librarie\/produse\/identitate-crestere-spirituala-revelatie\/ascultarea-vocii-lui-dumnezeu-astazi\/","title":{"rendered":"Ascultarea vocii lui Dumnezeu ast\u0103zi"},"content":{"rendered":"<h2>A-L auzi pe Dumnezeu e o aventur\u0103. <br \/>Descoper-o! <\/h2>\n<p>Dumnezeu t\u00e2nje\u0219te s\u0103 aib\u0103 o rela\u021bie mai profund\u0103 \u0219i mai intim\u0103 cu tine. C\u00e2nd ne rug\u0103m, El ascult\u0103. Dar ascul\u021bi tu r\u0103spunsul pe care \u021bi-l d\u0103? Ar trebui. A-L auzi pe Dumnezeu este un privilegiu \u0219i o bucurie, disponibile pentru fiecare copil al Lui.<\/p>\n<p>Ce \u00eenseamn\u0103 s\u0103 \u00cel ascul\u021bi pe Dumnezeu?  Cum deosebim vocea Lui?<\/p>\n<p>James Goll \u00eemp\u0103rt\u0103\u0219e\u0219te principii biblice despre rug\u0103ciune \u0219i \u00ee\u021bi demonstreaz\u0103 cum po\u021bi tr\u0103i av\u00e2nd o inim\u0103 care a\u0219teapt\u0103 s\u0103 \u00cel aud\u0103 pe Dumnezeu. Con\u021bin\u00e2nd instrumente practice \u0219i \u00eent\u00e2mpl\u0103ri din via\u021ba cotidian\u0103, cartea de fa\u021b\u0103 te va echipa \u0219i te va inspira:<\/p>\n<p>&#8211; s\u0103 te apropii mai mult de Dumnezeu<br \/>&#8211; s\u0103 crezi c\u0103 vrea s\u0103 \u00ce\u021bi vorbeasc\u0103<br \/>&#8211; s\u0103 \u00cei recuno\u0219ti glasul<br \/>&#8211; s\u0103 dep\u0103\u0219e\u0219ti obstacolele care te \u00eempiedic\u0103 s\u0103 \u00cel auzi<br \/>&#8211; s\u0103 nu te la\u0219i indus \u00een eroare de cuvinte care nu sunt ale Lui<\/p>\n<h3>Te po\u021bi \u00eenscrie azi \u00een \u0218coala Duhului Sf\u00e2nt,  \u0219i vei avea cursuri \u00een fiecare zi!<\/h3>\n<p>\u201eVolumul simplu, biblic \u0219i practic \u00ee\u021bi va revolu\u021biona umblarea cu Dumnezeu.\u201d &#8211; SID ROTH, prezentatorul emisiunii E supranatural!<br \/>\u201eVei \u00eenv\u0103\u021ba din cartea lui James \u0219i vei fi binecuv\u00e2ntat prin ea.\u201d &#8211; DR. RANDY CLARK, supervizor al Apostolic Network of Global Awakening, \u0219i autor al The Healing Breaktrough<br \/>\u201eDac\u0103 vrei s\u0103 fii mai sigur c\u0103 Dumnezeu \u00ee\u021bi vorbe\u0219te, volumul te va ajuta, oferindu-i inimii tale un plus de \u00eencredere.\u201d &#8211; JENNIFER LECLAIRE, editor senior al revistei Charisma Magazine, autoare a The Making of a Prophet \u0219i directoare a Awakening House of Prayer<\/p>\n<p>Dr. James W. Goll e pre\u0219edintele Encounters Network, director interna\u021bional al Prayer Storm \u0219i fondatorul God Encounters Training. Autor a peste 30 de c\u0103r\u021bi, James a \u00eemp\u0103rt\u0103\u0219it dragostea lui Isus \u00een mai mult de 50 de \u021b\u0103ri, vorbind despre puterea mijlocirii, despre lucrarea profetic\u0103 \u0219i despre via\u021ba \u00een Duhul Sf\u00e2nt. Tr\u0103ie\u0219te \u00een Franklin, Tennessee.<\/p>\n<\/p>\n<p>Numar de pagini: 173<\/p>\n","protected":false},"excerpt":{"rendered":"<p>Dumnezeu t\u00e2nje\u0219te s\u0103 aib\u0103 o rela\u021bie mai profund\u0103 \u0219i mai intim\u0103 cu tine. C\u00e2nd ne rug\u0103m, El ascult\u0103. Dar ascul\u021bi tu r\u0103spunsul pe care \u021bi-l d\u0103? Ar trebui. A-L auzi pe Dumnezeu este un privilegiu \u0219i o bucurie, disponibile pentru fiecare copil al Lui.<\/p>\n","protected":false},"featured_media":7149,"template":"","meta":{"_acf_changed":false},"product_brand":[],"product_cat":[21],"product_tag":[],"class_list":{"0":"post-35535","1":"product","2":"type-product","3":"status-publish","4":"has-post-thumbnail","6":"product_cat-identitate-crestere-spirituala-revelatie","7":"pa_autori-james-w-goll","8":"pa_format-carte-tiparita","10":"first","11":"instock","12":"shipping-taxable","13":"purchasable","14":"product-type-variable","15":"has-default-attributes"},"acf":[],"_links":{"self":[{"href":"https:\/\/alfaomega.tv\/librarie\/wp-json\/wp\/v2\/product\/35535","targetHints":{"allow":["GET"]}}],"collection":[{"href":"https:\/\/alfaomega.tv\/librarie\/wp-json\/wp\/v2\/product"}],"about":[{"href":"https:\/\/alfaomega.tv\/librarie\/wp-json\/wp\/v2\/types\/product"}],"wp:featuredmedia":[{"embeddable":true,"href":"https:\/\/alfaomega.tv\/librarie\/wp-json\/wp\/v2\/media\/7149"}],"wp:attachment":[{"href":"https:\/\/alfaomega.tv\/librarie\/wp-json\/wp\/v2\/media?parent=35535"}],"wp:term":[{"taxonomy":"product_brand","embeddable":true,"href":"https:\/\/alfaomega.tv\/librarie\/wp-json\/wp\/v2\/product_brand?post=35535"},{"taxonomy":"product_cat","embeddable":true,"href":"https:\/\/alfaomega.tv\/librarie\/wp-json\/wp\/v2\/product_cat?post=35535"},{"taxonomy":"product_tag","embeddable":true,"href":"https:\/\/alfaomega.tv\/librarie\/wp-json\/wp\/v2\/product_tag?post=35535"}],"curies":[{"name":"wp","href":"https:\/\/api.w.org\/{rel}","templated":true}]}}