{"id":35543,"date":"2025-08-29T12:57:23","date_gmt":"2025-08-29T12:57:23","guid":{"rendered":"https:\/\/alfaomega.tv\/librarie\/?post_type=product&#038;p=35543"},"modified":"2025-12-17T11:08:37","modified_gmt":"2025-12-17T11:08:37","slug":"discernamant-spiritual","status":"publish","type":"product","link":"https:\/\/alfaomega.tv\/librarie\/produse\/identitate-crestere-spirituala-revelatie\/discernamant-spiritual\/","title":{"rendered":"Discern\u0103m\u00e2nt spiritual"},"content":{"rendered":"<p>Ghidul esen\u021bial pentru auzirea vocii lui Dumnezeu<\/p>\n<p>PO\u021aI AVEA AVANTAJUL STRATEGIC  \u00ceN FIECARE LUPT\u0102 SPIRITUAL\u0102!<\/p>\n<p>Tr\u0103im vremuri critice \u0219i e necesar ca fiecare credincios s\u0103 discearn\u0103 vocea c\u0103l\u0103uzitoare a Duhului Sf\u00e2nt. El vrea s\u0103 te ajute s\u0103 umbli prin c\u0103l\u0103uzire profetic\u0103 \u00een planurile Sale bune \u2013 El te avertizeaz\u0103 cu privire la schemele ascunse ale \u00eentunericului.<br \/> Av\u00e2nd o expertiz\u0103 n\u0103scut\u0103 din experien\u021b\u0103 personal\u0103 \u0219i perspectiv\u0103 biblic\u0103, Jane Hamon, lider\u0103 profetic\u0103, p\u0103trunde ad\u00e2nc, biblic \u0219i practic, \u00een acest dar al Duhului Sf\u00e2nt. Ea te va ajuta s\u0103-\u021bi tr\u0103ie\u0219ti via\u021ba \u00een mod victorios, pe m\u0103sur\u0103 ce vei \u00eenv\u0103\u021ba:<\/p>\n<p>\u2022 s\u0103 discerni prezen\u021ba lui Dumnezeu<br \/> \u2022 s\u0103 discerni vremurile<br \/> \u2022 s\u0103 discerni \u00eengerii \u0219i demonii<br \/> \u2022 s\u0103 discerni motivele ascunse \u00een ceilal\u021bi<br \/> \u2022 s\u0103 discerni cum s\u0103 te rogi mai eficient<br \/> \u2022 s\u0103 discerni care e urm\u0103toarea ac\u021biune<br \/>precum \u0219i multe altele!<\/p>\n<p>Dumnezeu \u00ee\u021bi vorbe\u0219te. \u00cenva\u021b\u0103 s\u0103 func\u021bionezi \u00eentr-o mai mare autoritate spiritual\u0103 \u0219i s\u0103 umbli \u00een \u00een\u021belepciune, ajut\u00e2nd la formarea \u00cemp\u0103r\u0103\u021biei lui Dumnezeu pe p\u0103m\u00e2nt.<\/p>\n<p>\u201eAceast\u0103 carte v\u0103 va schimba via\u021ba \u00een totalitate. Jane Hamon a scris o excelent\u0103 analiz\u0103 a acestui dar spiritual.\u201d<br \/>Dr. Cindy Jacobs, pre\u0219edint\u0103 \u0219i cofondatoare Generals International<\/p>\n<p>\u201ePu\u021bini oameni din Trupul lui Hristos au ast\u0103zi profunzimea \u00eenv\u0103\u021b\u0103turii biblice combinate cu o perspectiv\u0103 revelatoare, a\u0219a cum are Jane Hamon. Dac\u0103 vrei s\u0103 cre\u0219ti \u00een cunoa\u0219tere \u0219i \u00eenzestrare supranatural\u0103, atunci aceast\u0103 carte a fost scris\u0103 pentru tine!\u201d<br \/>Dr. James W. Goll, fondator la God Encounters Ministries \u0219i GOLL Ideation<\/p>\n<\/p>\n<p>Jane Hamon \u0219i so\u021bul ei, Tom, sunt lideri seniori la Vision Church, Christian International din Santa Rosa Beach, Florida. Jane, o \u00eenv\u0103\u021b\u0103toare \u0219i povestitoare \u00eenzestrat\u0103, a scris c\u00e2teva c\u0103r\u021bi, inclusiv Dreams and Visions, The Deborah Company \u0219i The Cyrus Decree. <br \/>Ea \u0219i so\u021bul ei au \u00eempreun\u0103 trei copii \u0219i un num\u0103r tot mai mare de nepo\u021bi. Locuiesc \u00een frumoasa zon\u0103 din Florida, Emerald Coast.<\/p>\n<\/p>\n<p>Numar de pagini: 252<\/p>\n","protected":false},"excerpt":{"rendered":"<p>Tr\u0103im vremuri critice \u0219i e necesar ca fiecare credincios s\u0103 discearn\u0103 vocea c\u0103l\u0103uzitoare a Duhului Sf\u00e2nt. El vrea s\u0103 te ajute s\u0103 umbli prin c\u0103l\u0103uzire profetic\u0103 \u00een planurile Sale bune \u2013 El te avertizeaz\u0103 cu privire la schemele ascunse ale \u00eentunericului.<\/p>\n","protected":false},"featured_media":7159,"template":"","meta":{"_acf_changed":false},"product_brand":[],"product_cat":[21],"product_tag":[],"class_list":{"0":"post-35543","1":"product","2":"type-product","3":"status-publish","4":"has-post-thumbnail","6":"product_cat-identitate-crestere-spirituala-revelatie","7":"pa_autori-jane-hamon","8":"pa_format-carte-tiparita","9":"pa_format-carte-electronica","11":"first","12":"instock","13":"shipping-taxable","14":"purchasable","15":"product-type-variable"},"acf":[],"_links":{"self":[{"href":"https:\/\/alfaomega.tv\/librarie\/wp-json\/wp\/v2\/product\/35543","targetHints":{"allow":["GET"]}}],"collection":[{"href":"https:\/\/alfaomega.tv\/librarie\/wp-json\/wp\/v2\/product"}],"about":[{"href":"https:\/\/alfaomega.tv\/librarie\/wp-json\/wp\/v2\/types\/product"}],"wp:featuredmedia":[{"embeddable":true,"href":"https:\/\/alfaomega.tv\/librarie\/wp-json\/wp\/v2\/media\/7159"}],"wp:attachment":[{"href":"https:\/\/alfaomega.tv\/librarie\/wp-json\/wp\/v2\/media?parent=35543"}],"wp:term":[{"taxonomy":"product_brand","embeddable":true,"href":"https:\/\/alfaomega.tv\/librarie\/wp-json\/wp\/v2\/product_brand?post=35543"},{"taxonomy":"product_cat","embeddable":true,"href":"https:\/\/alfaomega.tv\/librarie\/wp-json\/wp\/v2\/product_cat?post=35543"},{"taxonomy":"product_tag","embeddable":true,"href":"https:\/\/alfaomega.tv\/librarie\/wp-json\/wp\/v2\/product_tag?post=35543"}],"curies":[{"name":"wp","href":"https:\/\/api.w.org\/{rel}","templated":true}]}}