{"id":35545,"date":"2025-08-29T12:57:23","date_gmt":"2025-08-29T12:57:23","guid":{"rendered":"https:\/\/alfaomega.tv\/librarie\/?post_type=product&#038;p=35545"},"modified":"2025-09-01T13:14:14","modified_gmt":"2025-09-01T13:14:14","slug":"experimentand-supranaturalul","status":"publish","type":"product","link":"https:\/\/alfaomega.tv\/librarie\/produse\/slujind-trupul-lui-hristos\/experimentand-supranaturalul\/","title":{"rendered":"Experiment\u00e2nd supranaturalul"},"content":{"rendered":"<h3>EXPERIMENTEAZ\u0102 PREZEN\u021aA \u0218I PUTEREA LUI DUMNEZEU \u00ceN FIECARE ZI!<\/h3>\n<p>Dumnezeu nu Se supune legilor lumii naturale. El este, prin defini\u021bie, supranatural, \u0219i ne-a creat \u0219i pe noi dup\u0103 asem\u0103narea Sa. Anticiparea \u0219i experimentarea supranaturalului ar trebui s\u0103 fie un mod normal de via\u021b\u0103 \u0219i s\u0103 reprezinte o leg\u0103tur\u0103 normal\u0103 cu Dumnezeu, spune cunoscutul autor \u0219i rabin mesianic, K. A. Schneider. Prin aceast\u0103 carte, rabinul Schneider te ajut\u0103 s\u0103 descoperi numeroasele moduri prin care po\u021bi s\u0103 tr\u0103ie\u0219ti o via\u021b\u0103 supranatural\u0103 cu Dumnezeu, inclusiv s\u0103 descoperi cum:<br \/>\u2022 s\u0103-\u021bi ascul\u021bi intui\u021bia \u0219i s\u0103 ai \u00eencredere \u00een ea \u2022 s\u0103 recuno\u0219ti semnele pe care Dumnezeu le folose\u0219te pentru a te c\u0103l\u0103uzi \u2022 s\u0103 experimentezi miracole  \u2022 s\u0103 prime\u0219ti mesaje de la Dumnezeu prin vise \u0219i vedenii \u2022 s\u0103 sluje\u0219ti \u0219i s\u0103 prime\u0219ti vindecare \u0219i eliberare \u2022 \u0219i multe altele!<br \/>Dumnezeu este gata s\u0103 \u00ee\u021bi umple via\u021ba cu puterea \u0219i prezen\u021ba Sa supranatural\u0103. \u00cei permi\u021bi s\u0103 fac\u0103 acest lucru?<\/p>\n<p>\u201eAceast\u0103 carte \u00ee\u021bi va deschide ochii spirituali, ca s\u0103 fii supranatural \u00eentr-un mod natural!\u201d\u2013 SID ROTH, emisiune TV \u201eIt\u2019s Supernatural!\u201d<br \/>\u201eTrebuie s\u0103 cite\u0219ti aceast\u0103 carte dac\u0103 vrei s\u0103 cre\u0219ti \u00een rela\u021bia ta cu Domnul!\u201d \u2013 rabinul JONATHAN BERNIS, pre\u0219edinte \u0219i CEO, Jewish Voice Ministries International<br \/>\u201eWow! Ce relevant! Trebuie s\u0103 cite\u0219ti aceast\u0103 carte pentru a-\u021bi \u00eenv\u0103\u021ba sim\u021burile s\u0103 urmeze m\u0103rturia Duhului Sf\u00e2nt.\u201d \u2013 MARCUS D. LAMB, fondator\/pre\u0219edinte, Daystar Televison Network<br \/>\u201eDac\u0103 dore\u0219ti s\u0103 experimentezi un t\u0103r\u00e2m unde toate lucrurile sunt posibile, atunci cite\u0219te aceast\u0103 carte!\u201d \u2013 Preotul WAYNE JACKSON, fondator\/pre\u0219edinte, Impact Televison Network<br \/>\u201eAceast\u0103 carte \u00ee\u021bi va ad\u00e2nci rela\u021bia cu Dumnezeu.\u201d \u2013 JENTEZEN FRANKLIN, pastor senior, Free Chapel; cel mai bine v\u00e2ndut autor de la New York Times<br \/>Rabinul K. A. SCHNEIDER este un evreu care crede \u00een Isus \u0219i g\u0103zduie\u0219te emisiunea \u201eDescovering the Jewish Jesus\u201d, care se difuzeaz\u0103 \u00een peste o sut\u0103 de millioane de case din Statele Unite \u0219i ajunge \u00een aproximativ dou\u0103 sute de \u021b\u0103ri din \u00eentreaga lume. Rabinul Schneider este pastor la \u201eLion of Judah World Outreach Center\u201d. El \u0219i so\u021bia sa, Cynthia, locuiesc \u00een Ohio.<\/p>\n<\/p>\n<p>Numar de pagini: 173<\/p><\/p>\n","protected":false},"excerpt":{"rendered":"<p>Dumnezeu nu Se supune legilor lumii naturale. El este, prin defini\u021bie, supranatural, \u0219i ne-a creat \u0219i pe noi dup\u0103 asem\u0103narea Sa. Anticiparea \u0219i experimentarea supranaturalului ar trebui s\u0103 fie un mod normal de via\u021b\u0103 \u0219i s\u0103 reprezinte o leg\u0103tur\u0103 normal\u0103 cu Dumnezeu, spune cunoscutul autor \u0219i rabin mesianic, K. A. Schneider.<\/p>\n","protected":false},"featured_media":7161,"template":"","meta":{"_acf_changed":false},"product_brand":[],"product_cat":[19],"product_tag":[],"class_list":{"0":"post-35545","1":"product","2":"type-product","3":"status-publish","4":"has-post-thumbnail","6":"product_cat-slujind-trupul-lui-hristos","7":"pa_autori-rabbi-kirt-a-schneider","8":"pa_format-carte-tiparita","9":"pa_format-carte-electronica","11":"first","12":"instock","13":"shipping-taxable","14":"purchasable","15":"product-type-variable"},"acf":[],"_links":{"self":[{"href":"https:\/\/alfaomega.tv\/librarie\/wp-json\/wp\/v2\/product\/35545","targetHints":{"allow":["GET"]}}],"collection":[{"href":"https:\/\/alfaomega.tv\/librarie\/wp-json\/wp\/v2\/product"}],"about":[{"href":"https:\/\/alfaomega.tv\/librarie\/wp-json\/wp\/v2\/types\/product"}],"wp:featuredmedia":[{"embeddable":true,"href":"https:\/\/alfaomega.tv\/librarie\/wp-json\/wp\/v2\/media\/7161"}],"wp:attachment":[{"href":"https:\/\/alfaomega.tv\/librarie\/wp-json\/wp\/v2\/media?parent=35545"}],"wp:term":[{"taxonomy":"product_brand","embeddable":true,"href":"https:\/\/alfaomega.tv\/librarie\/wp-json\/wp\/v2\/product_brand?post=35545"},{"taxonomy":"product_cat","embeddable":true,"href":"https:\/\/alfaomega.tv\/librarie\/wp-json\/wp\/v2\/product_cat?post=35545"},{"taxonomy":"product_tag","embeddable":true,"href":"https:\/\/alfaomega.tv\/librarie\/wp-json\/wp\/v2\/product_tag?post=35545"}],"curies":[{"name":"wp","href":"https:\/\/api.w.org\/{rel}","templated":true}]}}