{"id":35547,"date":"2025-08-29T12:57:23","date_gmt":"2025-08-29T12:57:23","guid":{"rendered":"https:\/\/alfaomega.tv\/librarie\/?post_type=product&#038;p=35547"},"modified":"2026-01-08T11:02:50","modified_gmt":"2026-01-08T11:02:50","slug":"pasind-in-prezenta-lui-dumnezeu","status":"publish","type":"product","link":"https:\/\/alfaomega.tv\/librarie\/produse\/derek-prince\/pasind-in-prezenta-lui-dumnezeu\/","title":{"rendered":"P\u0103\u0219ind \u00een prezen\u021ba lui Dumnezeu"},"content":{"rendered":"<div class=\"woocommerce-tabs sevencol clearfix\">\n<div class=\"panel entry-content\" id=\"tab-description\">\n<p>Pornind de la alc\u0103tuirea cortului \u00eent\u00e2lnirii din Vechiul Testament \u0219i a ritualurilor \u00eendeplinite de preo\u021bi pentru a se \u00eenf\u0103\u021bi\u0219a \u00eenaintea lui Dumnezeu, Derek Prince descrie cum cre\u0219tinul noutestamentar poate intra \u00een prezen\u021ba lui Dumnezeu, aduc\u00e2nd Acestuia o \u00eenchinare pl\u0103cut\u0103 Lui \u0219i beneficiind astfel de binecuv\u00e2nt\u0103rile spirituale, fizice \u0219i emo\u021bionale ale unei \u00eenchin\u0103ri veritabile.<\/p>\n<\/p>\n<p><strong>CUPRINS:<\/strong><br \/>1. Atitudinea adecvat\u0103 \u00een prezen\u021ba lui Dumnezeu<br \/>2. Reac\u021bia potrivit\u0103<br \/>3. \u00cen duh \u0219i \u00een adev\u0103r<br \/>4. Trupul cur\u0103\u021bat prin s\u00e2nge \u0219i prin ap\u0103<br \/>5. Sufletul \u2013 calea de acces \u00een \u00eenchinare prin sentimente<br \/>6. Duhul \u2013 drumul c\u0103tre Locul Preasf\u00e2nt<br \/>7. Patru binecuv\u00e2nt\u0103ri ale Noului Leg\u0103m\u00e2nt<br \/>8. Cele patru cerin\u021be cu privire la \u00eenchin\u0103torii adev\u0103ra\u021bi<br \/>9. Postura corpului \u00een \u00eenchinare<br \/>10. E inevitabil s\u0103 nu ne \u00eenchin\u0103m<br \/>11. \u00cenchinarea de la tronul lui Dumnezeu<\/p>\n<\/p>\n<p>Num\u0103r de pagini: 162<\/p>\n<\/div>\n<\/div>\n","protected":false},"excerpt":{"rendered":"<p>Pornind de la alc\u0103tuirea cortului \u00eent\u00e2lnirii din Vechiul Testament \u0219i a ritualurilor \u00eendeplinite de preo\u021bi pentru a se \u00eenf\u0103\u021bi\u0219a \u00eenaintea lui Dumnezeu, Derek Prince descrie cum cre\u0219tinul noutestamentar poate intra \u00een prezen\u021ba lui Dumnezeu, aduc\u00e2nd Acestuia o \u00eenchinare pl\u0103cut\u0103 Lui \u0219i beneficiind astfel de binecuv\u00e2nt\u0103rile spirituale, fizice \u0219i emo\u021bionale ale unei \u00eenchin\u0103ri veritabile.<\/p>\n","protected":false},"featured_media":7163,"template":"","meta":{"_acf_changed":false},"product_brand":[],"product_cat":[42],"product_tag":[],"class_list":{"0":"post-35547","1":"product","2":"type-product","3":"status-publish","4":"has-post-thumbnail","6":"product_cat-derek-prince","7":"pa_autori-derek-prince","8":"pa_format-carte-tiparita","10":"first","11":"outofstock","12":"shipping-taxable","13":"purchasable","14":"product-type-variable","15":"has-default-attributes"},"acf":[],"_links":{"self":[{"href":"https:\/\/alfaomega.tv\/librarie\/wp-json\/wp\/v2\/product\/35547","targetHints":{"allow":["GET"]}}],"collection":[{"href":"https:\/\/alfaomega.tv\/librarie\/wp-json\/wp\/v2\/product"}],"about":[{"href":"https:\/\/alfaomega.tv\/librarie\/wp-json\/wp\/v2\/types\/product"}],"wp:featuredmedia":[{"embeddable":true,"href":"https:\/\/alfaomega.tv\/librarie\/wp-json\/wp\/v2\/media\/7163"}],"wp:attachment":[{"href":"https:\/\/alfaomega.tv\/librarie\/wp-json\/wp\/v2\/media?parent=35547"}],"wp:term":[{"taxonomy":"product_brand","embeddable":true,"href":"https:\/\/alfaomega.tv\/librarie\/wp-json\/wp\/v2\/product_brand?post=35547"},{"taxonomy":"product_cat","embeddable":true,"href":"https:\/\/alfaomega.tv\/librarie\/wp-json\/wp\/v2\/product_cat?post=35547"},{"taxonomy":"product_tag","embeddable":true,"href":"https:\/\/alfaomega.tv\/librarie\/wp-json\/wp\/v2\/product_tag?post=35547"}],"curies":[{"name":"wp","href":"https:\/\/api.w.org\/{rel}","templated":true}]}}