{"id":35549,"date":"2025-08-29T12:57:23","date_gmt":"2025-08-29T12:57:23","guid":{"rendered":"https:\/\/alfaomega.tv\/librarie\/?post_type=product&#038;p=35549"},"modified":"2025-12-04T09:03:13","modified_gmt":"2025-12-04T09:03:13","slug":"razboiul-slavei","status":"publish","type":"product","link":"https:\/\/alfaomega.tv\/librarie\/produse\/identitate-crestere-spirituala-revelatie\/razboiul-slavei\/","title":{"rendered":"R\u0103zboiul slavei"},"content":{"rendered":"<h2 dir=\"auto\">Descrierea C\u0103r\u021bii<\/h2>\n<p dir=\"auto\">R\u0103zboiul slavei aduce din locul de biruin\u021b\u0103, adic\u0103 prezen\u021ba manifestat\u0103 a lui Dumnezeu, o revela\u021bie puternic\u0103 despre purtarea r\u0103zboiului spiritual. Citind \u00eenv\u0103\u021b\u0103turile revelatoare \u0219i m\u0103rturiile miraculoase \u0219i puternice, vei descoperi cum apare victoria \u2013 nu prin formule sau principii \u2013 ci prin \u00eent\u00e2lnire divin\u0103!<\/p>\n<h3 dir=\"auto\">Provoc\u0103rile R\u0103zboiului Spiritual<\/h3>\n<p dir=\"auto\">C\u00e2nd vine vorba de r\u0103zboiul spiritual, mul\u021bi cre\u0219tini au renun\u021bat dup\u0103 ce au fost \u00eenfr\u00e2n\u021bi \u00een repetate r\u00e2nduri. Totu\u0219i, curaj! Po\u021bi avea victoria!<\/p>\n<p dir=\"auto\">R\u0103zboiul slavei aduce din locul de biruin\u021b\u0103, adic\u0103 prezen\u021ba manifestat\u0103 a lui Dumnezeu, o revela\u021bie puternic\u0103 despre purtarea r\u0103zboiului spiritual. Citind \u00eenv\u0103\u021b\u0103turile revelatoare \u0219i m\u0103rturiile miraculoase \u0219i puternice, vei descoperi cum apare victoria \u2013 nu prin formule sau principii \u2013 ci prin \u00eent\u00e2lnire divin\u0103!<\/p>\n<h3 dir=\"auto\">Perspectiva Autoarei<\/h3>\n<p dir=\"auto\">Lider\u0103 \u00een rug\u0103ciune \u0219i mult respectat\u0103, Becca Greenwood arat\u0103 tuturor credincio\u0219ilor felul cum formarea unui stil de via\u021b\u0103 reprezint\u0103 secretul victoriei. \u00cen prezen\u021ba Lui vei primi misiunile \u0219i directivele lui Dumnezeu pentru provoc\u0103rile specifice cu care te confrun\u021bi. Apoi vei putea \u00eenainta \u00een lupt\u0103, asigurat fiind c\u0103 El \u00ee\u021bi va da victoria.<\/p>\n<h2 dir=\"auto\">Ce Vei \u00cenv\u0103\u021ba din Carte<\/h2>\n<p dir=\"auto\">R\u0103zboiul slavei \u00ee\u021bi va ar\u0103ta:<\/p>\n<ul dir=\"auto\">\n<li>Cum s\u0103 intri pe t\u0103r\u00e2mul slavei lui Dumnezeu ca s\u0103 prime\u0219ti misiuni de lupt\u0103 pentru provoc\u0103rile \u0219i opozi\u021bia cu care te confrun\u021bi.<\/li>\n<li>Cum s\u0103 lup\u021bi cu \u00eendr\u0103zneal\u0103 \u0219i \u00eencredere, deoarece lup\u021bi a\u0219a cum Dumnezeu te direc\u021bioneaz\u0103.<\/li>\n<li>Cum s\u0103 te rogi, s\u0103 profe\u021be\u0219ti \u0219i s\u0103 te implici \u00een r\u0103zboiul spiritual din t\u0103r\u00e2mul slavei.<\/li>\n<li>Cum s\u0103 activezi armele: puterea \u00eenchin\u0103rii, decretul profetic \u0219i r\u0103cnetul Leului din Iuda!<\/li>\n<li>Cum s\u0103 operezi ca Ekklesia, folosind cheile autorit\u0103\u021bii lui Isus ca s\u0103 legi for\u021bele \u00eentunericului din oamenii, locurile, regiunile, industriile \u0219i teritoriile pe care acestea le ocup\u0103.<\/li>\n<\/ul>\n<h3 dir=\"auto\">Apel la Ac\u021biune<\/h3>\n<p dir=\"auto\">Ignorarea r\u0103zboiului nu-l face s\u0103 nu mai existe. Nu l\u0103sa ca for\u021bele \u00eentunericului s\u0103 c\u00e2\u0219tige mai mult teren. \u00cenainteaz\u0103 \u00een puterea prezen\u021bei lui Dumnezeu \u0219i lupt\u0103 \u00een R\u0103zboiul slavei!<\/p>\n<h2 dir=\"auto\">Despre Autor<\/h2>\n<p dir=\"auto\">Rebeca Greenwood este unul dintre fondatorii Christian Harvest International, care sluje\u0219te na\u021biunilor prin mijlocire profetic\u0103, r\u0103zboi spiritual \u00een rug\u0103ciune care transform\u0103 \u0219i aduce \u00eenv\u0103\u021b\u0103tur\u0103 din Cuv\u00e2ntul lui Dumnezeu. \u00cen ultimii 24 de ani, ea a participat \u0219i a condus c\u0103l\u0103toriile de r\u0103zboi spiritual \u00een 34 de na\u021biuni \u00een care au avut loc transform\u0103ri cuantificabile. Rebecca \u0219i so\u021bul ei, Greg, locuiesc \u00een Colorado Springs, CO, \u0219i au trei fete minunate.<\/p>\n<p><script type=\"application\/ld+json\">\n{\n  \"@context\": \"https:\/\/schema.org\",\n  \"@type\": \"Product\",\n  \"name\": \"R\u0103zboiul slavei\",\n  \"image\": [\n    \"https:\/\/alfaomega.tv\/librarie\/wp-content\/uploads\/2025\/04\/Coperta_Razboiul_slavei_web.jpg\"\n  ],\n  \"description\": \"<span data-mce-type=\"bookmark\" style=\"display: inline-block; width: 0px; overflow: hidden; line-height: 0;\" class=\"mce_SELRES_start\">\ufeff<\/span>R\u0103zboiul slavei aduce din locul de biruin\u021b\u0103, adic\u0103 prezen\u021ba manifestat\u0103 a lui Dumnezeu, o revela\u021bie puternic\u0103 despre purtarea r\u0103zboiului spiritual. Citind \u00eenv\u0103\u021b\u0103turile revelatoare \u0219i m\u0103rturiile miraculoase \u0219i puternice, vei descoperi cum apare victoria \u2013 nu prin formule sau principii \u2013 ci prin \u00eent\u00e2lnire divin\u0103!\\n\\nC\u00e2nd vine vorba de r\u0103zboiul spiritual, mul\u021bi cre\u0219tini au renun\u021bat dup\u0103 ce <span data-mce-type=\"bookmark\" style=\"display: inline-block; width: 0px; overflow: hidden; line-height: 0;\" class=\"mce_SELRES_start\">\ufeff<\/span>au fost \u00eenfr\u00e2n\u021bi \u00een repetate r\u00e2nduri. Totu\u0219i, curaj! Po\u021bi avea victoria!\\nR\u0103zboiul slavei aduce din locul de biruin\u021b\u0103, adic\u0103 prezen\u021ba manifestat\u0103 a lui Dumnezeu, o revela\u021bie puternic\u0103 despre purtarea r\u0103zboiului spiritual. Citind \u00eenv\u0103\u021b\u0103turile revelatoare \u0219i m\u0103rturiile miraculoase \u0219i puternice, vei descoperi cum apare victoria \u2013 nu prin formule sau principii \u2013 ci prin \u00eent\u00e2lnire divin\u0103!\\nLider\u0103 \u00een rug\u0103ciune \u0219i mult respectat\u0103, Becca Greenwood arat\u0103 tuturor credincio\u0219ilor felul cum formarea unui stil de via\u021b\u0103 reprezint\u0103 secretul victoriei. \u00cen prezen\u021ba Lui vei primi misiunile \u0219i directivele lui Dumnezeu pentru provoc\u0103rile specifice cu care te confrun\u021bi. Apoi vei putea \u00eenainta \u00een lupt\u0103, asigurat fiind c\u0103 El \u00ee\u021bi va da victoria.\\nR\u0103zboiul slavei \u00ee\u021bi va ar\u0103ta:\\n\u2022 Cum s\u0103 intri pe t\u0103r\u00e2mul slavei lui Dumnezeu ca s\u0103 prime\u0219ti misiuni de lupt\u0103 pentru provoc\u0103rile \u0219i opozi\u021bia cu care te confrun\u021bi.\\n\u2022 Cum s\u0103 lup\u021bi cu \u00eendr\u0103zneal\u0103 \u0219i \u00eencredere, deoarece lup\u021bi a\u0219a cum Dumnezeu te direc\u021bioneaz\u0103.\\n\u2022 Cum s\u0103 te rogi, s\u0103 profe\u021be\u0219ti \u0219i s\u0103 te implici \u00een r\u0103zboiul spiritual din t\u0103r\u00e2mul slavei.\\n\u2022 Cum s\u0103 activezi armele: puterea \u00eenchin\u0103rii, decretul profetic \u0219i r\u0103cnetul Leului din Iuda!\\n\u2022 Cum s\u0103 operezi ca Ekklesia, folosind cheile autorit\u0103\u021bii lui Isus ca s\u0103 legi for\u021bele \u00eentunericului din oamenii, locurile, regiunile, industriile \u0219i teritoriile pe care acestea le ocup\u0103.\\n\\nIgnorarea r\u0103zboiului nu-l face s\u0103 nu mai existe. Nu l\u0103sa ca for\u021bele \u00eentunericului s\u0103 c\u00e2\u0219tige mai mult teren. \u00cenainteaz\u0103 \u00een puterea prezen\u021bei lui Dumnezeu \u0219i lupt\u0103 \u00een R\u0103zboiul slavei!\\n\\nRebeca Greenwood este unul dintre fondatorii Christian Harvest International, care sluje\u0219te na\u021biunilor prin mijlocire profetic\u0103, r\u0103zboi spiritual \u00een rug\u0103ciune care transform\u0103 \u0219i aduce \u00eenv\u0103\u021b\u0103tur\u0103 din Cuv\u00e2ntul lui Dumnezeu. \u00cen ultimii 24 de ani, ea a participat \u0219i a condus c\u0103l\u0103toriile de r\u0103zboi spiritual \u00een 34 de na\u021biuni \u00een care au avut loc transform\u0103ri cuantificabile. Rebecca \u0219i so\u021bul ei, Greg, locuiesc \u00een Colorado Springs, CO, \u0219i au trei fete minunate.<span data-mce-type=\"bookmark\" style=\"display: inline-block; width: 0px; overflow: hidden; line-height: 0;\" class=\"mce_SELRES_end\">\ufeff<\/span>\",\n  \"sku\": \"N\/A\",\n  \"mpn\": \"N\/A\",\n  \"gtin13\": \"9780768443257\",\n  \"brand\": {\n    \"@type\": \"Brand\",\n    \"name\": \"Destiny Image\"\n  },\n  \"offers\": {\n    \"@type\": \"Offer\",\n    \"url\": \"https:\/\/alfaomega.tv\/librarie\/produse\/identitate-crestere-spirituala-revelatie\/razboiul-slavei\/\",\n    \"priceCurrency\": \"RON\",\n    \"price\": 45.00,\n    \"priceValidUntil\": \"2026-12-31\",\n    \"itemCondition\": \"https:\/\/schema.org\/NewCondition\",\n    \"availability\": \"https:\/\/schema.org\/InStock\",\n    \"seller\": {\n      \"@type\": \"Organization\",\n      \"name\": \"Libr\u0103ria Alfa Omega\"\n    },\n  },\n  \"aggregateRating\": {\n    \"@type\": \"AggregateRating\",\n    \"ratingValue\": \"4.96\",\n    \"reviewCount\": \"34\"\n  }<\/p>\n<p>}\n<\/script><\/p>\n","protected":false},"excerpt":{"rendered":"<p>R\u0103zboiul slavei aduce din locul de biruin\u021b\u0103, adic\u0103 prezen\u021ba manifestat\u0103 a lui Dumnezeu, o revela\u021bie puternic\u0103 despre purtarea r\u0103zboiului spiritual. Citind \u00eenv\u0103\u021b\u0103turile revelatoare \u0219i m\u0103rturiile miraculoase \u0219i puternice, vei descoperi cum apare victoria \u2013 nu prin formule sau principii \u2013 ci prin \u00eent\u00e2lnire divin\u0103!<\/p>\n","protected":false},"featured_media":7165,"template":"","meta":{"_acf_changed":false},"product_brand":[],"product_cat":[21],"product_tag":[],"class_list":{"0":"post-35549","1":"product","2":"type-product","3":"status-publish","4":"has-post-thumbnail","6":"product_cat-identitate-crestere-spirituala-revelatie","7":"pa_autori-rebecca-greenwood","8":"pa_format-carte-tiparita","10":"first","11":"instock","12":"shipping-taxable","13":"purchasable","14":"product-type-variable","15":"has-default-attributes"},"acf":[],"_links":{"self":[{"href":"https:\/\/alfaomega.tv\/librarie\/wp-json\/wp\/v2\/product\/35549","targetHints":{"allow":["GET"]}}],"collection":[{"href":"https:\/\/alfaomega.tv\/librarie\/wp-json\/wp\/v2\/product"}],"about":[{"href":"https:\/\/alfaomega.tv\/librarie\/wp-json\/wp\/v2\/types\/product"}],"wp:featuredmedia":[{"embeddable":true,"href":"https:\/\/alfaomega.tv\/librarie\/wp-json\/wp\/v2\/media\/7165"}],"wp:attachment":[{"href":"https:\/\/alfaomega.tv\/librarie\/wp-json\/wp\/v2\/media?parent=35549"}],"wp:term":[{"taxonomy":"product_brand","embeddable":true,"href":"https:\/\/alfaomega.tv\/librarie\/wp-json\/wp\/v2\/product_brand?post=35549"},{"taxonomy":"product_cat","embeddable":true,"href":"https:\/\/alfaomega.tv\/librarie\/wp-json\/wp\/v2\/product_cat?post=35549"},{"taxonomy":"product_tag","embeddable":true,"href":"https:\/\/alfaomega.tv\/librarie\/wp-json\/wp\/v2\/product_tag?post=35549"}],"curies":[{"name":"wp","href":"https:\/\/api.w.org\/{rel}","templated":true}]}}