{"id":35553,"date":"2025-08-29T12:57:24","date_gmt":"2025-08-29T12:57:24","guid":{"rendered":"https:\/\/alfaomega.tv\/librarie\/?post_type=product&#038;p=35553"},"modified":"2025-09-02T09:29:26","modified_gmt":"2025-09-02T09:29:26","slug":"ghid-esential-de-rugaciune","status":"publish","type":"product","link":"https:\/\/alfaomega.tv\/librarie\/produse\/rugaciune-mijlocire\/ghid-esential-de-rugaciune\/","title":{"rendered":"Ghid esen\u021bial de rug\u0103ciune"},"content":{"rendered":"<h3>\u00cenv\u0103\u021b\u0103turi practice despre c\u00e2t e de simplu s\u0103 ai o via\u021b\u0103 de rug\u0103ciune puternic\u0103<\/h3>\n<p>Via\u021ba de rug\u0103ciune nu este complex\u0103, dar, uneori, \u00eenceputul pare dificil, iar oamenii se sperie \u0219i renun\u021b\u0103 la idee. \u00cen \u201eGhid esen\u0163ial de rug\u0103ciune\u201d, vei descoperi c\u0103 punctul de plecare e s\u0103 \u00ee\u021bi g\u0103se\u0219ti motiva\u021bia de a te ruga \u00een puterea dragostei. Acest lucru \u00eel po\u021bi face prin cultivarea unei rela\u021bii cu Dumnezeu ca Tat\u0103 \u0219i prieten. Pe m\u0103sur\u0103 ce Dutch Sheets \u00eencearc\u0103 s\u0103 te motiveze s\u0103 te rogi, te provoac\u0103 la reflec\u021bie cu \u00eentreb\u0103ri de tipul \u201eAi \u00een\u021beles?\u201d, care te a\u0219teapt\u0103 la finalul fiec\u0103rui capitol. Aprofundeaz\u0103-\u021bi via\u021ba de rug\u0103ciune \u00eenv\u0103\u021b\u00e2nd s\u0103 te rogi eficient at\u00e2t \u00een privat, c\u00e2t \u0219i \u00een grupuri, \u0219i persist\u00e2nd \u00een rug\u0103ciune p\u00e2n\u0103 c\u00e2nd prime\u0219ti r\u0103spuns de la Dumnezeu.<\/p>\n<\/p>\n<p>Dutch Sheets este autor, vorbitor \u0219i \u00eenv\u0103\u021b\u0103tor biblic recunoscut pe plan interna\u021bional. Locuie\u0219te \u00een Colorado, dar c\u0103l\u0103tore\u0219te intens, \u00eemputernicind credincio\u0219ii s\u0103 se roage cu pasiune \u0219i s\u0103 contribuie astfel la schimbarea societ\u0103\u021bii. A p\u0103storit, a predicat \u0219i a slujit \u00een cadrul comitetelor de conducere din numeroase organiza\u021bii. Alf\u0103 mai multe: www.dutchseets.org<\/p>\n<p> Num\u0103r de pagini: 197<\/p>\n","protected":false},"excerpt":{"rendered":"<p>Via\u021ba de rug\u0103ciune nu este complex\u0103, dar, uneori, \u00eenceputul pare dificil, iar oamenii se sperie \u0219i renun\u021b\u0103 la idee. \u00cen \u201eGhid esen\u0163ial de rug\u0103ciune\u201d, vei descoperi c\u0103 punctul de plecare e s\u0103 \u00ee\u021bi g\u0103se\u0219ti motiva\u021bia de a te ruga \u00een puterea dragostei.<\/p>\n","protected":false},"featured_media":7169,"template":"","meta":{"_acf_changed":false},"product_brand":[],"product_cat":[22],"product_tag":[],"class_list":{"0":"post-35553","1":"product","2":"type-product","3":"status-publish","4":"has-post-thumbnail","6":"product_cat-rugaciune-mijlocire","7":"pa_autori-dutch-sheets","8":"pa_format-carte-tiparita","10":"first","11":"instock","12":"shipping-taxable","13":"purchasable","14":"product-type-variable","15":"has-default-attributes"},"acf":[],"_links":{"self":[{"href":"https:\/\/alfaomega.tv\/librarie\/wp-json\/wp\/v2\/product\/35553","targetHints":{"allow":["GET"]}}],"collection":[{"href":"https:\/\/alfaomega.tv\/librarie\/wp-json\/wp\/v2\/product"}],"about":[{"href":"https:\/\/alfaomega.tv\/librarie\/wp-json\/wp\/v2\/types\/product"}],"wp:featuredmedia":[{"embeddable":true,"href":"https:\/\/alfaomega.tv\/librarie\/wp-json\/wp\/v2\/media\/7169"}],"wp:attachment":[{"href":"https:\/\/alfaomega.tv\/librarie\/wp-json\/wp\/v2\/media?parent=35553"}],"wp:term":[{"taxonomy":"product_brand","embeddable":true,"href":"https:\/\/alfaomega.tv\/librarie\/wp-json\/wp\/v2\/product_brand?post=35553"},{"taxonomy":"product_cat","embeddable":true,"href":"https:\/\/alfaomega.tv\/librarie\/wp-json\/wp\/v2\/product_cat?post=35553"},{"taxonomy":"product_tag","embeddable":true,"href":"https:\/\/alfaomega.tv\/librarie\/wp-json\/wp\/v2\/product_tag?post=35553"}],"curies":[{"name":"wp","href":"https:\/\/api.w.org\/{rel}","templated":true}]}}