{"id":35555,"date":"2025-08-29T12:57:24","date_gmt":"2025-08-29T12:57:24","guid":{"rendered":"https:\/\/alfaomega.tv\/librarie\/?post_type=product&#038;p=35555"},"modified":"2025-11-04T11:07:52","modified_gmt":"2025-11-04T11:07:52","slug":"un-al-treilea-gen-revizuita","status":"publish","type":"product","link":"https:\/\/alfaomega.tv\/librarie\/produse\/crestinul-si-societatea\/un-al-treilea-gen-revizuita\/","title":{"rendered":"Un al treilea gen? Revizuit\u0103"},"content":{"rendered":"<h3>Problemele homosexualit\u0103\u021bii \u0219i transsexualit\u0103\u021bii v\u0103zute din perspectiv\u0103 biblic\u0103<\/h3>\n<p>Kent Philpott, autorul c\u0103r\u021bilor Un al treilea gen? \u0219i The Gay Theology, scrise \u00een anii \u201970 \u0219i publicate de editura Logos Interna\u021bional, arunc\u0103 o privire \u00eenapoi \u00eenspre acea perioad\u0103 care a dat na\u0219tere unei lucr\u0103ri de misiune printre homosexuali \u0219i lesbiene care, credincio\u0219i fiind, \u00ee\u0219i doreau s\u0103 lase \u00een urm\u0103 acel stil de via\u021b\u0103. Misiunea, cunoscut\u0103 ca Love in Action, a generat multe controverse, care continu\u0103 \u0219i azi, la mult\u0103 vreme dup\u0103 ce lucrarea \u0219i-a g\u0103sit sf\u00e2r\u0219itul.<br \/>\nDin trecut p\u00e2n\u0103 \u00een prezent, aceast\u0103 carte actualizeaz\u0103 acele preocup\u0103ri \u0219i concentreaz\u0103 aten\u021bia asupra problemei transsexualit\u0103\u021bii, un subiect discutat la ora actual\u0103 de grupuri religioase, sociale, politice \u0219i educa\u021bionale de pretutindeni. Philpott spune: \u201e\u00cen special cei care sufer\u0103 de disforie de gen m-au provocat s\u0103 le ofer pu\u021bin\u0103 \u00eencurajare, m\u00e2ng\u00e2iere \u0219i n\u0103dejde.\u201d<br \/>\nChiar dac\u0103 comunitatea LGBTQ+ \u00eencearc\u0103 s\u0103 ne descurajeze \u0219i s\u0103 ne discrediteze pe cei care avem puncte de vedere diferite, primim asta. Realitatea este c\u0103 \u00eenc\u0103 exist\u0103 \u00een \u201ecultura noastr\u0103 acceptant\u0103\u201d oameni care vor proclama standardele morale biblice cu privire la sexualitate.<\/p>\n<p>&nbsp;<\/p>\n","protected":false},"excerpt":{"rendered":"<p>Kent Philpott, autorul c\u0103r\u021bilor Un al treilea gen? \u0219i The Gay Theology, scrise \u00een anii \u201970 \u0219i publicate de editura Logos Interna\u021bional, arunc\u0103 o privire \u00eenapoi \u00eenspre acea perioad\u0103 care a dat na\u0219tere unei lucr\u0103ri de misiune printre homosexuali \u0219i lesbiene care, credincio\u0219i fiind, \u00ee\u0219i doreau s\u0103 lase \u00een urm\u0103 acel stil de via\u021b\u0103. Misiunea, cunoscut\u0103 ca Love in Action, a generat multe controverse, care continu\u0103 \u0219i azi, la mult\u0103 vreme dup\u0103 ce lucrarea \u0219i-a g\u0103sit sf\u00e2r\u0219itul.<\/p>\n","protected":false},"featured_media":7171,"template":"","meta":{"_acf_changed":false},"product_brand":[],"product_cat":[30],"product_tag":[],"class_list":{"0":"post-35555","1":"product","2":"type-product","3":"status-publish","4":"has-post-thumbnail","6":"product_cat-crestinul-si-societatea","7":"pa_autori-kent-philpott","8":"pa_format-carte-tiparita","9":"pa_format-carte-electronica","11":"first","12":"instock","13":"shipping-taxable","14":"purchasable","15":"product-type-variable"},"acf":[],"_links":{"self":[{"href":"https:\/\/alfaomega.tv\/librarie\/wp-json\/wp\/v2\/product\/35555","targetHints":{"allow":["GET"]}}],"collection":[{"href":"https:\/\/alfaomega.tv\/librarie\/wp-json\/wp\/v2\/product"}],"about":[{"href":"https:\/\/alfaomega.tv\/librarie\/wp-json\/wp\/v2\/types\/product"}],"wp:featuredmedia":[{"embeddable":true,"href":"https:\/\/alfaomega.tv\/librarie\/wp-json\/wp\/v2\/media\/7171"}],"wp:attachment":[{"href":"https:\/\/alfaomega.tv\/librarie\/wp-json\/wp\/v2\/media?parent=35555"}],"wp:term":[{"taxonomy":"product_brand","embeddable":true,"href":"https:\/\/alfaomega.tv\/librarie\/wp-json\/wp\/v2\/product_brand?post=35555"},{"taxonomy":"product_cat","embeddable":true,"href":"https:\/\/alfaomega.tv\/librarie\/wp-json\/wp\/v2\/product_cat?post=35555"},{"taxonomy":"product_tag","embeddable":true,"href":"https:\/\/alfaomega.tv\/librarie\/wp-json\/wp\/v2\/product_tag?post=35555"}],"curies":[{"name":"wp","href":"https:\/\/api.w.org\/{rel}","templated":true}]}}