{"id":35557,"date":"2025-08-29T12:57:24","date_gmt":"2025-08-29T12:57:24","guid":{"rendered":"https:\/\/alfaomega.tv\/librarie\/?post_type=product&#038;p=35557"},"modified":"2025-11-06T10:52:24","modified_gmt":"2025-11-06T10:52:24","slug":"misiune-prin-afaceri-cand-nu-esti-tu-seful","status":"publish","type":"product","link":"https:\/\/alfaomega.tv\/librarie\/produse\/crestinul-si-societatea\/misiune-prin-afaceri-cand-nu-esti-tu-seful\/","title":{"rendered":"Misiune prin afaceri c\u00e2nd nu e\u0219ti tu \u0219eful"},"content":{"rendered":"<p>Michael Baer este un lider \u0219i un g\u00e2nditor recunoscut \u00een cadrul Mi\u0219c\u0103rii \u201eAfacerea ca misiune\u201d la nivel mondial. El activeaz\u0103 ca pastor, antreprenor, executiv, vorbitor \u0219i autor. Locuie\u0219te, \u00eempreun\u0103 cu so\u021bia sa, \u00een zona muntoas\u0103 de vest din Carolina de Nord.<br \/>\nC\u00e2nd a ap\u0103rut ideea integr\u0103rii afacerii \u00een domeniul misiunii \u00een anii 1990, aceasta a fost lansat\u0103 ca un mod strategic de a implica pe deplin Trupul lui Hristos \u00een Marea \u00cens\u0103rcinare. Cel mai adesea \u00eens\u0103, antreprenorii cre\u0219tini au fost cei care au slujit \u00een primul val \u00een calitate de catalizatori \u0219i practican\u021bi. Cu toate acestea, acest lucru las\u0103 un num\u0103r mare de cre\u0219tini s\u0103 \u00ee\u0219i pun\u0103 \u00eentrebarea: \u201eDar cum r\u0103m\u00e2ne cu noi?\u201d Prezenta carte ofer\u0103 r\u0103spuns la aceast\u0103 \u00eentrebare, precum \u0219i \u00eendrum\u0103ri, exemple \u0219i \u00eencuraj\u0103ri pentru manageri \u0219i angaja\u021bi care nu sunt proprietarii sau \u0219efii afacerii.<\/p>\n<p>Num\u0103r de pagini:<\/p>\n","protected":false},"excerpt":{"rendered":"<p>C\u00e2nd a ap\u0103rut ideea integr\u0103rii afacerii \u00een domeniul misiunii \u00een anii 1990, aceasta a fost lansat\u0103 ca un mod strategic de a implica pe deplin Trupul lui Hristos \u00een Marea \u00cens\u0103rcinare. Cel mai adesea \u00eens\u0103, antreprenorii cre\u0219tini au fost cei care au slujit \u00een primul val \u00een calitate de catalizatori \u0219i practican\u021bi.<\/p>\n","protected":false},"featured_media":7173,"template":"","meta":{"_acf_changed":false},"product_brand":[],"product_cat":[30],"product_tag":[],"class_list":{"0":"post-35557","1":"product","2":"type-product","3":"status-publish","4":"has-post-thumbnail","6":"product_cat-crestinul-si-societatea","7":"pa_autori-michael-r-baer","8":"pa_format-carte-tiparita","9":"pa_format-carte-electronica","11":"first","12":"instock","13":"shipping-taxable","14":"purchasable","15":"product-type-variable"},"acf":[],"_links":{"self":[{"href":"https:\/\/alfaomega.tv\/librarie\/wp-json\/wp\/v2\/product\/35557","targetHints":{"allow":["GET"]}}],"collection":[{"href":"https:\/\/alfaomega.tv\/librarie\/wp-json\/wp\/v2\/product"}],"about":[{"href":"https:\/\/alfaomega.tv\/librarie\/wp-json\/wp\/v2\/types\/product"}],"wp:featuredmedia":[{"embeddable":true,"href":"https:\/\/alfaomega.tv\/librarie\/wp-json\/wp\/v2\/media\/7173"}],"wp:attachment":[{"href":"https:\/\/alfaomega.tv\/librarie\/wp-json\/wp\/v2\/media?parent=35557"}],"wp:term":[{"taxonomy":"product_brand","embeddable":true,"href":"https:\/\/alfaomega.tv\/librarie\/wp-json\/wp\/v2\/product_brand?post=35557"},{"taxonomy":"product_cat","embeddable":true,"href":"https:\/\/alfaomega.tv\/librarie\/wp-json\/wp\/v2\/product_cat?post=35557"},{"taxonomy":"product_tag","embeddable":true,"href":"https:\/\/alfaomega.tv\/librarie\/wp-json\/wp\/v2\/product_tag?post=35557"}],"curies":[{"name":"wp","href":"https:\/\/api.w.org\/{rel}","templated":true}]}}