{"id":35561,"date":"2025-08-29T12:57:34","date_gmt":"2025-08-29T12:57:34","guid":{"rendered":"https:\/\/alfaomega.tv\/librarie\/?post_type=product&#038;p=35561"},"modified":"2025-08-29T12:57:44","modified_gmt":"2025-08-29T12:57:44","slug":"eroii-luminii-volumul-5","status":"publish","type":"product","link":"https:\/\/alfaomega.tv\/librarie\/produse\/resurse-pentru-copii\/eroii-luminii-volumul-5\/","title":{"rendered":"Eroii luminii &#8211; volumul 5"},"content":{"rendered":"<p>Povestea lui Harriet Tubman &#8211; Timp de secole, sclavia a domnit \u00een unele p\u0103r\u021bi ale Americii, for\u021b\u00e2nd un popor \u00eentreg s\u0103 duc\u0103 o via\u021b\u0103 de suferin\u021b\u0103 \u0219i de sclavie. Tr\u0103ind sub st\u0103p\u00e2nirea acestui sistem opresiv, t\u00e2n\u0103ra Harriet Tubman se ruga ne\u00eencetat ca ea \u0219i familia ei s\u0103 fie eliberate. Urm\u0103ri\u021bi cum Harriet L-a urmat pe Dumnezeu, a devenit un Moise al poporului ei \u0219i a perseverat \u00een ciuda obstacolelor insurmontabile, \u00een acest episod din \u201eEroii Luminii\u201d.<\/p>\n<p>Povestea lui George Muller &#8211; C\u00e2nd ajunge \u00een contact cu copiii str\u0103zii din ora\u0219ul Bristol, Anglia, el descoper\u0103 c\u0103 azilele de s\u0103raci \u00eei oblig\u0103 pe ace\u0219ti copii orfani s\u0103 munceasc\u0103 f\u0103r\u0103 a fi pl\u0103ti\u021bi \u00een schimb. George \u0219i so\u021bia sa, Mary, deschid primele orfelinate sus\u021binute doar pe rug\u0103ciune, iar Dumnezeu Se \u00eengrije\u0219te \u00een mod miraculos de fiecare nevoie a lor. Dar inamicii lucr\u0103rii lui George pun la cale un plan prin care s\u0103-i \u00eenchid\u0103 toate orfelinatele. At\u00e2t copiii, c\u00e2t \u0219i adul\u021bii vor vedea o credin\u021b\u0103 radical\u0103 \u00een ac\u021biune \u00een acest episod din \u201eEroii Luminii\u201d.<\/p>\n<p>Povestea lui Sf. Patrick &#8211; La mila pira\u021bilor irlandezi care l-au r\u0103pit, t\u00e2n\u0103rul Patrick e for\u021bat s\u0103-\u0219i petreac\u0103 zilele p\u0103zind oile \u0219i supravie\u021buind atacurilor animale. Asta p\u00e2n\u0103 decide s\u0103 apeleze la Dumnezeul copil\u0103riei sale. Zilele lungi petrecute pl\u00e2ng\u00e2nd dup\u0103 cas\u0103 au devenit zile lungi de rug\u0103ciune. Dup\u0103 \u0219ase ani \u00een care a fost sclav, Patrick aude o voce care \u00eel \u00eendeamn\u0103 s\u0103 evadeze. Patrick simte chemarea de a deveni preot \u0219i, \u00een cele din urm\u0103, este numit episcop, \u00eens\u0103 Patrick prime\u0219te o alt\u0103 chemare din partea lui Dumnezeu &#8211; s\u0103 duc\u0103 Evanghelia celor care l-au r\u0103pit.<\/p>\n<\/p>\n<p>Continut: 1 DVD \/ 3 episoade x 30 minute (subtitrat in lb romana)<\/p>\n","protected":false},"excerpt":{"rendered":"<p>\u201eEroii Luminii&#8221; este o serie de desene animate despre via\u021ba unor eroi ai credin\u021bei pe care copiii se pot baza.<\/p>\n","protected":false},"featured_media":7181,"template":"","meta":{"_acf_changed":false},"product_brand":[],"product_cat":[34],"product_tag":[],"class_list":{"0":"post-35561","1":"product","2":"type-product","3":"status-publish","4":"has-post-thumbnail","6":"product_cat-resurse-pentru-copii","7":"pa_autori-alfa-omega-tv","8":"pa_format-dvd","10":"first","11":"instock","12":"shipping-taxable","13":"purchasable","14":"product-type-variable","15":"has-default-attributes"},"acf":[],"_links":{"self":[{"href":"https:\/\/alfaomega.tv\/librarie\/wp-json\/wp\/v2\/product\/35561","targetHints":{"allow":["GET"]}}],"collection":[{"href":"https:\/\/alfaomega.tv\/librarie\/wp-json\/wp\/v2\/product"}],"about":[{"href":"https:\/\/alfaomega.tv\/librarie\/wp-json\/wp\/v2\/types\/product"}],"wp:featuredmedia":[{"embeddable":true,"href":"https:\/\/alfaomega.tv\/librarie\/wp-json\/wp\/v2\/media\/7181"}],"wp:attachment":[{"href":"https:\/\/alfaomega.tv\/librarie\/wp-json\/wp\/v2\/media?parent=35561"}],"wp:term":[{"taxonomy":"product_brand","embeddable":true,"href":"https:\/\/alfaomega.tv\/librarie\/wp-json\/wp\/v2\/product_brand?post=35561"},{"taxonomy":"product_cat","embeddable":true,"href":"https:\/\/alfaomega.tv\/librarie\/wp-json\/wp\/v2\/product_cat?post=35561"},{"taxonomy":"product_tag","embeddable":true,"href":"https:\/\/alfaomega.tv\/librarie\/wp-json\/wp\/v2\/product_tag?post=35561"}],"curies":[{"name":"wp","href":"https:\/\/api.w.org\/{rel}","templated":true}]}}