{"id":35565,"date":"2025-08-29T12:57:34","date_gmt":"2025-08-29T12:57:34","guid":{"rendered":"https:\/\/alfaomega.tv\/librarie\/?post_type=product&#038;p=35565"},"modified":"2025-11-04T11:04:27","modified_gmt":"2025-11-04T11:04:27","slug":"isus-si-israel","status":"publish","type":"product","link":"https:\/\/alfaomega.tv\/librarie\/produse\/intelegerea-vremurilor-israel\/isus-si-israel\/","title":{"rendered":"Isus \u015fi Israel"},"content":{"rendered":"<p class=\"p1\">Kees de Vreugd a scris opt studii biblice despre Isus Hristos pe care Dumnezeul lui Israel l-a f\u0103cut cunoscut c\u0103tre lume \u0219i care a format un pod \u00eentre Israel \u0219i na\u021biuni. \u00centreb\u0103ri care trebuiesc abordate sunt: ce \u00eenseamn\u0103 faptul c\u0103 Isus a fost evreu \u0219i c\u0103 Mesia a venit la poporul Israel? Cum este Isus Hristos o punte \u00eentre cre\u0219tini \u0219i evrei? Cum ne poate \u00eembog\u0103\u021bi acest lucru credin\u021ba cre\u0219tin\u0103?<\/p>\n<p class=\"p3\">Aceste studii biblice fascinante au fost scrise pentru grupuri mici, dar sunt, de asemenea, foarte potrivite pentru studiu personal.<\/p>\n<p>&nbsp;<\/p>\n","protected":false},"excerpt":{"rendered":"<p>Aceste studii biblice fascinante au fost scrise pentru grupuri mici, dar sunt, de asemenea, foarte potrivite pentru studiu personal.<\/p>\n","protected":false},"featured_media":7193,"template":"","meta":{"_acf_changed":false},"product_brand":[],"product_cat":[24],"product_tag":[],"class_list":{"0":"post-35565","1":"product","2":"type-product","3":"status-publish","4":"has-post-thumbnail","6":"product_cat-intelegerea-vremurilor-israel","7":"pa_autori-kees-de-vreugd","8":"pa_format-carte-tiparita","9":"pa_format-carte-electronica","11":"first","12":"instock","13":"shipping-taxable","14":"purchasable","15":"product-type-variable"},"acf":[],"_links":{"self":[{"href":"https:\/\/alfaomega.tv\/librarie\/wp-json\/wp\/v2\/product\/35565","targetHints":{"allow":["GET"]}}],"collection":[{"href":"https:\/\/alfaomega.tv\/librarie\/wp-json\/wp\/v2\/product"}],"about":[{"href":"https:\/\/alfaomega.tv\/librarie\/wp-json\/wp\/v2\/types\/product"}],"wp:featuredmedia":[{"embeddable":true,"href":"https:\/\/alfaomega.tv\/librarie\/wp-json\/wp\/v2\/media\/7193"}],"wp:attachment":[{"href":"https:\/\/alfaomega.tv\/librarie\/wp-json\/wp\/v2\/media?parent=35565"}],"wp:term":[{"taxonomy":"product_brand","embeddable":true,"href":"https:\/\/alfaomega.tv\/librarie\/wp-json\/wp\/v2\/product_brand?post=35565"},{"taxonomy":"product_cat","embeddable":true,"href":"https:\/\/alfaomega.tv\/librarie\/wp-json\/wp\/v2\/product_cat?post=35565"},{"taxonomy":"product_tag","embeddable":true,"href":"https:\/\/alfaomega.tv\/librarie\/wp-json\/wp\/v2\/product_tag?post=35565"}],"curies":[{"name":"wp","href":"https:\/\/api.w.org\/{rel}","templated":true}]}}