{"id":35569,"date":"2025-08-29T12:57:34","date_gmt":"2025-08-29T12:57:34","guid":{"rendered":"https:\/\/alfaomega.tv\/librarie\/?post_type=product&#038;p=35569"},"modified":"2025-09-04T09:03:09","modified_gmt":"2025-09-04T09:03:09","slug":"calatorie-in-slava","status":"publish","type":"product","link":"https:\/\/alfaomega.tv\/librarie\/produse\/slujind-trupul-lui-hristos\/calatorie-in-slava\/","title":{"rendered":"C\u0103l\u0103torie \u00een slav\u0103"},"content":{"rendered":"<p>Este posibil s\u0103 tr\u0103ie\u0219ti \u00een mod constant pe t\u0103r\u00e2mul supranatural al slavei lui Dumnezeu de aici de pe p\u0103m\u00e2nt?<br \/>\u0218i dac\u0103 da, cum poate aceasta s\u0103 devin\u0103 o realitate \u00een vie\u021bile noastre?<\/p>\n<p>\u00cen aceast\u0103 carte, dr. Georg Karl pune o baz\u0103 solid\u0103 biblic\u0103 \u0219i spiritual\u0103, explic\u00e2nd cum po\u021bi s\u0103 atingi posibilit\u0103\u021bile nelimitate ale lui Dumnezeu \u0219i s\u0103 demonstrezi realitatea Lui supranatural\u0103 \u00een aceast\u0103 lume.<\/p>\n<p>\u201eRecomand aceast\u0103 carte \u2013 \u201eC\u0103l\u0103torie \u00een Slav\u0103\u201d \u2013 liderilor, dar \u0219i membrilor bisericii, pentru c\u0103 revela\u021bia din ea, primit\u0103 \u0219i aplicat\u0103 prin credin\u021b\u0103, f\u0103r\u0103 \u00eendoial\u0103 va atinge, schimba \u0219i transforma vie\u021bile celor care o primesc.\u201d<br \/>Apostol Guillermo Maldonado, King Jesus International Ministry<\/p>\n<p>\u201eAceast\u0103 carte este \u00een v\u00e2rful a ceea ce face Dumnezeu ast\u0103zi peste tot \u00een lume \u00een aceast\u0103 mi\u0219care proasp\u0103t\u0103 a slavei Sale!\u201d<br \/>Dr. David Herzog, DH Ministries<\/p>\n<p>\u201eDac\u0103 e\u0219ti fl\u0103m\u00e2nd dup\u0103 miraculos \u0219i vrei s\u0103 te mi\u0219ti mai ad\u00e2nc \u00een lucrurile lui Dumnezeu, atunci aceast\u0103 carte este pentru tine.\u201d<br \/>Jeff Jansen, Global Fire Ministries<\/p>\n<p>\u201eUn material excelent \u0219i o carte revelatoare pe care o voi \u00eemp\u0103r\u021bi cu mul\u021bi din cei care lucreaz\u0103 cu mine \u0219i cu prieteni ai lucr\u0103rii.\u201d<br \/>Joshua Mills, New Wine International<\/p>\n<p>Pastorul Georg Karl \u00cel sluje\u0219te pe Isus Hristos ca lucr\u0103tor full-time, de 23 de ani. El a fost format \u0219i calificat de Dumnezeu, \u00een c\u0103l\u0103toria sa trec\u00e2nd prin multe sui\u0219uri \u0219i cobor\u00e2\u0219uri. \u00cen slujirea sa, el experimenteaz\u0103 \u00een mod continuu ceea ce descrie \u00een aceast\u0103 carte: slava lui Dumnezeu manifestat\u0103, \u00eenso\u021bit\u0103 de manifest\u0103ri extraordinare, de putere \u0219i minuni. Locuie\u0219te \u00een Stuttgart\/Germania, \u00eempreun\u0103 cu so\u021bia sa, Irina. Conduce Glory Harvest International Ministries \u0219i Glory Life Network \u2013 o re\u021bea de biserici care caut\u0103 permanent s\u0103 elibereze \u00eentr-un mod autentic puterea lui Dumnezeu \u00een toate domeniile vie\u021bii.<\/p>\n<\/p>\n<p>Numar de pagini: 286<\/p>\n","protected":false},"excerpt":{"rendered":"<p>\u00cen aceast\u0103 carte, dr. Georg Karl pune o baz\u0103 solid\u0103 biblic\u0103 \u0219i spiritual\u0103, explic\u00e2nd cum po\u021bi s\u0103 atingi posibilit\u0103\u021bile nelimitate ale lui Dumnezeu \u0219i s\u0103 demonstrezi realitatea Lui supranatural\u0103 \u00een aceast\u0103 lume.<\/p>\n","protected":false},"featured_media":7197,"template":"","meta":{"_acf_changed":false},"product_brand":[],"product_cat":[19],"product_tag":[],"class_list":{"0":"post-35569","1":"product","2":"type-product","3":"status-publish","4":"has-post-thumbnail","6":"product_cat-slujind-trupul-lui-hristos","7":"pa_autori-dr-georg-karl","8":"pa_format-carte-tiparita","10":"first","11":"instock","12":"shipping-taxable","13":"purchasable","14":"product-type-variable","15":"has-default-attributes"},"acf":[],"_links":{"self":[{"href":"https:\/\/alfaomega.tv\/librarie\/wp-json\/wp\/v2\/product\/35569","targetHints":{"allow":["GET"]}}],"collection":[{"href":"https:\/\/alfaomega.tv\/librarie\/wp-json\/wp\/v2\/product"}],"about":[{"href":"https:\/\/alfaomega.tv\/librarie\/wp-json\/wp\/v2\/types\/product"}],"wp:featuredmedia":[{"embeddable":true,"href":"https:\/\/alfaomega.tv\/librarie\/wp-json\/wp\/v2\/media\/7197"}],"wp:attachment":[{"href":"https:\/\/alfaomega.tv\/librarie\/wp-json\/wp\/v2\/media?parent=35569"}],"wp:term":[{"taxonomy":"product_brand","embeddable":true,"href":"https:\/\/alfaomega.tv\/librarie\/wp-json\/wp\/v2\/product_brand?post=35569"},{"taxonomy":"product_cat","embeddable":true,"href":"https:\/\/alfaomega.tv\/librarie\/wp-json\/wp\/v2\/product_cat?post=35569"},{"taxonomy":"product_tag","embeddable":true,"href":"https:\/\/alfaomega.tv\/librarie\/wp-json\/wp\/v2\/product_tag?post=35569"}],"curies":[{"name":"wp","href":"https:\/\/api.w.org\/{rel}","templated":true}]}}