{"id":35585,"date":"2025-08-29T12:57:36","date_gmt":"2025-08-29T12:57:36","guid":{"rendered":"https:\/\/alfaomega.tv\/librarie\/?post_type=product&#038;p=35585"},"modified":"2025-09-01T11:59:19","modified_gmt":"2025-09-01T11:59:19","slug":"eliberarea-captivilor","status":"publish","type":"product","link":"https:\/\/alfaomega.tv\/librarie\/produse\/restaurare-vindecare-eliberare\/eliberarea-captivilor\/","title":{"rendered":"Eliberarea captivilor"},"content":{"rendered":"<p>Cartea lui Alice Smith, Eliberarea captivilor este excelent\u0103! Domnul nostru Isus Hristos ne-a spus s\u0103 leg\u0103m omul tare \u00eenainte s\u0103 \u00eencerc\u0103m s\u0103-i jefuim gospod\u0103ria.\u00a0 Dac\u0103 vre\u021bi s\u0103 fi\u021bi liberi sau sunte\u021bi \u00een procesul de a-i elibera pe al\u021bii, trebuie s\u0103 citi\u021bi aceast\u0103 carte.<\/p>\n<p>Num\u0103r de pagini: 237<\/p>\n","protected":false},"excerpt":{"rendered":"<p>Tr\u0103im \u00eentr-un sezon \u00een care trebuie s\u0103 \u00een\u021belegem victoria pe care o avem \u00een calitate de copii ai lui Dumnezeu. Suntem un popor uns, care va face mari ispr\u0103vi.<\/p>\n","protected":false},"featured_media":7213,"template":"","meta":{"_acf_changed":false},"product_brand":[],"product_cat":[25],"product_tag":[],"class_list":{"0":"post-35585","1":"product","2":"type-product","3":"status-publish","4":"has-post-thumbnail","6":"product_cat-restaurare-vindecare-eliberare","7":"pa_autori-alice-smith","8":"pa_format-carte-tiparita","10":"first","11":"instock","12":"shipping-taxable","13":"purchasable","14":"product-type-variable","15":"has-default-attributes"},"acf":[],"_links":{"self":[{"href":"https:\/\/alfaomega.tv\/librarie\/wp-json\/wp\/v2\/product\/35585","targetHints":{"allow":["GET"]}}],"collection":[{"href":"https:\/\/alfaomega.tv\/librarie\/wp-json\/wp\/v2\/product"}],"about":[{"href":"https:\/\/alfaomega.tv\/librarie\/wp-json\/wp\/v2\/types\/product"}],"wp:featuredmedia":[{"embeddable":true,"href":"https:\/\/alfaomega.tv\/librarie\/wp-json\/wp\/v2\/media\/7213"}],"wp:attachment":[{"href":"https:\/\/alfaomega.tv\/librarie\/wp-json\/wp\/v2\/media?parent=35585"}],"wp:term":[{"taxonomy":"product_brand","embeddable":true,"href":"https:\/\/alfaomega.tv\/librarie\/wp-json\/wp\/v2\/product_brand?post=35585"},{"taxonomy":"product_cat","embeddable":true,"href":"https:\/\/alfaomega.tv\/librarie\/wp-json\/wp\/v2\/product_cat?post=35585"},{"taxonomy":"product_tag","embeddable":true,"href":"https:\/\/alfaomega.tv\/librarie\/wp-json\/wp\/v2\/product_tag?post=35585"}],"curies":[{"name":"wp","href":"https:\/\/api.w.org\/{rel}","templated":true}]}}