{"id":35587,"date":"2025-08-29T12:57:36","date_gmt":"2025-08-29T12:57:36","guid":{"rendered":"https:\/\/alfaomega.tv\/librarie\/?post_type=product&#038;p=35587"},"modified":"2026-03-11T09:35:45","modified_gmt":"2026-03-11T09:35:45","slug":"intalnire-in-petra","status":"publish","type":"product","link":"https:\/\/alfaomega.tv\/librarie\/produse\/intelegerea-vremurilor-israel\/intalnire-in-petra\/","title":{"rendered":"Intalnire in Petra"},"content":{"rendered":"<p>Israelul modern este o \u00eemplinire a profe\u021biilor biblice \u00een curs de desf\u0103\u0219urare. Credincio\u0219ii care promoveaz\u0103 teologia st\u0103p\u00e2nirii \u0219i teologia \u00eenlocuirii ignor\u0103 profe\u021biile biblice despre vremurile din urm\u0103 \u0219i nu vorbesc prea multe despre a doua venire a lui Isus. Cu toate acestea, studiul profe\u021biilor biblice are menirea de a ne preg\u0103ti \u0219i de a ne purifica inimile. Biblia dedic\u0103 sec\u021biuni mari profe\u021biei. Cum am putea s\u0103 ignor\u0103m acest lucru?<\/p>\n<p>Scripturile arat\u0103 spre Petra, locatie aflat\u0103 \u00een actuala na\u021biune a Iordaniei ca fiind locul unde evreii se vor refugia dup\u0103 ce va avea loc ceea ce s-a profe\u021bit cu privire la ur\u00e2ciunea pustiirii \u2013 entitatea profanatoare care prin prezen\u021ba ei va p\u00e2ng\u0103ri templul reconstruit din Ierusalim. (Daniel 9:27) S-a profe\u021bit c\u0103 aceast\u0103 profanare abominabil\u0103 se va produce \u00een zilele din urm\u0103 \u00eenainte de cea de-a doua veniri a lui Isus, c\u00e2nd Acesta se va \u00eentoarce pentru a intra \u00een posesia tronului str\u0103mo\u0219esc al tat\u0103lui s\u0103u David. Domnia Domnului pe p\u0103m\u00e2nt va fi o revendicare a pozi\u021biei Sale de Mesia \u0219i va dura o mie de ani.<\/p>\n<p>Num\u0103r de pagini: 119<\/p>\n","protected":false},"excerpt":{"rendered":"<p>Scripturile arat\u0103 spre Petra, locatie aflat\u0103 \u00een actuala na\u021biune a Iordaniei ca fiind locul unde evreii se vor refugia dup\u0103 ce va avea loc ceea ce s-a profe\u021bit cu privire la ur\u00e2ciunea pustiirii \u2013 entitatea profanatoare care prin prezen\u021ba ei va p\u00e2ng\u0103ri templul reconstruit din Ierusalim.<\/p>\n","protected":false},"featured_media":7215,"template":"","meta":{"_acf_changed":false},"product_brand":[],"product_cat":[24],"product_tag":[],"class_list":{"0":"post-35587","1":"product","2":"type-product","3":"status-publish","4":"has-post-thumbnail","6":"product_cat-intelegerea-vremurilor-israel","7":"pa_autori-christine-darg","8":"pa_format-carte-tiparita","9":"pa_format-carte-electronica","11":"first","12":"instock","13":"shipping-taxable","14":"purchasable","15":"product-type-variable"},"acf":[],"_links":{"self":[{"href":"https:\/\/alfaomega.tv\/librarie\/wp-json\/wp\/v2\/product\/35587","targetHints":{"allow":["GET"]}}],"collection":[{"href":"https:\/\/alfaomega.tv\/librarie\/wp-json\/wp\/v2\/product"}],"about":[{"href":"https:\/\/alfaomega.tv\/librarie\/wp-json\/wp\/v2\/types\/product"}],"wp:featuredmedia":[{"embeddable":true,"href":"https:\/\/alfaomega.tv\/librarie\/wp-json\/wp\/v2\/media\/7215"}],"wp:attachment":[{"href":"https:\/\/alfaomega.tv\/librarie\/wp-json\/wp\/v2\/media?parent=35587"}],"wp:term":[{"taxonomy":"product_brand","embeddable":true,"href":"https:\/\/alfaomega.tv\/librarie\/wp-json\/wp\/v2\/product_brand?post=35587"},{"taxonomy":"product_cat","embeddable":true,"href":"https:\/\/alfaomega.tv\/librarie\/wp-json\/wp\/v2\/product_cat?post=35587"},{"taxonomy":"product_tag","embeddable":true,"href":"https:\/\/alfaomega.tv\/librarie\/wp-json\/wp\/v2\/product_tag?post=35587"}],"curies":[{"name":"wp","href":"https:\/\/api.w.org\/{rel}","templated":true}]}}