{"id":35593,"date":"2025-08-29T12:57:46","date_gmt":"2025-08-29T12:57:46","guid":{"rendered":"https:\/\/alfaomega.tv\/librarie\/?post_type=product&#038;p=35593"},"modified":"2026-03-11T09:31:28","modified_gmt":"2026-03-11T09:31:28","slug":"cum-sa-ne-rugam-oglindind-inima-lui-dumnezeu","status":"publish","type":"product","link":"https:\/\/alfaomega.tv\/librarie\/produse\/rugaciune-mijlocire\/cum-sa-ne-rugam-oglindind-inima-lui-dumnezeu\/","title":{"rendered":"Cum sa ne rugam oglindind inima lui Dumnezeu"},"content":{"rendered":"<p>James Goll scrie despre mijlocire \u0219i mijlocire profetic\u0103 cu umor, integritate \u0219i \u00een\u021belegere profund\u0103, sond\u00e2nd f\u00e2nt\u00e2ni ad\u00e2nci \u00een \u00een\u021belegerea subiectului, \u00een timp ce al\u021bii ne-au servit doar o b\u0103utur\u0103 u\u0219oar\u0103.<br \/>\nTrupul lui Hristos are nevoie de aceast\u0103 carte. Ve\u021bi dori s\u0103 citi\u021bi unele capitole de mai multe ori, pentru c\u0103 de fiecare dat\u0103 c\u00e2nd o face\u021bi, ve\u021bi primi noi revela\u021bii \u0219i \u00een\u021belegeri.<br \/>\nV\u0103 invit s\u0103 face\u021bi o nou\u0103 c\u0103l\u0103torie pe t\u0103r\u00e2mul mijlocirii profetice al\u0103turi de James Goll. Deschide\u021bi paginile acestei c\u0103r\u021bi \u0219i be\u021bi profund din revela\u021bia sa. Ve\u021bi fi \u00eemprosp\u0103ta\u021bi, \u00eencuraja\u021bi, provoca\u021bi \u0219i mai aproape de Dumnezeu dec\u00e2t a\u021bi fost vreodat\u0103.<\/p>\n<p>Nr. pagini: 245<\/p>\n","protected":false},"excerpt":{"rendered":"<p>Parteneriatul \u00een rug\u0103ciune cu Dumnezeu este unul dintre cele mai mari onoruri \u0219i privilegii acordate credincio\u0219ilor \u00een Hristos Isus. Rug\u0103ciunea schimb\u0103 lucrurile. Cartea \u201eCum s\u0103 ne rug\u0103m oglindind inima lui Dumnezeu\u201d mi\u0219c\u0103 mun\u021bii, cheam\u0103 destinul profetic asupra unei genera\u021bii \u0219i v\u0103 aduce mai aproape de inima lui Dumnezeu \u00censu\u0219i!<\/p>\n","protected":false},"featured_media":7231,"template":"","meta":{"_acf_changed":false},"product_brand":[],"product_cat":[22],"product_tag":[],"class_list":{"0":"post-35593","1":"product","2":"type-product","3":"status-publish","4":"has-post-thumbnail","6":"product_cat-rugaciune-mijlocire","7":"pa_autori-james-w-goll","8":"pa_format-carte-tiparita","9":"pa_format-carte-electronica","11":"first","12":"instock","13":"shipping-taxable","14":"purchasable","15":"product-type-variable"},"acf":[],"_links":{"self":[{"href":"https:\/\/alfaomega.tv\/librarie\/wp-json\/wp\/v2\/product\/35593","targetHints":{"allow":["GET"]}}],"collection":[{"href":"https:\/\/alfaomega.tv\/librarie\/wp-json\/wp\/v2\/product"}],"about":[{"href":"https:\/\/alfaomega.tv\/librarie\/wp-json\/wp\/v2\/types\/product"}],"wp:featuredmedia":[{"embeddable":true,"href":"https:\/\/alfaomega.tv\/librarie\/wp-json\/wp\/v2\/media\/7231"}],"wp:attachment":[{"href":"https:\/\/alfaomega.tv\/librarie\/wp-json\/wp\/v2\/media?parent=35593"}],"wp:term":[{"taxonomy":"product_brand","embeddable":true,"href":"https:\/\/alfaomega.tv\/librarie\/wp-json\/wp\/v2\/product_brand?post=35593"},{"taxonomy":"product_cat","embeddable":true,"href":"https:\/\/alfaomega.tv\/librarie\/wp-json\/wp\/v2\/product_cat?post=35593"},{"taxonomy":"product_tag","embeddable":true,"href":"https:\/\/alfaomega.tv\/librarie\/wp-json\/wp\/v2\/product_tag?post=35593"}],"curies":[{"name":"wp","href":"https:\/\/api.w.org\/{rel}","templated":true}]}}