{"id":35597,"date":"2025-08-29T12:57:46","date_gmt":"2025-08-29T12:57:46","guid":{"rendered":"https:\/\/alfaomega.tv\/librarie\/?post_type=product&#038;p=35597"},"modified":"2025-11-10T11:32:24","modified_gmt":"2025-11-10T11:32:24","slug":"antreprenorul-din-ierusalim","status":"publish","type":"product","link":"https:\/\/alfaomega.tv\/librarie\/produse\/crestinul-si-societatea\/antreprenorul-din-ierusalim\/","title":{"rendered":"Antreprenorul din Ierusalim"},"content":{"rendered":"<p>Cum trecem de la o afacere condus\u0103 de bani la una condus\u0103 de scop, care este o binecuv\u00e2ntare pentru societate, pentru crea\u021bie \u0219i pentru Dumnezeu \u0219i s\u0103 fim totu\u0219i profitabili din punct de vedere economic?<\/p>\n<p>\u00cen Antreprenorul din Ierusalim, Wouter Droppers pune \u00een contrast ora\u0219ele biblice, Ierusalim \u0219i Babilon, care reprezint\u0103 cele dou\u0103 modele de afaceri care domin\u0103 lumea afacerilor de ast\u0103zi.<\/p>\n<p>Babilonul, ora\u0219ul omului, pune accent pe realizarea de sine prin putere, concuren\u021b\u0103 \u0219i realiz\u0103ri. Obiectivul principal este de a face bani. Motto-ul s\u0103u este: \u201cScopul scuz\u0103 mijloacele.\u201d<\/p>\n<p>Ierusalimul, ora\u0219ul lui Dumnezeu, pune accentul pe iubire, dreptate \u0219i slujire. Obiectivul principal este bun\u0103starea tuturor. Folosind Noul Ierusalim ca exemplu, Wouter dezv\u0103luie c\u0103 antreprenorul din Noul Ierusalim salut\u0103 implicarea lui Dumnezeu \u0219i adaug\u0103 valoare clientului \u0219i lumii, \u00eentr-un mod profitabil din punct de vedere economic.<\/p>\n<p>Wouter \u00eemp\u0103rt\u0103\u0219e\u0219te idei \u0219i lec\u021bii prin pove\u0219ti \u0219i experien\u021be personale, pentru a inspira antreprenorii \u0219i liderii din lumea afacerilor s\u0103-L implice pe Dumnezeu \u00een activitatea lor \u0219i s\u0103 devin\u0103 surs\u0103 de bun\u0103stare pentru lumea din jur.<br \/>\nE\u0219ti gata s\u0103 fii un antreprenor din Ierusalim?<\/p>\n<p>&nbsp;<\/p>\n","protected":false},"excerpt":{"rendered":"<p>Cum trecem de la o afacere condus\u0103 de bani la una condus\u0103 de scop, care este o binecuv\u00e2ntare pentru societate, pentru crea\u021bie \u0219i pentru Dumnezeu \u0219i s\u0103 fim totu\u0219i profitabili din punct de vedere economic?<\/p>\n<p>\u00cen Antreprenorul din Ierusalim, Wouter Droppers pune \u00een contrast ora\u0219ele biblice, Ierusalim \u0219i Babilon, care reprezint\u0103 cele dou\u0103 modele de afaceri care domin\u0103 lumea afacerilor de ast\u0103zi.<\/p>\n","protected":false},"featured_media":7235,"template":"","meta":{"_acf_changed":false},"product_brand":[],"product_cat":[30],"product_tag":[],"class_list":{"0":"post-35597","1":"product","2":"type-product","3":"status-publish","4":"has-post-thumbnail","6":"product_cat-crestinul-si-societatea","7":"pa_autori-wouter-droppers","8":"pa_format-carte-tiparita","9":"pa_format-carte-electronica","11":"first","12":"instock","13":"shipping-taxable","14":"purchasable","15":"product-type-variable"},"acf":[],"_links":{"self":[{"href":"https:\/\/alfaomega.tv\/librarie\/wp-json\/wp\/v2\/product\/35597","targetHints":{"allow":["GET"]}}],"collection":[{"href":"https:\/\/alfaomega.tv\/librarie\/wp-json\/wp\/v2\/product"}],"about":[{"href":"https:\/\/alfaomega.tv\/librarie\/wp-json\/wp\/v2\/types\/product"}],"wp:featuredmedia":[{"embeddable":true,"href":"https:\/\/alfaomega.tv\/librarie\/wp-json\/wp\/v2\/media\/7235"}],"wp:attachment":[{"href":"https:\/\/alfaomega.tv\/librarie\/wp-json\/wp\/v2\/media?parent=35597"}],"wp:term":[{"taxonomy":"product_brand","embeddable":true,"href":"https:\/\/alfaomega.tv\/librarie\/wp-json\/wp\/v2\/product_brand?post=35597"},{"taxonomy":"product_cat","embeddable":true,"href":"https:\/\/alfaomega.tv\/librarie\/wp-json\/wp\/v2\/product_cat?post=35597"},{"taxonomy":"product_tag","embeddable":true,"href":"https:\/\/alfaomega.tv\/librarie\/wp-json\/wp\/v2\/product_tag?post=35597"}],"curies":[{"name":"wp","href":"https:\/\/api.w.org\/{rel}","templated":true}]}}