{"id":35599,"date":"2025-08-29T12:57:46","date_gmt":"2025-08-29T12:57:46","guid":{"rendered":"https:\/\/alfaomega.tv\/librarie\/?post_type=product&#038;p=35599"},"modified":"2025-11-04T13:46:59","modified_gmt":"2025-11-04T13:46:59","slug":"a-fi-mare-si-totusi-mic","status":"publish","type":"product","link":"https:\/\/alfaomega.tv\/librarie\/produse\/crestinul-si-societatea\/a-fi-mare-si-totusi-mic\/","title":{"rendered":"A fi mare si totusi mic"},"content":{"rendered":"<p>Scopul acestui scurt material este de a analiza provoc\u0103rile care vin odat\u0103 cu dimensiunea \u0219i de a ne ajuta s\u0103 folosim la maximum momentele propice. De asemenea, \u00eemi propun s\u0103 abordez o parte din temerile \u0219i incertitudinile pe care dumneavoastr\u0103 \u0219i echipele dumneavoastr\u0103 le pute\u021bi experimenta. Vreau s\u0103 pun \u00een cuvinte modul \u00een care g\u00e2ndesc despre ideea de a fi mare \u0219i mic \u00een acela\u0219i timp.<br \/>\nIat\u0103 c\u00e2teva dintre \u00eentreb\u0103rile la care voi \u00eencerca s\u0103 r\u0103spund:<br \/>\nCum putem fi mari (\u0219i chiar foarte mari) \u0219i s\u0103 avem \u00een continuare sentimentul unei companii mici?<br \/>\nCum poate un individ s\u0103-\u0219i g\u0103seasc\u0103 drumul \u00eentr-o companie de mari dimensiuni?<br \/>\nCum putem optimiza o companie mare \u0219i cu multe resurse, care, \u00een acela\u0219i timp, s\u0103-\u0219i p\u0103streze agilitatea \u0219i foamea unui start-up?<\/p>\n<p>&nbsp;<\/p>\n","protected":false},"excerpt":{"rendered":"<p>Cum poate o companie s\u0103 se bucure de toate oportunit\u0103\u021bile care vin odat\u0103 cu dezvoltarea \u0219i, \u00een acela\u0219i timp, s\u0103 p\u0103streze valorile \u0219i cultura care au ajutat-o s\u0103 ajung\u0103 mare? Se poate lucrul acesta?<\/p>\n<p>Aceast\u0103 carte prezint\u0103 idei \u0219i practici care pot ajuta o companie s\u0103 fie mare \u0219i mic\u0103&#8230; \u00een acela\u0219i timp.<\/p>\n","protected":false},"featured_media":7237,"template":"","meta":{"_acf_changed":false},"product_brand":[],"product_cat":[30],"product_tag":[],"class_list":{"0":"post-35599","1":"product","2":"type-product","3":"status-publish","4":"has-post-thumbnail","6":"product_cat-crestinul-si-societatea","7":"pa_autori-michael-r-baer","8":"pa_format-carte-tiparita","9":"pa_format-carte-electronica","11":"first","12":"instock","13":"shipping-taxable","14":"purchasable","15":"product-type-variable"},"acf":[],"_links":{"self":[{"href":"https:\/\/alfaomega.tv\/librarie\/wp-json\/wp\/v2\/product\/35599","targetHints":{"allow":["GET"]}}],"collection":[{"href":"https:\/\/alfaomega.tv\/librarie\/wp-json\/wp\/v2\/product"}],"about":[{"href":"https:\/\/alfaomega.tv\/librarie\/wp-json\/wp\/v2\/types\/product"}],"wp:featuredmedia":[{"embeddable":true,"href":"https:\/\/alfaomega.tv\/librarie\/wp-json\/wp\/v2\/media\/7237"}],"wp:attachment":[{"href":"https:\/\/alfaomega.tv\/librarie\/wp-json\/wp\/v2\/media?parent=35599"}],"wp:term":[{"taxonomy":"product_brand","embeddable":true,"href":"https:\/\/alfaomega.tv\/librarie\/wp-json\/wp\/v2\/product_brand?post=35599"},{"taxonomy":"product_cat","embeddable":true,"href":"https:\/\/alfaomega.tv\/librarie\/wp-json\/wp\/v2\/product_cat?post=35599"},{"taxonomy":"product_tag","embeddable":true,"href":"https:\/\/alfaomega.tv\/librarie\/wp-json\/wp\/v2\/product_tag?post=35599"}],"curies":[{"name":"wp","href":"https:\/\/api.w.org\/{rel}","templated":true}]}}