{"id":35601,"date":"2025-08-29T12:57:47","date_gmt":"2025-08-29T12:57:47","guid":{"rendered":"https:\/\/alfaomega.tv\/librarie\/?post_type=product&#038;p=35601"},"modified":"2025-11-06T12:09:01","modified_gmt":"2025-11-06T12:09:01","slug":"de-ce-este-atat-de-greu-pentru-evrei-sa-creada-in-isus","status":"publish","type":"product","link":"https:\/\/alfaomega.tv\/librarie\/produse\/intelegerea-vremurilor-israel\/de-ce-este-atat-de-greu-pentru-evrei-sa-creada-in-isus\/","title":{"rendered":"De ce este atat de greu pentru evrei s\u0103 cread\u0103 \u00een Isus?"},"content":{"rendered":"<p>Num\u0103rul de evrei care cred \u00een Isus ca \u0219i Mesia (cunoscu\u021bi \u0219i ca evrei mesianici) este \u00een cre\u0219tere, dar r\u0103m\u00e2ne mic. Majoritatea cov\u00e2r\u0219itoare de evrei din \u00eentreaga lume nu \u00cel vede pe Isus ca fiind a\u0219teptatul Mesia. \u00cen r\u00e2ndul cre\u0219tinilor, aceasta ridic\u0103 \u00eentreb\u0103ri, \u0219i uneori, \u0219i lips\u0103 de sensibilitate \u0219i ne\u00een\u021belegeri. Uneori oamenii spun: \u201eEvreii ar trebui s\u0103 \u00eenceap\u0103 prin a-L accepta pe Isus, dac\u0103 doresc s\u0103 fie numi\u021bi oamenii lui Dumnezeu.\u201d Al\u021bii se \u00eentreab\u0103: \u201ePasajele din Vechiul Testament care \u00cel indic\u0103 pe Isus nu sunt evidente?\u201d Aceasta duce la \u00eentrebarea de ce le este at\u00e2t de greu s\u0103 \u00cel accepte pe Isus? \u0218i de ce este Isus un subiect at\u00e2t de sensibil \u00een conversa\u021biile cu evreii? De ce discu\u021bia despre Isus provoac\u0103 at\u00e2ta iritare \u00een r\u00e2ndul evreilor?<br \/>\nExist\u0103 mai multe r\u0103spunsuri posibile la toate aceste \u00eentreb\u0103ri. Prezenta bro\u0219ur\u0103 este o umil\u0103 \u00eencercare de a da c\u00e2teva r\u0103spunsuri. Obiectivul ei este de a promova o mai bun\u0103 \u00een\u021belegere printre cre\u0219tini legat\u0103 de sentimentele \u0219i rezisten\u021ba din r\u00e2ndul evreilor atunci c\u00e2nd vine vorba de Isus. Aici se petrec mult mai multe lucruri dec\u00e2t se poate vedea cu ochiul liber. Nu trebuie s\u0103 o consider\u0103m doar \u00eenc\u0103p\u0103\u021b\u00e2nare din partea evreilor. Acest lucru ar fi nedrept fa\u021b\u0103 de ei \u0219i ar subestima rezisten\u021ba \u00een acceptarea lui Isus ca Mesia al lor. Pentru a g\u0103si r\u0103spunsuri, este important s\u0103 \u00eencepem cu originile Bisericii cre\u0219tine timpurie, iar apoi, s\u0103 privim la vremurile noastre prin prisma istoriei.<\/p>\n<p>&nbsp;<\/p>\n","protected":false},"excerpt":{"rendered":"<p>Num\u0103rul de evrei care cred \u00een Isus ca \u0219i Mesia al lor (cunoscu\u021bi ca \u0219i evrei mesianici) este \u00een cre\u0219tere, dar r\u0103m\u00e2ne \u00eenc\u0103 mic. Majoritatea cov\u00e2r\u0219itoare a evreilor din \u00eentreaga lume nu \u00cel vede pe Isus ca \u0219i a\u0219teptatul Mesia.<br \/>\nAceasta ridic\u0103 \u00eentreb\u0103ri \u00een r\u00e2ndul cre\u0219tinilor \u0219i c\u00e2teodat\u0103 \u0219i lips\u0103 de sensibilitate \u0219i o \u00een\u021belegere gre\u0219it\u0103. Aceasta ridic\u0103 \u00eentrebarea de ce este at\u00e2t de greu pentru ei s\u0103 \u00cel accepte pe Isus? \u0218i de ce este Isus un subiect at\u00e2t de sensibil \u00een discu\u021biile cu evreii? De ce discu\u021bia despre Isus provoac\u0103 adesea iritare \u00een r\u00e2ndurile evreilor? Exist\u0103 mai multe r\u0103spunsuri posibile la toate aceste \u00eentreb\u0103ri. Aceast\u0103 bro\u0219ur\u0103 este o \u00eencercare modest\u0103 de a da c\u00e2teva r\u0103spunsuri.<\/p>\n","protected":false},"featured_media":7239,"template":"","meta":{"_acf_changed":false},"product_brand":[],"product_cat":[24],"product_tag":[],"class_list":{"0":"post-35601","1":"product","2":"type-product","3":"status-publish","4":"has-post-thumbnail","6":"product_cat-intelegerea-vremurilor-israel","7":"pa_autori-cornelis-kant","8":"pa_format-carte-tiparita","9":"pa_format-carte-electronica","11":"first","12":"instock","13":"shipping-taxable","14":"purchasable","15":"product-type-variable"},"acf":[],"_links":{"self":[{"href":"https:\/\/alfaomega.tv\/librarie\/wp-json\/wp\/v2\/product\/35601","targetHints":{"allow":["GET"]}}],"collection":[{"href":"https:\/\/alfaomega.tv\/librarie\/wp-json\/wp\/v2\/product"}],"about":[{"href":"https:\/\/alfaomega.tv\/librarie\/wp-json\/wp\/v2\/types\/product"}],"wp:featuredmedia":[{"embeddable":true,"href":"https:\/\/alfaomega.tv\/librarie\/wp-json\/wp\/v2\/media\/7239"}],"wp:attachment":[{"href":"https:\/\/alfaomega.tv\/librarie\/wp-json\/wp\/v2\/media?parent=35601"}],"wp:term":[{"taxonomy":"product_brand","embeddable":true,"href":"https:\/\/alfaomega.tv\/librarie\/wp-json\/wp\/v2\/product_brand?post=35601"},{"taxonomy":"product_cat","embeddable":true,"href":"https:\/\/alfaomega.tv\/librarie\/wp-json\/wp\/v2\/product_cat?post=35601"},{"taxonomy":"product_tag","embeddable":true,"href":"https:\/\/alfaomega.tv\/librarie\/wp-json\/wp\/v2\/product_tag?post=35601"}],"curies":[{"name":"wp","href":"https:\/\/api.w.org\/{rel}","templated":true}]}}