{"id":35605,"date":"2025-08-29T12:57:47","date_gmt":"2025-08-29T12:57:47","guid":{"rendered":"https:\/\/alfaomega.tv\/librarie\/?post_type=product&#038;p=35605"},"modified":"2025-08-29T12:57:56","modified_gmt":"2025-08-29T12:57:56","slug":"dumnezeu-sursa-vindecarii","status":"publish","type":"product","link":"https:\/\/alfaomega.tv\/librarie\/produse\/derek-prince\/dumnezeu-sursa-vindecarii\/","title":{"rendered":"Dumnezeu, sursa vindec\u0103rii"},"content":{"rendered":"<p>Bro\u0219ura de fa\u021b\u0103 trateaz\u0103 vindecarea \u0219i s\u0103n\u0103tatea ca fiind darul lui Dumnezeu pentru to\u021bi aceia care \u00ee\u0219i pleac\u0103 urechea la glasul \u0219i Cuv\u00e2ntul Lui, Derek Prince descriind din experien\u021b\u0103 personal\u0103 cum a fost vindecat de o boal\u0103 incurabil\u0103.<\/p>\n<p>Cuprins<br \/>1. Ia conform instruc\u0163iunilor<br \/>2. Acord\u0103 o aten\u021bie deosebit\u0103<br \/>3. Pleac\u0103-\u0163i urechea<br \/>4. S\u0103 nu se dep\u0103rteze de ochii t\u0103i<br \/>5. P\u0103streaz\u0103-le \u00een inima ta<\/p>\n<p>Bro\u0219ura are la final o sec\u021biune cu \u00eentreb\u0103ri pentru STUDIU.<\/p>\n","protected":false},"excerpt":{"rendered":"<p>Bro\u0219ura de fa\u021b\u0103 trateaz\u0103 vindecarea \u0219i s\u0103n\u0103tatea ca fiind darul lui Dumnezeu pentru to\u021bi aceia care \u00ee\u0219i pleac\u0103 urechea la glasul \u0219i Cuv\u00e2ntul Lui, Derek Prince descriind din experien\u021b\u0103 personal\u0103 cum a fost vindecat de o boal\u0103 incurabil\u0103.<\/p>\n","protected":false},"featured_media":7243,"template":"","meta":{"_acf_changed":false},"product_brand":[],"product_cat":[42],"product_tag":[],"class_list":{"0":"post-35605","1":"product","2":"type-product","3":"status-publish","4":"has-post-thumbnail","6":"product_cat-derek-prince","7":"pa_autori-derek-prince","8":"pa_format-carte-tiparita","10":"first","11":"outofstock","12":"shipping-taxable","13":"purchasable","14":"product-type-variable","15":"has-default-attributes"},"acf":[],"_links":{"self":[{"href":"https:\/\/alfaomega.tv\/librarie\/wp-json\/wp\/v2\/product\/35605","targetHints":{"allow":["GET"]}}],"collection":[{"href":"https:\/\/alfaomega.tv\/librarie\/wp-json\/wp\/v2\/product"}],"about":[{"href":"https:\/\/alfaomega.tv\/librarie\/wp-json\/wp\/v2\/types\/product"}],"wp:featuredmedia":[{"embeddable":true,"href":"https:\/\/alfaomega.tv\/librarie\/wp-json\/wp\/v2\/media\/7243"}],"wp:attachment":[{"href":"https:\/\/alfaomega.tv\/librarie\/wp-json\/wp\/v2\/media?parent=35605"}],"wp:term":[{"taxonomy":"product_brand","embeddable":true,"href":"https:\/\/alfaomega.tv\/librarie\/wp-json\/wp\/v2\/product_brand?post=35605"},{"taxonomy":"product_cat","embeddable":true,"href":"https:\/\/alfaomega.tv\/librarie\/wp-json\/wp\/v2\/product_cat?post=35605"},{"taxonomy":"product_tag","embeddable":true,"href":"https:\/\/alfaomega.tv\/librarie\/wp-json\/wp\/v2\/product_tag?post=35605"}],"curies":[{"name":"wp","href":"https:\/\/api.w.org\/{rel}","templated":true}]}}