{"id":35607,"date":"2025-08-29T12:57:47","date_gmt":"2025-08-29T12:57:47","guid":{"rendered":"https:\/\/alfaomega.tv\/librarie\/?post_type=product&#038;p=35607"},"modified":"2025-08-29T12:57:57","modified_gmt":"2025-08-29T12:57:57","slug":"schimbul-divin-de-la-cruce","status":"publish","type":"product","link":"https:\/\/alfaomega.tv\/librarie\/produse\/derek-prince\/schimbul-divin-de-la-cruce\/","title":{"rendered":"Schimbul divin de la cruce"},"content":{"rendered":"<p>\u00centregul mesaj al Evangheliei graviteaz\u0103 \u00een jurul unui eveniment istoric unic: moartea jertfitoare a lui Isus pe cruce. Prin aceast\u0103 jertf\u0103, Dumnezeu nu ne-a oferit doar accesul direct \u00een prezen\u021ba lui Dumnezeu Tat\u0103l \u0219i posibilitatea sp\u0103l\u0103rii totale a p\u0103catelor noastre, ci mai mult dec\u00e2t at\u00e2t: El ne-a pus la dispozi\u021bie o solu\u021bie unic\u0103 \u0219i atotcuprinz\u0103toare, cu binecuv\u00e2nt\u0103ri concrete, pentru toate nevoile noastre spirituale, emo\u021bionale, fizice \u0219i materiale.<\/p>\n<p>Bro\u0219ura are la final o sec\u021biune cu \u00eentreb\u0103ri pentru STUDIU.<\/p>\n<\/p>\n<p>Nr. pagini -36<\/p>\n","protected":false},"excerpt":{"rendered":"<p>\u00centregul mesaj al Evangheliei graviteaz\u0103 \u00een jurul unui eveniment istoric unic: moartea jertfitoare a lui Isus pe cruce. Prin aceast\u0103 jertf\u0103, Dumnezeu nu ne-a oferit doar accesul direct \u00een prezen\u021ba lui Dumnezeu Tat\u0103l \u0219i posibilitatea sp\u0103l\u0103rii totale a p\u0103catelor noastre, ci mai mult dec\u00e2t at\u00e2t: El ne-a pus la dispozi\u021bie o solu\u021bie unic\u0103 \u0219i atotcuprinz\u0103toare, cu binecuv\u00e2nt\u0103ri concrete, pentru toate nevoile noastre spirituale, emo\u021bionale, fizice \u0219i materiale.<\/p>\n","protected":false},"featured_media":7245,"template":"","meta":{"_acf_changed":false},"product_brand":[],"product_cat":[42],"product_tag":[],"class_list":{"0":"post-35607","1":"product","2":"type-product","3":"status-publish","4":"has-post-thumbnail","6":"product_cat-derek-prince","7":"pa_autori-derek-prince","8":"pa_format-carte-tiparita","10":"first","11":"outofstock","12":"shipping-taxable","13":"purchasable","14":"product-type-variable","15":"has-default-attributes"},"acf":[],"_links":{"self":[{"href":"https:\/\/alfaomega.tv\/librarie\/wp-json\/wp\/v2\/product\/35607","targetHints":{"allow":["GET"]}}],"collection":[{"href":"https:\/\/alfaomega.tv\/librarie\/wp-json\/wp\/v2\/product"}],"about":[{"href":"https:\/\/alfaomega.tv\/librarie\/wp-json\/wp\/v2\/types\/product"}],"wp:featuredmedia":[{"embeddable":true,"href":"https:\/\/alfaomega.tv\/librarie\/wp-json\/wp\/v2\/media\/7245"}],"wp:attachment":[{"href":"https:\/\/alfaomega.tv\/librarie\/wp-json\/wp\/v2\/media?parent=35607"}],"wp:term":[{"taxonomy":"product_brand","embeddable":true,"href":"https:\/\/alfaomega.tv\/librarie\/wp-json\/wp\/v2\/product_brand?post=35607"},{"taxonomy":"product_cat","embeddable":true,"href":"https:\/\/alfaomega.tv\/librarie\/wp-json\/wp\/v2\/product_cat?post=35607"},{"taxonomy":"product_tag","embeddable":true,"href":"https:\/\/alfaomega.tv\/librarie\/wp-json\/wp\/v2\/product_tag?post=35607"}],"curies":[{"name":"wp","href":"https:\/\/api.w.org\/{rel}","templated":true}]}}