{"id":35611,"date":"2025-08-29T12:57:48","date_gmt":"2025-08-29T12:57:48","guid":{"rendered":"https:\/\/alfaomega.tv\/librarie\/?post_type=product&#038;p=35611"},"modified":"2025-10-28T14:29:20","modified_gmt":"2025-10-28T14:29:20","slug":"ultimele-sapte-cuvinte-ale-lui-isus","status":"publish","type":"product","link":"https:\/\/alfaomega.tv\/librarie\/produse\/intelegerea-vremurilor-israel\/ultimele-sapte-cuvinte-ale-lui-isus\/","title":{"rendered":"Ultimele sapte cuvinte ale lui Isus"},"content":{"rendered":"<p>Atunci c\u00e2nd o persoan\u0103 important\u0103 moare, to\u021bi doresc s\u0103 afle ultimele lor cuvinte.<br \/>\nUltimele \u0219apte afirma\u021bii ale lui Isus Mesia, Yeshua HaMashiach, rostite la cruce sunt extrem de profunde \u0219i cu mult\u0103 greutate. Acestea sunt mesajele \u0219i instruc\u021biunile de desp\u0103r\u021bire ale M\u00e2ntuitorului, date pentru beneficiul celor din apropierea crucii, dar \u0219i pentru genera\u021biile viitoare.<br \/>\n\u00cen ciuda agoniei de pe parcursul crucific\u0103rii, ultimele Lui cuvinte nu au exprimat furie sau resemnare, dar au demonstrat t\u0103ria unei Persoane drepte, \u00een deplin control al demnit\u0103\u021bii Sale. Cuvintele Evangheliei lui Ioan spun adev\u0103rul: \u201ea iubit p\u00e2n\u0103 la cap\u0103t.\u201d (Ioan 13:1)<br \/>\nHaide\u021bi s\u0103 ne \u00eentoarcem \u00eenapoi \u00een timp la crucea lui Isus, \u00een Ierusalim.<br \/>\nHaide\u021bi s\u0103 st\u0103m cu reveren\u021b\u0103 \u0219i s\u0103 c\u00e2nt\u0103m vechea c\u00e2ntare, care spune: \u201eAi fost tu acolo c\u00e2nd L-au crucificat pe Domnul meu?\u201d S\u0103 ascult\u0103m ultimele cuvinte ale Salvatorului, consemnate \u00een Evanghelii. Noi nu-I putem u\u0219ura suferin\u021bele, dar \u00cel putem onora, asemenea celor devota\u021bi care au privit la piciorul crucii.<\/p>\n<p>&nbsp;<\/p>\n","protected":false},"excerpt":{"rendered":"<p>Ultimele \u0219apte afirma\u021bii ale lui Isus Mesia, Yeshua HaMashiach, rostite la cruce sunt extrem de profunde \u0219i cu mult\u0103 greutate. Acestea sunt mesajele \u0219i instruc\u021biunile de desp\u0103r\u021bire ale M\u00e2ntuitorului, date pentru beneficiul celor din apropierea crucii, dar \u0219i pentru genera\u021biile viitoare.<br \/>\n\u00cen ciuda agoniei de pe parcursul crucific\u0103rii, ultimele Lui cuvinte nu au exprimat furie sau resemnare, dar au demonstrat t\u0103ria unei Persoane drepte, \u00een deplin control al demnit\u0103\u021bii Sale. Cuvintele Evangheliei lui Ioan spun adev\u0103rul: \u201ea iubit p\u00e2n\u0103 la cap\u0103t.\u201d (Ioan 13:1)<\/p>\n","protected":false},"featured_media":7249,"template":"","meta":{"_acf_changed":false},"product_brand":[],"product_cat":[24],"product_tag":[],"class_list":{"0":"post-35611","1":"product","2":"type-product","3":"status-publish","4":"has-post-thumbnail","6":"product_cat-intelegerea-vremurilor-israel","7":"pa_autori-christine-darg","8":"pa_format-carte-tiparita","9":"pa_format-carte-electronica","11":"first","12":"instock","13":"shipping-taxable","14":"purchasable","15":"product-type-variable"},"acf":[],"_links":{"self":[{"href":"https:\/\/alfaomega.tv\/librarie\/wp-json\/wp\/v2\/product\/35611","targetHints":{"allow":["GET"]}}],"collection":[{"href":"https:\/\/alfaomega.tv\/librarie\/wp-json\/wp\/v2\/product"}],"about":[{"href":"https:\/\/alfaomega.tv\/librarie\/wp-json\/wp\/v2\/types\/product"}],"wp:featuredmedia":[{"embeddable":true,"href":"https:\/\/alfaomega.tv\/librarie\/wp-json\/wp\/v2\/media\/7249"}],"wp:attachment":[{"href":"https:\/\/alfaomega.tv\/librarie\/wp-json\/wp\/v2\/media?parent=35611"}],"wp:term":[{"taxonomy":"product_brand","embeddable":true,"href":"https:\/\/alfaomega.tv\/librarie\/wp-json\/wp\/v2\/product_brand?post=35611"},{"taxonomy":"product_cat","embeddable":true,"href":"https:\/\/alfaomega.tv\/librarie\/wp-json\/wp\/v2\/product_cat?post=35611"},{"taxonomy":"product_tag","embeddable":true,"href":"https:\/\/alfaomega.tv\/librarie\/wp-json\/wp\/v2\/product_tag?post=35611"}],"curies":[{"name":"wp","href":"https:\/\/api.w.org\/{rel}","templated":true}]}}