{"id":35615,"date":"2025-08-29T12:57:48","date_gmt":"2025-08-29T12:57:48","guid":{"rendered":"https:\/\/alfaomega.tv\/librarie\/?post_type=product&#038;p=35615"},"modified":"2025-10-28T13:40:22","modified_gmt":"2025-10-28T13:40:22","slug":"50-de-daruri-ale-duhului-sfant","status":"publish","type":"product","link":"https:\/\/alfaomega.tv\/librarie\/produse\/identitate-crestere-spirituala-revelatie\/50-de-daruri-ale-duhului-sfant\/","title":{"rendered":"50 de daruri ale Duhului Sfa\u0302nt"},"content":{"rendered":"<p>\u00centr-o trus\u0103 tipic\u0103 de scule, exist\u0103 o mare varietate de unelte pentru a face diverse lucr\u0103ri. Darurile Duhului Sf\u00e2nt pot fi asem\u0103nate cu aceste diverse instrumente pe care le putem vedea \u00eentr-o trus\u0103 de scule. C\u00e2nd Duhul Sf\u00e2nt locuie\u0219te \u00een noi, odat\u0103 cu El avem parte de tot poten\u021bialul diferitelor Sale daruri. C\u00e2nd este nevoie de ajutor \u0219i pe m\u0103sur\u0103 ce ne supunem Duhului Sf\u00e2nt, El poate manifesta prin noi daruri, fie c\u0103 este vorba de vindecare, miracole sau un cuv\u00e2nt de cuno\u0219tin\u021b\u0103. Ar trebui s\u0103 credem c\u0103 toate darurile Duhului Sf\u00e2nt ne sunt disponibile \u00een orice moment. De asemenea, ar trebui s\u0103 credem c\u0103 Domnul ne onoreaz\u0103 tot timpul credin\u021ba.<\/p>\n<p>&nbsp;<\/p>\n","protected":false},"excerpt":{"rendered":"<p>\u00centr-o trus\u0103 tipic\u0103 de scule, exist\u0103 o mare varietate de unelte pentru a face diverse lucr\u0103ri. Darurile Duhului Sf\u00e2nt pot fi asem\u0103nate cu aceste diverse instrumente pe care le putem vedea \u00eentr-o trus\u0103 de scule. C\u00e2nd Duhul Sf\u00e2nt locuie\u0219te \u00een noi, odat\u0103 cu El avem parte de tot poten\u021bialul diferitelor Sale daruri.<\/p>\n","protected":false},"featured_media":7253,"template":"","meta":{"_acf_changed":false},"product_brand":[],"product_cat":[21],"product_tag":[],"class_list":{"0":"post-35615","1":"product","2":"type-product","3":"status-publish","4":"has-post-thumbnail","6":"product_cat-identitate-crestere-spirituala-revelatie","7":"pa_autori-christine-darg","8":"pa_format-carte-tiparita","9":"pa_format-carte-electronica","11":"first","12":"instock","13":"shipping-taxable","14":"purchasable","15":"product-type-variable"},"acf":[],"_links":{"self":[{"href":"https:\/\/alfaomega.tv\/librarie\/wp-json\/wp\/v2\/product\/35615","targetHints":{"allow":["GET"]}}],"collection":[{"href":"https:\/\/alfaomega.tv\/librarie\/wp-json\/wp\/v2\/product"}],"about":[{"href":"https:\/\/alfaomega.tv\/librarie\/wp-json\/wp\/v2\/types\/product"}],"wp:featuredmedia":[{"embeddable":true,"href":"https:\/\/alfaomega.tv\/librarie\/wp-json\/wp\/v2\/media\/7253"}],"wp:attachment":[{"href":"https:\/\/alfaomega.tv\/librarie\/wp-json\/wp\/v2\/media?parent=35615"}],"wp:term":[{"taxonomy":"product_brand","embeddable":true,"href":"https:\/\/alfaomega.tv\/librarie\/wp-json\/wp\/v2\/product_brand?post=35615"},{"taxonomy":"product_cat","embeddable":true,"href":"https:\/\/alfaomega.tv\/librarie\/wp-json\/wp\/v2\/product_cat?post=35615"},{"taxonomy":"product_tag","embeddable":true,"href":"https:\/\/alfaomega.tv\/librarie\/wp-json\/wp\/v2\/product_tag?post=35615"}],"curies":[{"name":"wp","href":"https:\/\/api.w.org\/{rel}","templated":true}]}}