{"id":35619,"date":"2025-08-29T12:57:58","date_gmt":"2025-08-29T12:57:58","guid":{"rendered":"https:\/\/alfaomega.tv\/librarie\/?post_type=product&#038;p=35619"},"modified":"2025-10-30T13:05:03","modified_gmt":"2025-10-30T13:05:03","slug":"reaprinderea-focului-de-pe-altar","status":"publish","type":"product","link":"https:\/\/alfaomega.tv\/librarie\/produse\/rugaciune-mijlocire\/reaprinderea-focului-de-pe-altar\/","title":{"rendered":"Reaprinderea focului de pe altar"},"content":{"rendered":"<p>Scriptura ne \u00eenva\u021b\u0103 c\u0103 altarul este locul de \u00eent\u00e2lnire al rela\u021biei noastre cu Dumnezeul Sf\u00e2nt. Pentru cei care cred \u00een Isus, asta nu \u00eenseamn\u0103 o structur\u0103 fizic\u0103, ci preg\u0103tirea inimilor noastre pentru ungere, umplere \u0219i p\u0103rt\u0103\u0219ie zilnic\u0103 cu El. Acolo este locul unde focul prezen\u021bei Sale arde puternic.<br \/>\n\u00cen aceast\u0103 chemare de re\u00eentoarcere la altar, Chuck Pierce \u0219i Alemu Beeftu v\u0103 ajut\u0103 s\u0103 reconstrui\u021bi acest loc de \u00eent\u00e2lnire divin\u0103, de la temelie \u00een sus. Ve\u021bi vedea c\u0103 la baza binecuv\u00e2nt\u0103rii st\u0103 o \u00eenchinare autentic\u0103 \u00eenaintea lui Dumnezeu.<\/p>\n","protected":false},"excerpt":{"rendered":"<p>Scriptura ne \u00eenva\u021b\u0103 c\u0103 altarul este locul de \u00eent\u00e2lnire al rela\u021biei noastre cu Dumnezeul Sf\u00e2nt. Pentru cei care cred \u00een Isus, asta nu \u00eenseamn\u0103 o structur\u0103 fizic\u0103, ci preg\u0103tirea inimilor noastre pentru ungere, umplere \u0219i p\u0103rt\u0103\u0219ie zilnic\u0103 cu El. Acolo este locul unde focul prezen\u021bei Sale arde puternic.<\/p>\n","protected":false},"featured_media":7259,"template":"","meta":{"_acf_changed":false},"product_brand":[],"product_cat":[22],"product_tag":[],"class_list":{"0":"post-35619","1":"product","2":"type-product","3":"status-publish","4":"has-post-thumbnail","6":"product_cat-rugaciune-mijlocire","7":"pa_autori-alemu-beeftu","8":"pa_autori-chuck-d-pierce","9":"pa_format-carte-tiparita","10":"pa_format-carte-electronica","12":"first","13":"instock","14":"shipping-taxable","15":"purchasable","16":"product-type-variable"},"acf":[],"_links":{"self":[{"href":"https:\/\/alfaomega.tv\/librarie\/wp-json\/wp\/v2\/product\/35619","targetHints":{"allow":["GET"]}}],"collection":[{"href":"https:\/\/alfaomega.tv\/librarie\/wp-json\/wp\/v2\/product"}],"about":[{"href":"https:\/\/alfaomega.tv\/librarie\/wp-json\/wp\/v2\/types\/product"}],"wp:featuredmedia":[{"embeddable":true,"href":"https:\/\/alfaomega.tv\/librarie\/wp-json\/wp\/v2\/media\/7259"}],"wp:attachment":[{"href":"https:\/\/alfaomega.tv\/librarie\/wp-json\/wp\/v2\/media?parent=35619"}],"wp:term":[{"taxonomy":"product_brand","embeddable":true,"href":"https:\/\/alfaomega.tv\/librarie\/wp-json\/wp\/v2\/product_brand?post=35619"},{"taxonomy":"product_cat","embeddable":true,"href":"https:\/\/alfaomega.tv\/librarie\/wp-json\/wp\/v2\/product_cat?post=35619"},{"taxonomy":"product_tag","embeddable":true,"href":"https:\/\/alfaomega.tv\/librarie\/wp-json\/wp\/v2\/product_tag?post=35619"}],"curies":[{"name":"wp","href":"https:\/\/api.w.org\/{rel}","templated":true}]}}