{"id":35623,"date":"2025-08-29T12:57:59","date_gmt":"2025-08-29T12:57:59","guid":{"rendered":"https:\/\/alfaomega.tv\/librarie\/?post_type=product&#038;p=35623"},"modified":"2025-09-01T13:40:21","modified_gmt":"2025-09-01T13:40:21","slug":"comunitatea-profetica","status":"publish","type":"product","link":"https:\/\/alfaomega.tv\/librarie\/produse\/identitate-crestere-spirituala-revelatie\/comunitatea-profetica\/","title":{"rendered":"Comunitatea profetic\u0103"},"content":{"rendered":"<p>DESCOPER\u0102 INTEN\u0162IA LUI DUMNEZEU PENTRU POPORUL S\u0102U<br \/>Trupul lui Hristos este chemat s\u0103 fie o comunitate profetic\u0103. C\u00e2nd \u00eembr\u0103\u0163i\u015f\u0103m aceast\u0103 chemare, c\u00e2nd auzim vocea lui Dumnezeu \u015fi declar\u0103m mai departe ceea ce spune El, eliber\u0103m cuvintele Sale cu o putere proasp\u0103t\u0103 acolo unde este nevoie disperat\u0103 &#8211; \u00een biseric\u0103 \u015fi familie, \u00een s\u0103li de justi\u0163ie \u015fi de educa\u0163ie, \u00een locuri de afaceri \u015fi de agrement \u015fi pe str\u0103zile fiec\u0103rui cartier, ora\u015f \u015fi na\u0163iune. <br \/>Un vorbitor interna\u0163ional \u015fi o voce profetic\u0103 foarte apreciat\u0103, Kim Maas, v\u0103 va ajuta s\u0103 \u00een\u0163elege\u0163i: <br \/> &#8211; istoria mi\u015fc\u0103rii profetice moderne <br \/> &#8211; ne\u00een\u0163elegerile \u015fi concep\u0163iile gre\u015fite <br \/> &#8211; ceea ce este o comunitate profetic\u0103 \u015fi locul pe care \u00eel ave\u0163i \u00een ea. <br \/>Al\u0103tur\u0103-te puternicii comunit\u0103\u0163i a oamenilor lui Dumnezeu! Vie\u0163ile vor fi schimbate. Comunit\u0103\u0163ile vor fi transformate. Cultura va fi influen\u0163at\u0103. \u015ei istoria va fi f\u0103urit\u0103.<\/p>\n<p>Nr. pagini &#8211; 188<\/p>\n","protected":false},"excerpt":{"rendered":"<p>Trupul lui Hristos este chemat s\u0103 fie o comunitate profetic\u0103. C\u00e2nd \u00eembr\u0103\u0163i\u015f\u0103m aceast\u0103 chemare, c\u00e2nd auzim vocea lui Dumnezeu \u015fi declar\u0103m mai departe ceea ce spune El, eliber\u0103m cuvintele Sale cu o putere proasp\u0103t\u0103 acolo unde este nevoie disperat\u0103 &#8211; \u00een biseric\u0103 \u015fi familie, \u00een s\u0103li de justi\u0163ie \u015fi de educa\u0163ie, \u00een locuri de afaceri \u015fi de agrement \u015fi pe str\u0103zile fiec\u0103rui cartier, ora\u015f \u015fi na\u0163iune.<\/p>\n","protected":false},"featured_media":7263,"template":"","meta":{"_acf_changed":false},"product_brand":[],"product_cat":[21],"product_tag":[],"class_list":{"0":"post-35623","1":"product","2":"type-product","3":"status-publish","4":"has-post-thumbnail","6":"product_cat-identitate-crestere-spirituala-revelatie","7":"pa_autori-kim-m-maas","8":"pa_format-carte-tiparita","10":"first","11":"instock","12":"shipping-taxable","13":"purchasable","14":"product-type-variable","15":"has-default-attributes"},"acf":[],"_links":{"self":[{"href":"https:\/\/alfaomega.tv\/librarie\/wp-json\/wp\/v2\/product\/35623","targetHints":{"allow":["GET"]}}],"collection":[{"href":"https:\/\/alfaomega.tv\/librarie\/wp-json\/wp\/v2\/product"}],"about":[{"href":"https:\/\/alfaomega.tv\/librarie\/wp-json\/wp\/v2\/types\/product"}],"wp:featuredmedia":[{"embeddable":true,"href":"https:\/\/alfaomega.tv\/librarie\/wp-json\/wp\/v2\/media\/7263"}],"wp:attachment":[{"href":"https:\/\/alfaomega.tv\/librarie\/wp-json\/wp\/v2\/media?parent=35623"}],"wp:term":[{"taxonomy":"product_brand","embeddable":true,"href":"https:\/\/alfaomega.tv\/librarie\/wp-json\/wp\/v2\/product_brand?post=35623"},{"taxonomy":"product_cat","embeddable":true,"href":"https:\/\/alfaomega.tv\/librarie\/wp-json\/wp\/v2\/product_cat?post=35623"},{"taxonomy":"product_tag","embeddable":true,"href":"https:\/\/alfaomega.tv\/librarie\/wp-json\/wp\/v2\/product_tag?post=35623"}],"curies":[{"name":"wp","href":"https:\/\/api.w.org\/{rel}","templated":true}]}}