{"id":35625,"date":"2025-08-29T12:57:59","date_gmt":"2025-08-29T12:57:59","guid":{"rendered":"https:\/\/alfaomega.tv\/librarie\/?post_type=product&#038;p=35625"},"modified":"2025-09-02T10:05:05","modified_gmt":"2025-09-02T10:05:05","slug":"stilul-de-viata-al-unui-strajer","status":"publish","type":"product","link":"https:\/\/alfaomega.tv\/librarie\/produse\/rugaciune-mijlocire\/stilul-de-viata-al-unui-strajer\/","title":{"rendered":"Stilul de via\u0163\u0103 al unui str\u0103jer"},"content":{"rendered":"<p>AL\u0102TURA\u021aI-V\u0102 RESPECTABILULUI LIDER PROFETIC JAMES W. GOLL pentru o c\u0103l\u0103torie de 21 zile \u00een ceea ce \u00eenseamn\u0103 s\u0103 fii un str\u0103jer \u2013 un mijlocitor matur chemat s\u0103 a\u0219tepte, s\u0103 fie la datorie, s\u0103 fie atent la prezen\u021ba \u0219i planul lui Dumnezeu \u0219i care s\u0103 fie \u00eencrez\u0103tor \u00een voia Sa. Prin \u00eentreb\u0103ri de reflec\u021bie, rug\u0103ciuni devo\u021bionale \u0219i aplica\u021bii practice, aceast\u0103 carte te va ajuta s\u0103 te mi\u0219ti \u00een linia \u00eent\u00e2i a rug\u0103ciunii. Vei \u00eenv\u0103\u021ba cum s\u0103:<br \/>&#8211; discerni atmosfera spiritual\u0103 din jurul t\u0103u<br \/>&#8211; decoperi strategiile lui Dumnezeu pentru perioade specifice<br \/>&#8211; descoperi sarcina care \u021bi-a fost desemnat\u0103<br \/>&#8211; \u00een\u021belegi cum s\u0103 mijloce\u0219ti pentru evenimentele curente<br \/>&#8211; fii partener cu cerul \u0219i s\u0103 pa\u0219e\u0219ti cu curaj \u00een chemarea pe care o ai<br \/>\u00cembarcheaz\u0103-te \u00een aceast\u0103 c\u0103l\u0103torie a credin\u021bei \u0219i vei deveni un veghetor a\u0219a cum te-a creat Dumnezeu s\u0103 fi!<\/p>\n<p>Nr. pagini &#8211; 300<\/p>\n","protected":false},"excerpt":{"rendered":"<p>Al\u0103tura\u0163i-v\u0103 lui JAMES W. GOLL pentru o c\u0103l\u0103torie de 21 zile \u00een ceea ce \u00eenseamn\u0103 s\u0103 fii un str\u0103jer \u2013 un mijlocitor matur chemat s\u0103 a\u0219tepte, s\u0103 fie la datorie, s\u0103 fie atent la prezen\u021ba \u0219i planul lui Dumnezeu \u0219i care s\u0103 fie \u00eencrez\u0103tor \u00een voia Sa. Prin \u00eentreb\u0103ri de reflec\u021bie, rug\u0103ciuni devo\u021bionale \u0219i aplica\u021bii practice, aceast\u0103 carte te va ajuta s\u0103 te mi\u0219ti \u00een linia \u00eent\u00e2i a rug\u0103ciunii.<\/p>\n","protected":false},"featured_media":7269,"template":"","meta":{"_acf_changed":false},"product_brand":[],"product_cat":[22],"product_tag":[],"class_list":{"0":"post-35625","1":"product","2":"type-product","3":"status-publish","4":"has-post-thumbnail","6":"product_cat-rugaciune-mijlocire","7":"pa_autori-james-w-goll","8":"pa_format-carte-tiparita","10":"first","11":"instock","12":"shipping-taxable","13":"purchasable","14":"product-type-variable","15":"has-default-attributes"},"acf":[],"_links":{"self":[{"href":"https:\/\/alfaomega.tv\/librarie\/wp-json\/wp\/v2\/product\/35625","targetHints":{"allow":["GET"]}}],"collection":[{"href":"https:\/\/alfaomega.tv\/librarie\/wp-json\/wp\/v2\/product"}],"about":[{"href":"https:\/\/alfaomega.tv\/librarie\/wp-json\/wp\/v2\/types\/product"}],"wp:featuredmedia":[{"embeddable":true,"href":"https:\/\/alfaomega.tv\/librarie\/wp-json\/wp\/v2\/media\/7269"}],"wp:attachment":[{"href":"https:\/\/alfaomega.tv\/librarie\/wp-json\/wp\/v2\/media?parent=35625"}],"wp:term":[{"taxonomy":"product_brand","embeddable":true,"href":"https:\/\/alfaomega.tv\/librarie\/wp-json\/wp\/v2\/product_brand?post=35625"},{"taxonomy":"product_cat","embeddable":true,"href":"https:\/\/alfaomega.tv\/librarie\/wp-json\/wp\/v2\/product_cat?post=35625"},{"taxonomy":"product_tag","embeddable":true,"href":"https:\/\/alfaomega.tv\/librarie\/wp-json\/wp\/v2\/product_tag?post=35625"}],"curies":[{"name":"wp","href":"https:\/\/api.w.org\/{rel}","templated":true}]}}