{"id":35629,"date":"2025-08-29T12:57:59","date_gmt":"2025-08-29T12:57:59","guid":{"rendered":"https:\/\/alfaomega.tv\/librarie\/?post_type=product&#038;p=35629"},"modified":"2025-12-09T07:37:58","modified_gmt":"2025-12-09T07:37:58","slug":"intoarce-te-la-inceput-ca-sa-poti-merge-inainte","status":"publish","type":"product","link":"https:\/\/alfaomega.tv\/librarie\/produse\/identitate-crestere-spirituala-revelatie\/intoarce-te-la-inceput-ca-sa-poti-merge-inainte\/","title":{"rendered":"I\u0302ntoarce-te la i\u0302nceput ca sa\u0306 pot\u0326i merge i\u0302nainte"},"content":{"rendered":"<p>Dr. Alemu Beeftu, fondator \u0219i pre\u0219edinte al Gospel of Glory, are pe inim\u0103 instruirea pastorilor, oamenilor de afaceri, profesioni\u0219tilor \u0219i politicienilor cu scopul de a construi infrastructuri na\u021bionale de conducere. \u00cen prezent, el se concentreaz\u0103 pe liderii transforma\u021bi de diferite v\u00e2rste din peste 54 de \u021b\u0103ri care au chemarea, darurile \u0219i caracterul de a \u00eencuraja schimb\u0103rile sociale de durat\u0103 pentru \u00cemp\u0103r\u0103\u021bia lui Dumnezeu.<br \/>\nDr. Beeftu a crescut \u00eentr-o ferm\u0103 izolat\u0103 din mediul rural etiopian. La v\u00e2rsta de 12 ani, dorin\u021ba sa de a citi l-a determinat s\u0103 fug\u0103 la o \u0219coal\u0103 misionar\u0103, unde a \u00eenv\u0103\u021bat s\u0103 citeasc\u0103 \u0219i s\u0103 scrie &#8211; \u0219i unde L-a g\u0103sit pe M\u00e2ntuitorul. C\u00e2nd un guvern comunist a adus persecu\u021bie asupra bisericii etiopiene la sf\u00e2r\u0219itul anilor 1970, Dr. Beeftu, pe atunci un evanghelist recunoscut \u0219i lider de tineret, \u0219i-a f\u0103cut drum spre Statele Unite.<br \/>\nBeeftu a ob\u021binut o diplom\u0103 de licen\u021b\u0103 la Universitatea Biola \u0219i masteratul \u0219i doctoratul \u00een Curriculum Design \u0219i dezvoltarea comunit\u0103\u021bii la Universitatea de Stat din Michigan. Peste 30 de ani de practic\u0103 \u00een aceste domenii \u0219i \u00een domeniile conexe au f\u0103cut din Dr. Beeftu un lider \u00eemplinit \u0219i un trainer c\u0103utat. El ofer\u0103 de asemenea ajutor \u00een conducere pentru Trupul lui Hristos din \u00eentreaga lume.<\/p>\n","protected":false},"excerpt":{"rendered":"<p>\u201eNu ne vom cunoa\u0219te niciodat\u0103 identitatea f\u0103r\u0103 a ne \u00een\u021belege mai \u00eent\u00e2i valorile. Ceea ce \u00eemp\u0103rt\u0103\u0219e\u0219te Alemu Beeftu \u00een aceast\u0103 carte \u2013 \u00centoarce-te la \u00eenceput pentru a fi restabilit, mergi \u00eenainte pentru a intra \u00een promisiuni \u0219i urc\u0103 pentru a primi planul lui Dumnezeu, este un ghid care ne ajut\u0103 s\u0103 trecem \u00eentr-o nou\u0103 er\u0103. Merge\u021bi \u00eenainte \u00een promisiune: \u00cenv\u0103\u021ba\u021bi cum s\u0103 cuceri\u021bi!\u201d<\/p>\n","protected":false},"featured_media":7273,"template":"","meta":{"_acf_changed":false},"product_brand":[],"product_cat":[21],"product_tag":[],"class_list":{"0":"post-35629","1":"product","2":"type-product","3":"status-publish","4":"has-post-thumbnail","6":"product_cat-identitate-crestere-spirituala-revelatie","7":"pa_autori-alemu-beeftu","8":"pa_format-carte-tiparita","9":"pa_format-carte-electronica","11":"first","12":"outofstock","13":"shipping-taxable","14":"purchasable","15":"product-type-variable"},"acf":[],"_links":{"self":[{"href":"https:\/\/alfaomega.tv\/librarie\/wp-json\/wp\/v2\/product\/35629","targetHints":{"allow":["GET"]}}],"collection":[{"href":"https:\/\/alfaomega.tv\/librarie\/wp-json\/wp\/v2\/product"}],"about":[{"href":"https:\/\/alfaomega.tv\/librarie\/wp-json\/wp\/v2\/types\/product"}],"wp:featuredmedia":[{"embeddable":true,"href":"https:\/\/alfaomega.tv\/librarie\/wp-json\/wp\/v2\/media\/7273"}],"wp:attachment":[{"href":"https:\/\/alfaomega.tv\/librarie\/wp-json\/wp\/v2\/media?parent=35629"}],"wp:term":[{"taxonomy":"product_brand","embeddable":true,"href":"https:\/\/alfaomega.tv\/librarie\/wp-json\/wp\/v2\/product_brand?post=35629"},{"taxonomy":"product_cat","embeddable":true,"href":"https:\/\/alfaomega.tv\/librarie\/wp-json\/wp\/v2\/product_cat?post=35629"},{"taxonomy":"product_tag","embeddable":true,"href":"https:\/\/alfaomega.tv\/librarie\/wp-json\/wp\/v2\/product_tag?post=35629"}],"curies":[{"name":"wp","href":"https:\/\/api.w.org\/{rel}","templated":true}]}}