{"id":35631,"date":"2025-08-29T12:58:00","date_gmt":"2025-08-29T12:58:00","guid":{"rendered":"https:\/\/alfaomega.tv\/librarie\/?post_type=product&#038;p=35631"},"modified":"2025-08-29T13:01:49","modified_gmt":"2025-08-29T13:01:49","slug":"101-adevaruri-si-dovezi-ale-stiintei","status":"publish","type":"product","link":"https:\/\/alfaomega.tv\/librarie\/produse\/documentare-filme-artistice\/101-adevaruri-si-dovezi-ale-stiintei\/","title":{"rendered":"101 Adev\u0103ruri \u015fi dovezi ale \u015ftiin\u0163ei"},"content":{"rendered":"<p>\u0218tiin\u021ba \u00eenseamn\u0103 cunoa\u0219tere, iar adev\u0103rata \u0219tiin\u021b\u0103 este \u00eentotdeauna de-acord cu dovezile observabile. Cercet\u0103rile \u0219tiin\u021bifice continu\u0103 s\u0103 ne descopere minunile \u0219i misterele Universului nostru. Interesant, exist\u0103 o carte care a anticipat multe dintre aceste realit\u0103\u021bi \u0219tiin\u021bifice. Cartea aceasta este Biblia.<br \/>Aceast\u0103 bro\u0219ur\u0103 prezint\u0103 101 adev\u0103ruri \u0219tiin\u021bifice g\u0103site \u00een Scriptur\u0103. Multe dintre aceste adev\u0103ruri au fost scrise cu secole \u00eenainte de a fi descoperite. Previziunile din domeniul \u0219tiin\u021bei, g\u0103site doar \u00een Biblie, sunt o parte \u00een plus la dovada c\u0103 Biblia este cu adev\u0103rat Cuv\u00e2ntul inspirat al Creatorului.<br \/>Ce impact are acest fapt asupra ta? Urm\u0103toarele pagini ofer\u0103 r\u0103spunsul \u2013 trebuie s\u0103 le cite\u0219ti cu aten\u021bie.<\/p>\n<p>Nr. pagini &#8211; 30<\/p>\n","protected":false},"excerpt":{"rendered":"<p>Aceast\u0103 bro\u0219ur\u0103 prezint\u0103 101 adev\u0103ruri \u0219tiin\u021bifice g\u0103site \u00een Scriptur\u0103. Multe dintre aceste adev\u0103ruri au fost scrise cu secole \u00eenainte de a fi descoperite. Previziunile din domeniul \u0219tiin\u021bei, g\u0103site doar \u00een Biblie, sunt o parte \u00een plus la dovada c\u0103 Biblia este cu adev\u0103rat Cuv\u00e2ntul inspirat al Creatorului.<br \/>\nCe impact are acest fapt asupra ta? Urm\u0103toarele pagini ofer\u0103 r\u0103spunsul \u2013 trebuie s\u0103 le cite\u0219ti cu aten\u021bie.<\/p>\n","protected":false},"featured_media":7275,"template":"","meta":{"_acf_changed":false},"product_brand":[],"product_cat":[33],"product_tag":[],"class_list":{"0":"post-35631","1":"product","2":"type-product","3":"status-publish","4":"has-post-thumbnail","6":"product_cat-documentare-filme-artistice","7":"pa_autori-eternal-productions","8":"pa_format-carte-tiparita","9":"pa_format-carte-electronica","11":"first","12":"instock","13":"shipping-taxable","14":"purchasable","15":"product-type-variable"},"acf":[],"_links":{"self":[{"href":"https:\/\/alfaomega.tv\/librarie\/wp-json\/wp\/v2\/product\/35631","targetHints":{"allow":["GET"]}}],"collection":[{"href":"https:\/\/alfaomega.tv\/librarie\/wp-json\/wp\/v2\/product"}],"about":[{"href":"https:\/\/alfaomega.tv\/librarie\/wp-json\/wp\/v2\/types\/product"}],"wp:featuredmedia":[{"embeddable":true,"href":"https:\/\/alfaomega.tv\/librarie\/wp-json\/wp\/v2\/media\/7275"}],"wp:attachment":[{"href":"https:\/\/alfaomega.tv\/librarie\/wp-json\/wp\/v2\/media?parent=35631"}],"wp:term":[{"taxonomy":"product_brand","embeddable":true,"href":"https:\/\/alfaomega.tv\/librarie\/wp-json\/wp\/v2\/product_brand?post=35631"},{"taxonomy":"product_cat","embeddable":true,"href":"https:\/\/alfaomega.tv\/librarie\/wp-json\/wp\/v2\/product_cat?post=35631"},{"taxonomy":"product_tag","embeddable":true,"href":"https:\/\/alfaomega.tv\/librarie\/wp-json\/wp\/v2\/product_tag?post=35631"}],"curies":[{"name":"wp","href":"https:\/\/api.w.org\/{rel}","templated":true}]}}