{"id":35635,"date":"2025-08-29T12:58:00","date_gmt":"2025-08-29T12:58:00","guid":{"rendered":"https:\/\/alfaomega.tv\/librarie\/?post_type=product&#038;p=35635"},"modified":"2025-09-01T11:59:33","modified_gmt":"2025-09-01T11:59:33","slug":"intimitate-spirituala-cu-dumnezeu","status":"publish","type":"product","link":"https:\/\/alfaomega.tv\/librarie\/produse\/identitate-crestere-spirituala-revelatie\/intimitate-spirituala-cu-dumnezeu\/","title":{"rendered":"Intimitate spirituala cu Dumnezeu"},"content":{"rendered":"<p>Cartea \u201eIntimitate spiritual\u0103 cu Dumnezeu\u201d exploreaz\u0103 \u0219i subiecte precum:<\/p>\n<p>&#8211; UCIGA\u0218II INTIMIT\u0102\u021aII<br \/>&#8211; CE PUTEM \u00ceNV\u0102\u021aA DESPRE INTIMITATE DE LA MENTORII BIBLICI<br \/>&#8211; CE DARURI NE OFER\u0102 DUMNEZEU PENTRU A NE AJUTA S\u0102 CRE\u0218TEM \u00ceN INTIMITATE<br \/>&#8211; R\u0102SPL\u0102TIRILE INTIMIT\u0102\u021aII<br \/>&#8211; INTIMITATEA \u0218I PRACTICA RUG\u0102CIUNII<\/p>\n<p>Permite-i autoarei bestsellerului \u201eDincolo de v\u0103l\u201d s\u0103 te conduc\u0103 la un nivel mai ad\u00e2nc \u00een rela\u021bia ta cu Hristos.<br \/>Nr. pagini &#8211; 152<\/p>\n","protected":false},"excerpt":{"rendered":"<p>G\u0102SE\u0218TE O CONEXIUNE MAI PROFUND\u0102 cu HRISTOS<\/p>\n<p>Indiferent dac\u0103 recunoa\u0219tem sau nu, fiecare persoan\u0103 care-L caut\u0103 pe Dumnezeu s-a str\u0103duit s\u0103-I simt\u0103 prezen\u021ba. Scriind Miresei lui Hristos, Biserica, Alice Smith, mijlocitoare \u0219i vorbitoare la nivel interna\u021bional, abordeaz\u0103 cu pasiune cheile pentru o intimitate mai profund\u0103 \u0219i pentru modul \u00een care putem dezvolta \u0219i ne putem bucura de o rela\u021bie vital\u0103 cu Hristos, Mirele nostru. Ea scrie despre anotimpurile intimit\u0103\u021bii care reflect\u0103 anotimpurile anului: anotimpul de dezv\u0103luire (prim\u0103vara), cel de pasiune (vara), cel de cur\u0103\u021bare (toamna) \u0219i cel de locuit \u00een pe\u0219ter\u0103 (iarna).<\/p>\n","protected":false},"featured_media":7279,"template":"","meta":{"_acf_changed":false},"product_brand":[],"product_cat":[21],"product_tag":[],"class_list":{"0":"post-35635","1":"product","2":"type-product","3":"status-publish","4":"has-post-thumbnail","6":"product_cat-identitate-crestere-spirituala-revelatie","7":"pa_autori-alice-smith","8":"pa_format-carte-tiparita","10":"first","11":"instock","12":"shipping-taxable","13":"purchasable","14":"product-type-variable","15":"has-default-attributes"},"acf":[],"_links":{"self":[{"href":"https:\/\/alfaomega.tv\/librarie\/wp-json\/wp\/v2\/product\/35635","targetHints":{"allow":["GET"]}}],"collection":[{"href":"https:\/\/alfaomega.tv\/librarie\/wp-json\/wp\/v2\/product"}],"about":[{"href":"https:\/\/alfaomega.tv\/librarie\/wp-json\/wp\/v2\/types\/product"}],"wp:featuredmedia":[{"embeddable":true,"href":"https:\/\/alfaomega.tv\/librarie\/wp-json\/wp\/v2\/media\/7279"}],"wp:attachment":[{"href":"https:\/\/alfaomega.tv\/librarie\/wp-json\/wp\/v2\/media?parent=35635"}],"wp:term":[{"taxonomy":"product_brand","embeddable":true,"href":"https:\/\/alfaomega.tv\/librarie\/wp-json\/wp\/v2\/product_brand?post=35635"},{"taxonomy":"product_cat","embeddable":true,"href":"https:\/\/alfaomega.tv\/librarie\/wp-json\/wp\/v2\/product_cat?post=35635"},{"taxonomy":"product_tag","embeddable":true,"href":"https:\/\/alfaomega.tv\/librarie\/wp-json\/wp\/v2\/product_tag?post=35635"}],"curies":[{"name":"wp","href":"https:\/\/api.w.org\/{rel}","templated":true}]}}