{"id":35637,"date":"2025-08-29T12:58:01","date_gmt":"2025-08-29T12:58:01","guid":{"rendered":"https:\/\/alfaomega.tv\/librarie\/?post_type=product&#038;p=35637"},"modified":"2026-01-08T11:51:34","modified_gmt":"2026-01-08T11:51:34","slug":"biblie-mare-087-ti","status":"publish","type":"product","link":"https:\/\/alfaomega.tv\/librarie\/produse\/biblii\/biblie-mare-087-ti\/","title":{"rendered":"Biblie mare 087 TI"},"content":{"rendered":"<table class=\"data-table\" id=\"product-attribute-specs-table\">\n<tbody>\n<tr>\n<th class=\"label\">Culoare copert\u0103<\/th>\n<td class=\"data\">Negru<\/td>\n<\/tr>\n<tr>\n<th class=\"label\">Traducerea<\/th>\n<td class=\"data\">Dumitru Cornilescu editie revizuita ortografic<\/td>\n<\/tr>\n<tr>\n<th class=\"label\">Anul Public\u0103rii<\/th>\n<td class=\"data\">2018<\/td>\n<\/tr>\n<tr>\n<th class=\"label\">Nr. de pagini<\/th>\n<td class=\"data\">1223<\/td>\n<\/tr>\n<tr>\n<th class=\"label\">Dimensiuni Fil\u0103<\/th>\n<td class=\"data\">16,5 x 25,5 cm<\/td>\n<\/tr>\n<tr>\n<th class=\"label\">Dimensiuni Copert\u0103<\/th>\n<td class=\"data\">18 x 26,5 cm<\/td>\n<\/tr>\n<tr>\n<th class=\"label\">Copert\u0103<\/th>\n<td class=\"data\">Piele<\/td>\n<\/tr>\n<tr>\n<th class=\"label\">Margine<\/th>\n<td class=\"data\">aurie<\/td>\n<\/tr>\n<tr>\n<th class=\"label\">Index De C\u0103utare<\/th>\n<td class=\"data\">Da<\/td>\n<\/tr>\n<tr>\n<th class=\"label\">Culoare H\u00e2rtie<\/th>\n<td class=\"data\">Alba<\/td>\n<\/tr>\n<tr>\n<th class=\"label\">Cuvintele Domnului Isus \u00cen Ro\u0219u<\/th>\n<td class=\"data\">Da<\/td>\n<\/tr>\n<tr>\n<th class=\"label\">Editura<\/th>\n<td class=\"data\">SBR<\/td>\n<\/tr>\n<\/tbody>\n<\/table>\n","protected":false},"excerpt":{"rendered":"<p>Biblia sau Sf\u00e2nta Scriptur\u0103 a Vechiului \u0219i Noului Testament cu trimiteri.<\/p>\n<p>Biblie mare \u00een piele, cu marginii aurii si index.<\/p>\n<p>Con\u021bine urm\u0103toarele materiale ajut\u0103toare:<br \/>\nPlan de citire a Bibliei \u00eentr-un an<br \/>\nDic\u021bionar de cuvinte<br \/>\nLista de cuvinte care au fost corectate conform normelor ortografice actuale<br \/>\nMinunile Domnului Isus<br \/>\nPildele Domnului Isus<br \/>\nUnit\u0103\u021bi de m\u0103sur\u0103 \u00een Biblie<\/p>\n","protected":false},"featured_media":7281,"template":"","meta":{"_acf_changed":false},"product_brand":[],"product_cat":[29],"product_tag":[],"class_list":{"0":"post-35637","1":"product","2":"type-product","3":"status-publish","4":"has-post-thumbnail","6":"product_cat-biblii","7":"pa_format-carte-tiparita","9":"first","10":"outofstock","11":"shipping-taxable","12":"purchasable","13":"product-type-variable"},"acf":[],"_links":{"self":[{"href":"https:\/\/alfaomega.tv\/librarie\/wp-json\/wp\/v2\/product\/35637","targetHints":{"allow":["GET"]}}],"collection":[{"href":"https:\/\/alfaomega.tv\/librarie\/wp-json\/wp\/v2\/product"}],"about":[{"href":"https:\/\/alfaomega.tv\/librarie\/wp-json\/wp\/v2\/types\/product"}],"wp:featuredmedia":[{"embeddable":true,"href":"https:\/\/alfaomega.tv\/librarie\/wp-json\/wp\/v2\/media\/7281"}],"wp:attachment":[{"href":"https:\/\/alfaomega.tv\/librarie\/wp-json\/wp\/v2\/media?parent=35637"}],"wp:term":[{"taxonomy":"product_brand","embeddable":true,"href":"https:\/\/alfaomega.tv\/librarie\/wp-json\/wp\/v2\/product_brand?post=35637"},{"taxonomy":"product_cat","embeddable":true,"href":"https:\/\/alfaomega.tv\/librarie\/wp-json\/wp\/v2\/product_cat?post=35637"},{"taxonomy":"product_tag","embeddable":true,"href":"https:\/\/alfaomega.tv\/librarie\/wp-json\/wp\/v2\/product_tag?post=35637"}],"curies":[{"name":"wp","href":"https:\/\/api.w.org\/{rel}","templated":true}]}}