{"id":35645,"date":"2025-08-29T12:58:02","date_gmt":"2025-08-29T12:58:02","guid":{"rendered":"https:\/\/alfaomega.tv\/librarie\/?post_type=product&#038;p=35645"},"modified":"2025-10-28T14:52:06","modified_gmt":"2025-10-28T14:52:06","slug":"introducere-in-rugaciune","status":"publish","type":"product","link":"https:\/\/alfaomega.tv\/librarie\/produse\/rugaciune-mijlocire\/introducere-in-rugaciune\/","title":{"rendered":"Introducere in rugaciune"},"content":{"rendered":"<p>Aceast\u0103 carte este o culegere de \u00eenv\u0103\u021b\u0103turi privind rug\u0103ciunea, mijlocirea \u0219i lupta spiritual\u0103, prezentat\u0103 de Cindy Jacobs \u00eentr-o serie de module video realizate sub genericul tematic \u201eIntroducere \u00een rug\u0103ciune \u0219i mijlocire\u201d, titlul \u00een englez\u0103 al seriei video: \u201e10 minute prayer school\u201d.<br \/>\nCindy Jacobs este autoare, vorbitoare \u0219i \u00eenv\u0103\u021b\u0103toare \u00een domeniul rug\u0103ciunii \u0219i al darurilor profetice, cu inim\u0103 pentru ucenicizarea na\u021biunilor. Este autoare a \u0219apte c\u0103r\u021bi, incluz\u00e2nd c\u0103r\u021bile de mare succes: St\u0103p\u00e2nind por\u021bile vr\u0103jma\u0219ului, Vocea lui Dumnezeu \u0219i Femei ale destinului.<\/p>\n<p>&nbsp;<\/p>\n","protected":false},"excerpt":{"rendered":"<p>Aceast\u0103 carte este o culegere de \u00eenv\u0103\u021b\u0103turi privind rug\u0103ciunea, mijlocirea \u0219i lupta spiritual\u0103, prezentat\u0103 de Cindy Jacobs \u00eentr-o serie de module video realizate sub genericul tematic \u201eIntroducere \u00een rug\u0103ciune \u0219i mijlocire\u201d, titlul \u00een englez\u0103 al seriei video: \u201e10 minute prayer school\u201d.<\/p>\n","protected":false},"featured_media":7295,"template":"","meta":{"_acf_changed":false},"product_brand":[],"product_cat":[22],"product_tag":[],"class_list":{"0":"post-35645","1":"product","2":"type-product","3":"status-publish","4":"has-post-thumbnail","6":"product_cat-rugaciune-mijlocire","7":"pa_autori-cindy-jacobs","8":"pa_format-carte-tiparita","9":"pa_format-carte-electronica","11":"first","12":"instock","13":"shipping-taxable","14":"purchasable","15":"product-type-variable"},"acf":[],"_links":{"self":[{"href":"https:\/\/alfaomega.tv\/librarie\/wp-json\/wp\/v2\/product\/35645","targetHints":{"allow":["GET"]}}],"collection":[{"href":"https:\/\/alfaomega.tv\/librarie\/wp-json\/wp\/v2\/product"}],"about":[{"href":"https:\/\/alfaomega.tv\/librarie\/wp-json\/wp\/v2\/types\/product"}],"wp:featuredmedia":[{"embeddable":true,"href":"https:\/\/alfaomega.tv\/librarie\/wp-json\/wp\/v2\/media\/7295"}],"wp:attachment":[{"href":"https:\/\/alfaomega.tv\/librarie\/wp-json\/wp\/v2\/media?parent=35645"}],"wp:term":[{"taxonomy":"product_brand","embeddable":true,"href":"https:\/\/alfaomega.tv\/librarie\/wp-json\/wp\/v2\/product_brand?post=35645"},{"taxonomy":"product_cat","embeddable":true,"href":"https:\/\/alfaomega.tv\/librarie\/wp-json\/wp\/v2\/product_cat?post=35645"},{"taxonomy":"product_tag","embeddable":true,"href":"https:\/\/alfaomega.tv\/librarie\/wp-json\/wp\/v2\/product_tag?post=35645"}],"curies":[{"name":"wp","href":"https:\/\/api.w.org\/{rel}","templated":true}]}}