{"id":35653,"date":"2025-08-29T12:58:11","date_gmt":"2025-08-29T12:58:11","guid":{"rendered":"https:\/\/alfaomega.tv\/librarie\/?post_type=product&#038;p=35653"},"modified":"2025-10-30T14:17:53","modified_gmt":"2025-10-30T14:17:53","slug":"lucrarea-profetica","status":"publish","type":"product","link":"https:\/\/alfaomega.tv\/librarie\/produse\/identitate-crestere-spirituala-revelatie\/lucrarea-profetica\/","title":{"rendered":"Lucrarea profetic\u0103"},"content":{"rendered":"<p>\u00cen aceast\u0103 carte ve\u0163i \u00eenv\u0103\u0163a cum s\u0103 folosi\u0163i darul profetic pe care vi l-a \u00eencredin\u0163at Dumnezeu prin Duhul Sf\u00e2nt.<br \/>\nDescoper\u0103 frumuse\u0163ea acestui dar pentru a \u00eencuraja conducerea bisericii, viziunea, \u015fi a st\u00e2rni \u00eemplinirea trezirii spirituale local \u015fi na\u0163ional.<br \/>\nVei g\u0103si instruc\u0163iuni \u00een folosirea acestui dar practic\u00e2nd principiile c\u0103l\u0103uzitoare ale Cuv\u00e2ntului Biblic.<br \/>\nScopul darului profetic este de a binecuv\u00e2nta Biserica de azi prin mesajul transmis prin Duhul Sf\u00e2nt.<\/p>\n<p>&nbsp;<\/p>\n","protected":false},"excerpt":{"rendered":"<p>\u00cen aceast\u0103 carte ve\u0163i \u00eenv\u0103\u0163a cum s\u0103 folosi\u0163i darul profetic pe care vi l-a \u00eencredin\u0163at Dumnezeu prin Duhul Sf\u00e2nt.<br \/>\nDescoper\u0103 frumuse\u0163ea acestui dar pentru a \u00eencuraja conducerea bisericii, viziunea, \u015fi a st\u00e2rni \u00eemplinirea trezirii spirituale local \u015fi na\u0163ional.<\/p>\n","protected":false},"featured_media":7303,"template":"","meta":{"_acf_changed":false},"product_brand":[],"product_cat":[21],"product_tag":[],"class_list":{"0":"post-35653","1":"product","2":"type-product","3":"status-publish","4":"has-post-thumbnail","6":"product_cat-identitate-crestere-spirituala-revelatie","7":"pa_autori-daniel-n-matei","8":"pa_format-carte-tiparita","9":"pa_format-carte-electronica","11":"first","12":"instock","13":"shipping-taxable","14":"purchasable","15":"product-type-variable"},"acf":[],"_links":{"self":[{"href":"https:\/\/alfaomega.tv\/librarie\/wp-json\/wp\/v2\/product\/35653","targetHints":{"allow":["GET"]}}],"collection":[{"href":"https:\/\/alfaomega.tv\/librarie\/wp-json\/wp\/v2\/product"}],"about":[{"href":"https:\/\/alfaomega.tv\/librarie\/wp-json\/wp\/v2\/types\/product"}],"wp:featuredmedia":[{"embeddable":true,"href":"https:\/\/alfaomega.tv\/librarie\/wp-json\/wp\/v2\/media\/7303"}],"wp:attachment":[{"href":"https:\/\/alfaomega.tv\/librarie\/wp-json\/wp\/v2\/media?parent=35653"}],"wp:term":[{"taxonomy":"product_brand","embeddable":true,"href":"https:\/\/alfaomega.tv\/librarie\/wp-json\/wp\/v2\/product_brand?post=35653"},{"taxonomy":"product_cat","embeddable":true,"href":"https:\/\/alfaomega.tv\/librarie\/wp-json\/wp\/v2\/product_cat?post=35653"},{"taxonomy":"product_tag","embeddable":true,"href":"https:\/\/alfaomega.tv\/librarie\/wp-json\/wp\/v2\/product_tag?post=35653"}],"curies":[{"name":"wp","href":"https:\/\/api.w.org\/{rel}","templated":true}]}}