{"id":35657,"date":"2025-08-29T12:58:12","date_gmt":"2025-08-29T12:58:12","guid":{"rendered":"https:\/\/alfaomega.tv\/librarie\/?post_type=product&#038;p=35657"},"modified":"2025-09-01T13:14:31","modified_gmt":"2025-09-01T13:14:31","slug":"autoeliberare","status":"publish","type":"product","link":"https:\/\/alfaomega.tv\/librarie\/produse\/restaurare-vindecare-eliberare\/autoeliberare\/","title":{"rendered":"Autoeliberare"},"content":{"rendered":"<p>Dac\u0103 \u021bi se pare greu de crezut, s\u0103 \u0219tii c\u0103 nu e\u0219ti singurul. Cu toate acestea, multe dintre problemele cu care te confrun\u021bi vin direct din sfera \u00eentunericului. Au caracter demonic. <br \/>Dar nu ai de ce s\u0103 te temi. De fapt, fiind con\u0219tient de faptul c\u0103 po\u021bi \u00eenvinge aceste probleme \u00ee\u021bi ofer\u0103 libertate. Ajutorul este disponibil \u0219i pentru tine. Nu trebuie s\u0103 a\u0219tep\u021bi ca altcineva s\u0103 te elibereze. Cu ajutorul lui Isus, te po\u021bi elibera singur. <br \/>\u00censo\u021be\u0219te-l pe rabinul Schneider \u00een c\u0103l\u0103toria de cunoa\u0219tere a tuturor aspectelor din procesul biblic de autoeliberare, \u00een care \u00eenve\u021bi inclusiv cum s\u0103: &#8211; S\u0103 determini care g\u00e2nduri \u0219i ac\u021biuni sunt de inspira\u021bie demonic\u0103. &#8211; S\u0103 roste\u0219ti porunci specifice prin care demonii sunt for\u021ba\u021bi s\u0103 plece. &#8211; S\u0103 ie\u0219i victorios \u00eempotriva duhurilor persistente. &#8211; S\u0103 blochezi accesul demonilor care au intrat prin p\u0103catele genera\u021bionale, prin fric\u0103 \u0219i prin traume. &#8211; S\u0103 ai parte de prezen\u021ba vindec\u0103toare a lui Dumnezeu. &#8211; \u0218i multe altele! \u00centunericul va fi disipat pe m\u0103sur\u0103 ce \u00eenaintezi prin libertatea pe care \u021bi-o d\u0103 Yeshua \u2013 \u0219i te vei reg\u0103si \u00eenconjurat de o pace \u0219i o claritate nemai\u00eent\u00e2lnite. S\u0103 \u00eencepem!<\/p>\n<p>Nr. pagini &#8211; 168<\/p>\n","protected":false},"excerpt":{"rendered":"<p>Afl\u0103 cum po\u0163i ob\u0163ine victoria asupra puterilor \u00eentunericului!<\/p>\n","protected":false},"featured_media":7311,"template":"","meta":{"_acf_changed":false},"product_brand":[],"product_cat":[25],"product_tag":[],"class_list":{"0":"post-35657","1":"product","2":"type-product","3":"status-publish","4":"has-post-thumbnail","6":"product_cat-restaurare-vindecare-eliberare","7":"pa_autori-rabbi-kirt-a-schneider","8":"pa_format-carte-tiparita","10":"first","11":"instock","12":"shipping-taxable","13":"purchasable","14":"product-type-variable","15":"has-default-attributes"},"acf":[],"_links":{"self":[{"href":"https:\/\/alfaomega.tv\/librarie\/wp-json\/wp\/v2\/product\/35657","targetHints":{"allow":["GET"]}}],"collection":[{"href":"https:\/\/alfaomega.tv\/librarie\/wp-json\/wp\/v2\/product"}],"about":[{"href":"https:\/\/alfaomega.tv\/librarie\/wp-json\/wp\/v2\/types\/product"}],"wp:featuredmedia":[{"embeddable":true,"href":"https:\/\/alfaomega.tv\/librarie\/wp-json\/wp\/v2\/media\/7311"}],"wp:attachment":[{"href":"https:\/\/alfaomega.tv\/librarie\/wp-json\/wp\/v2\/media?parent=35657"}],"wp:term":[{"taxonomy":"product_brand","embeddable":true,"href":"https:\/\/alfaomega.tv\/librarie\/wp-json\/wp\/v2\/product_brand?post=35657"},{"taxonomy":"product_cat","embeddable":true,"href":"https:\/\/alfaomega.tv\/librarie\/wp-json\/wp\/v2\/product_cat?post=35657"},{"taxonomy":"product_tag","embeddable":true,"href":"https:\/\/alfaomega.tv\/librarie\/wp-json\/wp\/v2\/product_tag?post=35657"}],"curies":[{"name":"wp","href":"https:\/\/api.w.org\/{rel}","templated":true}]}}