{"id":35659,"date":"2025-08-29T12:58:12","date_gmt":"2025-08-29T12:58:12","guid":{"rendered":"https:\/\/alfaomega.tv\/librarie\/?post_type=product&#038;p=35659"},"modified":"2025-09-01T09:00:54","modified_gmt":"2025-09-01T09:00:54","slug":"urmatorul-nivel-al-razboiului-spiritual","status":"publish","type":"product","link":"https:\/\/alfaomega.tv\/librarie\/produse\/restaurare-vindecare-eliberare\/urmatorul-nivel-al-razboiului-spiritual\/","title":{"rendered":"Urmatorul nivel al razboiului spiritual"},"content":{"rendered":"<p>Vi se pare c\u0103 atunci c\u00e2nd v\u0103 lupta\u021bi \u00een rug\u0103ciune de obicei \u00eentunericul \u00eenvinge? V\u0103 sim\u021bi\u021bi descuraja\u021bi atunci c\u00e2nd continua\u021bi s\u0103 v\u0103 ruga\u021bi dar ajutorul \u00eent\u00e2rzie s\u0103 vin\u0103? Dumnezeu are r\u0103spunsuri pentru voi, dar for\u021bele care interfereaz\u0103 \u00een domeniul spiritual ar putea s\u0103 v\u0103 \u00eempiedice s\u0103 primi\u021bi ceea ce de drept este al vostru. Aceast\u0103 carte prezint\u0103 dou\u0103 domenii vitale ale r\u0103zboiului spiritual \u2013 restaurarea \u0219i recompensa \u2013 Venner J Alston dezv\u0103luie strategii de parteneriat cu cerul \u0219i de angajare \u00een rug\u0103ciune statornic\u0103. St\u00e2nd pe temelia Scripturii, ea v\u0103 ajut\u0103 s\u0103 recunoa\u0219te\u021bi structurile demonice care opereaz\u0103 \u00eempotriva voastr\u0103 \u0219i cum s\u0103 folosi\u021bi arme puternice pentru a le demonta.<br \/>Rug\u0103ciunea este imperativ\u0103 pentru a ne mi\u0219ca \u00een autoritatea pe care Dumnezeu a dat-o credincio\u0219ilor. \u00cenv\u0103\u021ba\u021bi s\u0103 distruge\u021bi fiecare misiune a iadului care vine \u00eempotriva voastr\u0103! Inamicul \u00ee\u021bi atac\u0103 via\u021ba de rug\u0103ciune. Riposteaz\u0103!<\/p>\n<p>Nr. pagini &#8211; 186<\/p>\n","protected":false},"excerpt":{"rendered":"<p>Lua\u021bi \u00eenapoi ceea ce \u00eemp\u0103r\u0103\u021bia \u00eentunericului a furat de la voi!<\/p>\n","protected":false},"featured_media":7313,"template":"","meta":{"_acf_changed":false},"product_brand":[],"product_cat":[25],"product_tag":[],"class_list":{"0":"post-35659","1":"product","2":"type-product","3":"status-publish","4":"has-post-thumbnail","6":"product_cat-restaurare-vindecare-eliberare","7":"pa_autori-venner-j-alston","8":"pa_format-carte-tiparita","10":"first","11":"instock","12":"shipping-taxable","13":"purchasable","14":"product-type-variable","15":"has-default-attributes"},"acf":[],"_links":{"self":[{"href":"https:\/\/alfaomega.tv\/librarie\/wp-json\/wp\/v2\/product\/35659","targetHints":{"allow":["GET"]}}],"collection":[{"href":"https:\/\/alfaomega.tv\/librarie\/wp-json\/wp\/v2\/product"}],"about":[{"href":"https:\/\/alfaomega.tv\/librarie\/wp-json\/wp\/v2\/types\/product"}],"wp:featuredmedia":[{"embeddable":true,"href":"https:\/\/alfaomega.tv\/librarie\/wp-json\/wp\/v2\/media\/7313"}],"wp:attachment":[{"href":"https:\/\/alfaomega.tv\/librarie\/wp-json\/wp\/v2\/media?parent=35659"}],"wp:term":[{"taxonomy":"product_brand","embeddable":true,"href":"https:\/\/alfaomega.tv\/librarie\/wp-json\/wp\/v2\/product_brand?post=35659"},{"taxonomy":"product_cat","embeddable":true,"href":"https:\/\/alfaomega.tv\/librarie\/wp-json\/wp\/v2\/product_cat?post=35659"},{"taxonomy":"product_tag","embeddable":true,"href":"https:\/\/alfaomega.tv\/librarie\/wp-json\/wp\/v2\/product_tag?post=35659"}],"curies":[{"name":"wp","href":"https:\/\/api.w.org\/{rel}","templated":true}]}}