{"id":35663,"date":"2025-08-29T12:58:12","date_gmt":"2025-08-29T12:58:12","guid":{"rendered":"https:\/\/alfaomega.tv\/librarie\/?post_type=product&#038;p=35663"},"modified":"2025-09-04T10:10:37","modified_gmt":"2025-09-04T10:10:37","slug":"slava-locului-secret","status":"publish","type":"product","link":"https:\/\/alfaomega.tv\/librarie\/produse\/identitate-crestere-spirituala-revelatie\/slava-locului-secret\/","title":{"rendered":"Slava locului secret"},"content":{"rendered":"<p>ACEAST\u0102 CARTE NE \u00ceNVA\u021a\u0102 S\u0102 PETRECEM TIMP CU DUMNEZEU<br \/>Prezent\u00e2ndu-ne lucruri din experien\u021ba sa personal\u0103 \u00een ce prive\u0219te \u00eent\u00e2lnirea cu Dumnezeu \u00een locul secret \u0219i revela\u021bia sa din Matei 6:6, Alain Caron \u00eel conduce pe cititor pas cu pas \u00eentr-o c\u0103l\u0103torie dinamic\u0103 de la zero la slav\u0103. Ve\u021bi \u00eenv\u0103\u021ba cum s\u0103:<br \/>&#8211; Intra\u021bi \u00een camera de rug\u0103ciune \u0219i s\u0103 \u00eenchide\u021bi u\u0219a<br \/>&#8211; Face\u021bi cuno\u0219tin\u021b\u0103 cu Dumnezeu care v\u0103 a\u0219teapt\u0103 \u00een spatele u\u0219ii<br \/>&#8211; V\u0103 ruga\u021bi, s\u0103 v\u0103 \u00eenchina\u021bi \u0219i s\u0103 s\u0103rb\u0103tori\u021bi \u00een intimitatea prezen\u021bei Sale<br \/>&#8211; Vede\u021bi r\u0103spunsuri la rug\u0103ciuni<br \/>&#8211; Vorbi\u021bi cu Tat\u0103l fa\u021b\u0103 \u00een fa\u021b\u0103<br \/>&#8211; Evita\u021bi vr\u0103jitoria \u00een rug\u0103ciune<br \/>&#8211; Trece\u021bi de heruvimi \u0219i s\u0103 descoperi\u021bi slava<br \/>&#8211; R\u0103m\u00e2ne\u021bi \u00eens\u0103rcina\u021bi cu cerul<br \/>Aceasta ar putea fi una dintre cele mai utile c\u0103r\u021bi pe care le ve\u021bi citi \u00een c\u0103l\u0103toria voastr\u0103 pentru a experimenta SLAVA LOCULUI SECRET<\/p>\n<p>Nr. pagini &#8211; 132<\/p>\n","protected":false},"excerpt":{"rendered":"<p>\u00cen aceste vremuri dificile care zguduie lumea, Domnul \u00ee\u0219i invit\u0103 cu insisten\u021b\u0103 biserica s\u0103 se apropie de El. Aceasta este ceea ce \u00ee\u0219i dore\u0219te fiecare credincios, dar c\u00e2nd vine timpul s\u0103 se roage, mul\u021bi trebuie s\u0103 recunoasc\u0103 c\u0103 nu au prea mult\u0103 experien\u021b\u0103 \u00een ceea ce prive\u0219te rug\u0103ciunea personal\u0103. Ei \u00cel iubesc pe Domnul, dar dup\u0103 ce sunt singuri cu El timp de cinci minute, \u00eencep s\u0103 se simt\u0103 intimida\u021bi \u0219i nu \u0219tiu ce s\u0103 mai spun\u0103 sau s\u0103 fac\u0103.<\/p>\n","protected":false},"featured_media":7317,"template":"","meta":{"_acf_changed":false},"product_brand":[],"product_cat":[21],"product_tag":[],"class_list":{"0":"post-35663","1":"product","2":"type-product","3":"status-publish","4":"has-post-thumbnail","6":"product_cat-identitate-crestere-spirituala-revelatie","7":"pa_autori-alain-caron","8":"pa_format-carte-tiparita","9":"pa_format-carte-electronica","11":"first","12":"instock","13":"shipping-taxable","14":"purchasable","15":"product-type-variable"},"acf":[],"_links":{"self":[{"href":"https:\/\/alfaomega.tv\/librarie\/wp-json\/wp\/v2\/product\/35663","targetHints":{"allow":["GET"]}}],"collection":[{"href":"https:\/\/alfaomega.tv\/librarie\/wp-json\/wp\/v2\/product"}],"about":[{"href":"https:\/\/alfaomega.tv\/librarie\/wp-json\/wp\/v2\/types\/product"}],"wp:featuredmedia":[{"embeddable":true,"href":"https:\/\/alfaomega.tv\/librarie\/wp-json\/wp\/v2\/media\/7317"}],"wp:attachment":[{"href":"https:\/\/alfaomega.tv\/librarie\/wp-json\/wp\/v2\/media?parent=35663"}],"wp:term":[{"taxonomy":"product_brand","embeddable":true,"href":"https:\/\/alfaomega.tv\/librarie\/wp-json\/wp\/v2\/product_brand?post=35663"},{"taxonomy":"product_cat","embeddable":true,"href":"https:\/\/alfaomega.tv\/librarie\/wp-json\/wp\/v2\/product_cat?post=35663"},{"taxonomy":"product_tag","embeddable":true,"href":"https:\/\/alfaomega.tv\/librarie\/wp-json\/wp\/v2\/product_tag?post=35663"}],"curies":[{"name":"wp","href":"https:\/\/api.w.org\/{rel}","templated":true}]}}