{"id":35665,"date":"2025-08-29T12:58:12","date_gmt":"2025-08-29T12:58:12","guid":{"rendered":"https:\/\/alfaomega.tv\/librarie\/?post_type=product&#038;p=35665"},"modified":"2025-11-04T12:57:05","modified_gmt":"2025-11-04T12:57:05","slug":"diagnosticarea-arborelui-genealogic","status":"publish","type":"product","link":"https:\/\/alfaomega.tv\/librarie\/produse\/restaurare-vindecare-eliberare\/diagnosticarea-arborelui-genealogic\/","title":{"rendered":"Diagnosticarea arborelui genealogic"},"content":{"rendered":"<p>De\u0219i to\u021bi cei care tr\u0103iesc evlavios \u00een Hristos Isus vor suferi persecu\u021bie, iar Dumnezeu va folosi acele \u00eencerc\u0103ri pentru a ne des\u0103v\u00e2r\u0219i, s-ar putea ca nu toate necazurile \u0219i \u00eencerc\u0103rile s\u0103 fie necesare. Unele dintre lucrurile cu care ne lupt\u0103m pot fi evitate. Lucrurile care formeaz\u0103 un tipar \u0219i apar \u00eentr-un mod repetat, pot fi rezultatul acordurilor genera\u021bionale pe care fie noi, fie str\u0103mo\u0219ii no\u0219tri le-am \u00eencheiat cu inamicul. Judecata p\u0103catului \u0219i consecin\u021bele nelegiuirii nem\u0103rturisite care vin ca rezultat al \u00een\u021belegerilor pe care le-am f\u0103cut cu minciunile du\u0219manului pot fi la baza unora dintre cele mai mari dificult\u0103\u021bi cu care ne putem confrunta. Aceste acorduri care se manifest\u0103 prin fric\u0103 \u0219i \u00eendoial\u0103 sunt folosite de inamic pentru a ne \u021bine departe de binecuv\u00e2nt\u0103ri \u0219i a ne \u021bine \u00een robia lui.<br \/>\nDiagnosticarea arborelui genealogic \u0219i preluarea autorit\u0103\u021bii ca reprezentant autorizat al liniei de s\u00e2nge, devine o ac\u021biune \u00een\u021beleapt\u0103 \u0219i necesar\u0103 pentru oricine dore\u0219te s\u0103 fie eliberat de blestemele p\u0103catului \u0219i s\u0103 creasc\u0103 \u00een rela\u021bia cu Dumnezeu.<\/p>\n<p>&nbsp;<\/p>\n","protected":false},"excerpt":{"rendered":"<p>Te-ai \u00eentrebat vreodat\u0103 de ce lucrurile se \u00eent\u00e2mpl\u0103 a\u0219a cum se \u00eent\u00e2mpl\u0103 \u0219i de ce par s\u0103 aib\u0103 loc din nou \u0219i din nou, indiferent de ceea ce faci pentru a \u00ceNCERCA s\u0103 le schimbi? Biblia ne spune: \u201eCum sare vrabia \u00eencoace \u015fi \u00eencolo \u015fi cum zboar\u0103 r\u00e2ndunica, a\u015fa nu nimere\u015fte blestemul ne\u00eentemeiat.\u201d (Proverbe 26:2) Deci trebuie s\u0103 existe un motiv pentru lipsa binecuv\u00e2nt\u0103rilor \u0219i prezen\u021ba unui blestem \u00een via\u021ba noastr\u0103.<\/p>\n","protected":false},"featured_media":7319,"template":"","meta":{"_acf_changed":false},"product_brand":[],"product_cat":[25],"product_tag":[],"class_list":{"0":"post-35665","1":"product","2":"type-product","3":"status-publish","4":"has-post-thumbnail","6":"product_cat-restaurare-vindecare-eliberare","7":"pa_autori-marjorie-cole","8":"pa_format-carte-tiparita","9":"pa_format-carte-electronica","11":"first","12":"instock","13":"shipping-taxable","14":"purchasable","15":"product-type-variable"},"acf":[],"_links":{"self":[{"href":"https:\/\/alfaomega.tv\/librarie\/wp-json\/wp\/v2\/product\/35665","targetHints":{"allow":["GET"]}}],"collection":[{"href":"https:\/\/alfaomega.tv\/librarie\/wp-json\/wp\/v2\/product"}],"about":[{"href":"https:\/\/alfaomega.tv\/librarie\/wp-json\/wp\/v2\/types\/product"}],"wp:featuredmedia":[{"embeddable":true,"href":"https:\/\/alfaomega.tv\/librarie\/wp-json\/wp\/v2\/media\/7319"}],"wp:attachment":[{"href":"https:\/\/alfaomega.tv\/librarie\/wp-json\/wp\/v2\/media?parent=35665"}],"wp:term":[{"taxonomy":"product_brand","embeddable":true,"href":"https:\/\/alfaomega.tv\/librarie\/wp-json\/wp\/v2\/product_brand?post=35665"},{"taxonomy":"product_cat","embeddable":true,"href":"https:\/\/alfaomega.tv\/librarie\/wp-json\/wp\/v2\/product_cat?post=35665"},{"taxonomy":"product_tag","embeddable":true,"href":"https:\/\/alfaomega.tv\/librarie\/wp-json\/wp\/v2\/product_tag?post=35665"}],"curies":[{"name":"wp","href":"https:\/\/api.w.org\/{rel}","templated":true}]}}