{"id":35669,"date":"2025-08-29T12:58:13","date_gmt":"2025-08-29T12:58:13","guid":{"rendered":"https:\/\/alfaomega.tv\/librarie\/?post_type=product&#038;p=35669"},"modified":"2026-03-11T07:23:13","modified_gmt":"2026-03-11T07:23:13","slug":"ucenicie-financiara","status":"publish","type":"product","link":"https:\/\/alfaomega.tv\/librarie\/produse\/crestinul-si-societatea\/ucenicie-financiara\/","title":{"rendered":"Ucenicie financiar\u0103"},"content":{"rendered":"<p>Un ucenic financiar are o viziune clar\u0103, de a vedea fiecare urma\u0219 al lui Hristos din fiecare na\u021biune, tr\u0103ind cu credincio\u0219ie dup\u0103 principiile financiare ale lui Dumnezeu \u00een fiecare domeniu al vie\u021bii lui, at\u00e2t personal, c\u00e2t \u0219i \u00een ce prive\u0219te munca, familia \u0219i comunitatea. El sau ea dore\u0219te s\u0103-L cunoasc\u0103 pe Hristos mai intim, s\u0103 fie liber s\u0103 slujeasc\u0103 \u0219i s\u0103 ajute la finan\u021barea lucr\u0103rii bisericii.<br \/>\nAl\u0103tura\u021bi-v\u0103 nou\u0103 \u00een c\u0103l\u0103toria uceniciei financiare!<br \/>\n\u201ePeter Briscoe conecteaz\u0103 ucenicia cu cel mai men\u021bionat subiect din Biblie: banii. El pune baze corecte \u0219i le amestec\u0103 cu principii solide \u0219i practice.<br \/>\nCitirea \u0219i punerea \u00een practic\u0103 a uceniciei financiare te vor face cu siguran\u021b\u0103 un ucenic mai incluziv \u0219i te va ajuta s\u0103 faci la r\u00e2ndul t\u0103u ucenici.\u201d<br \/>\nThomas Bucher, secretar general, Alian\u021ba Evanghelic\u0103 European\u0103, Elve\u021bia<br \/>\n\u201eAm fost impresionat de aceast\u0103 carte \u0219i o recomand cu toat\u0103 inima tuturor celor care doresc s\u0103-L urmeze pe Hristos ca \u0219i ucenici credincio\u0219i.\u201d<br \/>\nHoward Dayton, fondator \u0219i pre\u0219edinte, Compass \u2013 finances God\u2019s way, SUA<\/p>\n<p>Nr. pagini &#8211; 262<\/p>\n","protected":false},"excerpt":{"rendered":"<p>Aceast\u0103 carte este o invita\u021bie de a te al\u0103tura lui Isus \u00eentr-o c\u0103l\u0103torie captivant\u0103 a uceniciei financiare.<br \/>\nUn ucenic este o persoan\u0103 care are o rela\u021bie continu\u0103 cu Isus Hristos, care \u00eei schimb\u0103 via\u021ba \u0219i care \u00eemp\u0103rt\u0103\u0219e\u0219te cu bucurie celorlal\u021bi ceea ce a \u00eenv\u0103\u021bat. Ucenicia financiar\u0103 este foarte important\u0103 pentru c\u0103 ceea ce facem cu banii reflect\u0103 priorit\u0103\u021bile inimii noastre. Isus a spus: \u201eAcolo unde este comoara voastr\u0103, acolo va fi \u015fi inima voastr\u0103.\u201d<\/p>\n","protected":false},"featured_media":7323,"template":"","meta":{"_acf_changed":false},"product_brand":[],"product_cat":[30],"product_tag":[],"class_list":{"0":"post-35669","1":"product","2":"type-product","3":"status-publish","4":"has-post-thumbnail","6":"product_cat-crestinul-si-societatea","7":"pa_autori-peter-briscoe","8":"pa_format-carte-tiparita","9":"pa_format-carte-electronica","11":"first","12":"instock","13":"shipping-taxable","14":"purchasable","15":"product-type-variable"},"acf":[],"_links":{"self":[{"href":"https:\/\/alfaomega.tv\/librarie\/wp-json\/wp\/v2\/product\/35669","targetHints":{"allow":["GET"]}}],"collection":[{"href":"https:\/\/alfaomega.tv\/librarie\/wp-json\/wp\/v2\/product"}],"about":[{"href":"https:\/\/alfaomega.tv\/librarie\/wp-json\/wp\/v2\/types\/product"}],"wp:featuredmedia":[{"embeddable":true,"href":"https:\/\/alfaomega.tv\/librarie\/wp-json\/wp\/v2\/media\/7323"}],"wp:attachment":[{"href":"https:\/\/alfaomega.tv\/librarie\/wp-json\/wp\/v2\/media?parent=35669"}],"wp:term":[{"taxonomy":"product_brand","embeddable":true,"href":"https:\/\/alfaomega.tv\/librarie\/wp-json\/wp\/v2\/product_brand?post=35669"},{"taxonomy":"product_cat","embeddable":true,"href":"https:\/\/alfaomega.tv\/librarie\/wp-json\/wp\/v2\/product_cat?post=35669"},{"taxonomy":"product_tag","embeddable":true,"href":"https:\/\/alfaomega.tv\/librarie\/wp-json\/wp\/v2\/product_tag?post=35669"}],"curies":[{"name":"wp","href":"https:\/\/api.w.org\/{rel}","templated":true}]}}