{"id":35671,"date":"2025-08-29T12:58:13","date_gmt":"2025-08-29T12:58:13","guid":{"rendered":"https:\/\/alfaomega.tv\/librarie\/?post_type=product&#038;p=35671"},"modified":"2025-08-29T12:58:22","modified_gmt":"2025-08-29T12:58:22","slug":"destinul-israelului-si-al-bisericii","status":"publish","type":"product","link":"https:\/\/alfaomega.tv\/librarie\/produse\/derek-prince\/destinul-israelului-si-al-bisericii\/","title":{"rendered":"Destinul Israelului \u015fi al Bisericii"},"content":{"rendered":"<p>CUPRINS:<\/p>\n<p>Introducere<br \/>1. Destinul Israelului \u015fi al Bisericii<br \/>2. Ei nu sunt Israel<br \/>3. Ce este Biserica?<br \/>4. Trecutul \u015fi prezentul Israelului<br \/>5. O palm\u0103 de p\u0103m\u00e2nt<br \/>6. Este Dumnezeu nedrept?<br \/>7. Alegerea \u015fi Biserica<br \/>8. Va fi \u015fi Biserica o r\u0103m\u0103\u015fi\u0163\u0103?<br \/>9. Responsabilitatea noastr\u0103<br \/>10. Punctul culminant<br \/>11. Datoria noastr\u0103 fa\u0163\u0103 de Israel<\/p>\n<p>Nr. pagini &#8211; 136<\/p>\n","protected":false},"excerpt":{"rendered":"<p>Una dintre cele mai incitante tr\u0103s\u0103turi ale perioadei \u00een care tr\u0103im acum este c\u0103 destinele Israelului \u0219i ale Bisericii \u00eencep din nou s\u0103 se \u00eempleteasc\u0103, \u00eendrept\u00e2ndu-se spre acela\u0219i punct. Aceast\u0103 mi\u0219care de convergen\u021b\u0103 va isca cele mai dramatice \u0219i semnificative evolu\u021bii din istoria omenirii. Israelul a fost, este \u0219i va fi \u00een centrul unei puternice ciocniri de for\u021be, dar Dumnezeu a stabilit leg\u0103minte ferme at\u00e2t cu Israel, c\u00e2t \u0219i cu Biserica. A\u0219adar, restaurarea Israelului trebuie s\u0103 fie o preocupare profund\u0103 pentru cre\u0219tini.<\/p>\n","protected":false},"featured_media":7325,"template":"","meta":{"_acf_changed":false},"product_brand":[],"product_cat":[42],"product_tag":[],"class_list":{"0":"post-35671","1":"product","2":"type-product","3":"status-publish","4":"has-post-thumbnail","6":"product_cat-derek-prince","7":"pa_autori-derek-prince","8":"pa_format-carte-tiparita","10":"first","11":"instock","12":"shipping-taxable","13":"purchasable","14":"product-type-variable","15":"has-default-attributes"},"acf":[],"_links":{"self":[{"href":"https:\/\/alfaomega.tv\/librarie\/wp-json\/wp\/v2\/product\/35671","targetHints":{"allow":["GET"]}}],"collection":[{"href":"https:\/\/alfaomega.tv\/librarie\/wp-json\/wp\/v2\/product"}],"about":[{"href":"https:\/\/alfaomega.tv\/librarie\/wp-json\/wp\/v2\/types\/product"}],"wp:featuredmedia":[{"embeddable":true,"href":"https:\/\/alfaomega.tv\/librarie\/wp-json\/wp\/v2\/media\/7325"}],"wp:attachment":[{"href":"https:\/\/alfaomega.tv\/librarie\/wp-json\/wp\/v2\/media?parent=35671"}],"wp:term":[{"taxonomy":"product_brand","embeddable":true,"href":"https:\/\/alfaomega.tv\/librarie\/wp-json\/wp\/v2\/product_brand?post=35671"},{"taxonomy":"product_cat","embeddable":true,"href":"https:\/\/alfaomega.tv\/librarie\/wp-json\/wp\/v2\/product_cat?post=35671"},{"taxonomy":"product_tag","embeddable":true,"href":"https:\/\/alfaomega.tv\/librarie\/wp-json\/wp\/v2\/product_tag?post=35671"}],"curies":[{"name":"wp","href":"https:\/\/api.w.org\/{rel}","templated":true}]}}