{"id":35673,"date":"2025-08-29T12:58:13","date_gmt":"2025-08-29T12:58:13","guid":{"rendered":"https:\/\/alfaomega.tv\/librarie\/?post_type=product&#038;p=35673"},"modified":"2025-10-30T14:52:12","modified_gmt":"2025-10-30T14:52:12","slug":"modelul-divin","status":"publish","type":"product","link":"https:\/\/alfaomega.tv\/librarie\/produse\/identitate-crestere-spirituala-revelatie\/modelul-divin\/","title":{"rendered":"Modelul divin"},"content":{"rendered":"<p>Dr. Alemu a fost o surs\u0103 de binecuv\u00e2ntare pentru mireasa lui Hristos din \u00eentreaga lume prin numeroasele sale c\u0103r\u021bi \u0219i prin lucrarea Evangheliei slavei. MODELUL DIVIN este o carte care ghideaz\u0103, echipeaz\u0103 \u0219i provoac\u0103 trupul lui Hristos s\u0103 urmeze modelele pe care Dumnezeul nostru plin de dragoste le-a stabilit pentru noi, fiind \u00een acela\u0219i timp o lectur\u0103 captivant\u0103.<\/p>\n<p>&nbsp;<\/p>\n","protected":false},"excerpt":{"rendered":"<p>\u00cen aceast\u0103 carte, dr. Alemu Beeftu dezv\u0103luie informa\u021bii utile despre o via\u021b\u0103 cre\u0219tin\u0103 roditoare. El face acest lucru \u00eentr-un mod unic, aplic\u00e2nd lec\u021bii practice \u0219i planurile pe care le-a dat Dumnezeu pentru construirea Cortului \u00cent\u00e2lnirii.<\/p>\n","protected":false},"featured_media":7327,"template":"","meta":{"_acf_changed":false},"product_brand":[],"product_cat":[21],"product_tag":[],"class_list":{"0":"post-35673","1":"product","2":"type-product","3":"status-publish","4":"has-post-thumbnail","6":"product_cat-identitate-crestere-spirituala-revelatie","7":"pa_autori-alemu-beeftu","8":"pa_format-carte-tiparita","9":"pa_format-carte-electronica","11":"first","12":"instock","13":"shipping-taxable","14":"purchasable","15":"product-type-variable"},"acf":[],"_links":{"self":[{"href":"https:\/\/alfaomega.tv\/librarie\/wp-json\/wp\/v2\/product\/35673","targetHints":{"allow":["GET"]}}],"collection":[{"href":"https:\/\/alfaomega.tv\/librarie\/wp-json\/wp\/v2\/product"}],"about":[{"href":"https:\/\/alfaomega.tv\/librarie\/wp-json\/wp\/v2\/types\/product"}],"wp:featuredmedia":[{"embeddable":true,"href":"https:\/\/alfaomega.tv\/librarie\/wp-json\/wp\/v2\/media\/7327"}],"wp:attachment":[{"href":"https:\/\/alfaomega.tv\/librarie\/wp-json\/wp\/v2\/media?parent=35673"}],"wp:term":[{"taxonomy":"product_brand","embeddable":true,"href":"https:\/\/alfaomega.tv\/librarie\/wp-json\/wp\/v2\/product_brand?post=35673"},{"taxonomy":"product_cat","embeddable":true,"href":"https:\/\/alfaomega.tv\/librarie\/wp-json\/wp\/v2\/product_cat?post=35673"},{"taxonomy":"product_tag","embeddable":true,"href":"https:\/\/alfaomega.tv\/librarie\/wp-json\/wp\/v2\/product_tag?post=35673"}],"curies":[{"name":"wp","href":"https:\/\/api.w.org\/{rel}","templated":true}]}}