{"id":35685,"date":"2025-08-29T12:58:23","date_gmt":"2025-08-29T12:58:23","guid":{"rendered":"https:\/\/alfaomega.tv\/librarie\/?post_type=product&#038;p=35685"},"modified":"2025-10-28T12:30:41","modified_gmt":"2025-10-28T12:30:41","slug":"cand-vecinul-tau-este-mantuitorul","status":"publish","type":"product","link":"https:\/\/alfaomega.tv\/librarie\/produse\/intelegerea-vremurilor-israel\/cand-vecinul-tau-este-mantuitorul\/","title":{"rendered":"C\u00e2nd vecinul t\u0103u este m\u00e2ntuitorul"},"content":{"rendered":"<p>Iat\u0103 perspectiva unic\u0103 a unui cre\u0219tin care tr\u0103ie\u0219te \u00een Nazaret, care surprinde pasiunea \u0219i scopul \u00een desf\u0103\u0219urare ale lui Dumnezeu pentru acel loc special. Credin\u021ba ta va fi \u00eent\u0103rit\u0103 \u0219i inima ta va fi mi\u0219cat\u0103.<\/p>\n<p>&nbsp;<\/p>\n","protected":false},"excerpt":{"rendered":"<p>Aceast\u0103 carte inspira\u021bional\u0103 ofer\u0103 c\u00e2teva perspective profunde \u0219i personale asupra vie\u021bii unui cre\u0219tin palestinian arab israelian, oferindu-ne o \u00een\u021belegere mai profund\u0103 a complexit\u0103\u021bii de a fi un credincios cre\u0219tin \u00een Orientul Mijlociu \u00een ziua de ast\u0103zi.<\/p>\n","protected":false},"featured_media":7339,"template":"","meta":{"_acf_changed":false},"product_brand":[],"product_cat":[24],"product_tag":[],"class_list":{"0":"post-35685","1":"product","2":"type-product","3":"status-publish","4":"has-post-thumbnail","6":"product_cat-intelegerea-vremurilor-israel","7":"pa_autori-botrus-mansour","8":"pa_format-carte-tiparita","9":"pa_format-carte-electronica","11":"first","12":"instock","13":"shipping-taxable","14":"purchasable","15":"product-type-variable"},"acf":[],"_links":{"self":[{"href":"https:\/\/alfaomega.tv\/librarie\/wp-json\/wp\/v2\/product\/35685","targetHints":{"allow":["GET"]}}],"collection":[{"href":"https:\/\/alfaomega.tv\/librarie\/wp-json\/wp\/v2\/product"}],"about":[{"href":"https:\/\/alfaomega.tv\/librarie\/wp-json\/wp\/v2\/types\/product"}],"wp:featuredmedia":[{"embeddable":true,"href":"https:\/\/alfaomega.tv\/librarie\/wp-json\/wp\/v2\/media\/7339"}],"wp:attachment":[{"href":"https:\/\/alfaomega.tv\/librarie\/wp-json\/wp\/v2\/media?parent=35685"}],"wp:term":[{"taxonomy":"product_brand","embeddable":true,"href":"https:\/\/alfaomega.tv\/librarie\/wp-json\/wp\/v2\/product_brand?post=35685"},{"taxonomy":"product_cat","embeddable":true,"href":"https:\/\/alfaomega.tv\/librarie\/wp-json\/wp\/v2\/product_cat?post=35685"},{"taxonomy":"product_tag","embeddable":true,"href":"https:\/\/alfaomega.tv\/librarie\/wp-json\/wp\/v2\/product_tag?post=35685"}],"curies":[{"name":"wp","href":"https:\/\/api.w.org\/{rel}","templated":true}]}}