{"id":35693,"date":"2025-08-29T12:58:24","date_gmt":"2025-08-29T12:58:24","guid":{"rendered":"https:\/\/alfaomega.tv\/librarie\/?post_type=product&#038;p=35693"},"modified":"2025-11-03T12:18:36","modified_gmt":"2025-11-03T12:18:36","slug":"semnul-profetului-iona","status":"publish","type":"product","link":"https:\/\/alfaomega.tv\/librarie\/produse\/identitate-crestere-spirituala-revelatie\/semnul-profetului-iona\/","title":{"rendered":"Semnul profetului Iona"},"content":{"rendered":"<p class=\"p1\">Pentru evrei, semnul lui Iona nu are nicio aplicare. Ei sunt \u00eenc\u0103 orbi\u0163i.<\/p>\n<p class=\"p1\">Dar pentru acei dintre ei care au recunoscut vremea, a\u015fa cum \u015fi pentru<\/p>\n<p class=\"p1\">acei dintre neamuri care L-au primit pe Isus \u00een inima lor, Mesia a venit.<\/p>\n<p class=\"p1\">Domnul nostru Isus Hristos s\u0103 ne ajute s\u0103 recunoa\u015ftem \u015fi noi vremurile<\/p>\n<p class=\"p1\">\u00een care tr\u0103im \u015fi s\u0103 spunem ca apostolul Pavel, \u00een 2 Timotei 4:<\/p>\n<p class=\"p1\">M-am luptat lupta cea bun\u0103, mi-am ispr\u0103vit alergarea, am p\u0103zit<\/p>\n<p class=\"p1\">credin\u021ba. De acum m\u0103 a\u0219teapt\u0103 cununa neprih\u0103nirii, pe care mi-o va<\/p>\n<p class=\"p1\">da \u00een \u201eziua aceea\u201d Domnul, Judec\u0103torul cel drept. \u0218i nu numai mie,<\/p>\n<p class=\"p1\">ci \u0219i tuturor celor ce vor fi iubit venirea Lui.<\/p>\n<p class=\"p1\">Domnul nostru Isus Hristos s\u0103 fie \u015fi s\u0103 r\u0103m\u00e2n\u0103 cu noi \u00een vecii vecilor, Amin.<\/p>\n<p class=\"p1\">Vino Doamne Isuse! Maranata<\/p>\n<p>&nbsp;<\/p>\n","protected":false},"excerpt":{"rendered":"<p>Pentru evrei, semnul lui Iona nu are nicio aplicare. Ei sunt \u00eenc\u0103 orbi\u0163i.<\/p>\n","protected":false},"featured_media":7357,"template":"","meta":{"_acf_changed":false},"product_brand":[],"product_cat":[21],"product_tag":[],"class_list":{"0":"post-35693","1":"product","2":"type-product","3":"status-publish","4":"has-post-thumbnail","6":"product_cat-identitate-crestere-spirituala-revelatie","7":"pa_autori-heinrich-engelbrecht","8":"pa_format-carte-tiparita","9":"pa_format-carte-electronica","11":"first","12":"instock","13":"shipping-taxable","14":"purchasable","15":"product-type-variable"},"acf":[],"_links":{"self":[{"href":"https:\/\/alfaomega.tv\/librarie\/wp-json\/wp\/v2\/product\/35693","targetHints":{"allow":["GET"]}}],"collection":[{"href":"https:\/\/alfaomega.tv\/librarie\/wp-json\/wp\/v2\/product"}],"about":[{"href":"https:\/\/alfaomega.tv\/librarie\/wp-json\/wp\/v2\/types\/product"}],"wp:featuredmedia":[{"embeddable":true,"href":"https:\/\/alfaomega.tv\/librarie\/wp-json\/wp\/v2\/media\/7357"}],"wp:attachment":[{"href":"https:\/\/alfaomega.tv\/librarie\/wp-json\/wp\/v2\/media?parent=35693"}],"wp:term":[{"taxonomy":"product_brand","embeddable":true,"href":"https:\/\/alfaomega.tv\/librarie\/wp-json\/wp\/v2\/product_brand?post=35693"},{"taxonomy":"product_cat","embeddable":true,"href":"https:\/\/alfaomega.tv\/librarie\/wp-json\/wp\/v2\/product_cat?post=35693"},{"taxonomy":"product_tag","embeddable":true,"href":"https:\/\/alfaomega.tv\/librarie\/wp-json\/wp\/v2\/product_tag?post=35693"}],"curies":[{"name":"wp","href":"https:\/\/api.w.org\/{rel}","templated":true}]}}