{"id":35697,"date":"2025-08-29T12:58:24","date_gmt":"2025-08-29T12:58:24","guid":{"rendered":"https:\/\/alfaomega.tv\/librarie\/?post_type=product&#038;p=35697"},"modified":"2025-09-02T10:05:39","modified_gmt":"2025-09-02T10:05:39","slug":"cel-care-discerne","status":"publish","type":"product","link":"https:\/\/alfaomega.tv\/librarie\/produse\/rugaciune-mijlocire\/cel-care-discerne\/","title":{"rendered":"Cel care discerne"},"content":{"rendered":"<p>Ce este revela\u021bia profetic\u0103 de la Dumnezeu? \u0218i care este rolul credinciosului \u00een a o primi \u0219i a o activa? James Goll, autorul bestseller-ului The Seer, explic\u0103 faptul c\u0103, de\u0219i unii credincio\u0219i au un dar special ca profe\u021bi, fiecare urma\u0219 al lui Isus prime\u0219te darurile revela\u021biei \u0219i discern\u0103m\u00e2ntului. \u0218i fiecare credincios trebuie s\u0103 le foloseasc\u0103. De fapt, f\u0103r\u0103 discern\u0103m\u00e2ntul \u0219i sensibilitatea Duhului Sf\u00e2nt nu putem face progrese \u00een folosirea darurilor \u0219i chem\u0103rilor.<\/p>\n<p>Explic\u00e2nd foarte clar cu ilustra\u021bii scripturale \u0219i cu povestiri contemporane din via\u021ba real\u0103, Goll demonstreaz\u0103 cum putem primi revela\u021bie prin cele cinci sim\u021buri naturale, v\u0103z, auz, pip\u0103it, gust, miros, \u0219i cum s\u0103 ne deschidem sim\u021burilor supranaturale prin care Dumnezeu dore\u0219te s\u0103 ne vorbeasc\u0103.<\/p>\n<p>De asemenea, el d\u0103 la o parte incertitudinile cu privire la cum s\u0103 discerni revela\u021bia \u0219i s\u0103 testezi duhurile, astfel \u00eenc\u00e2t fiecare credincios s\u0103-\u0219i poat\u0103 \u00eemplini scopul de a extinde \u00cemp\u0103r\u0103\u021bia lui Isus pe p\u0103m\u00e2nt.<\/p>\n<p>Cel care discerne este o minunat\u0103 introducere \u00een stilul de via\u021b\u0103 profetic, dar \u0219i o chemare provocatoare pentru cei care deja se mi\u0219c\u0103 \u00een revela\u021bia profetic\u0103.<\/p>\n<\/p>\n<p>Pagini: 214<\/p>\n","protected":false},"excerpt":{"rendered":"<p>Arma num\u0103rul 1 a lui satana este decep\u021bia. Nevoie num\u0103rul 1 a bisericii este discern\u0103m\u00e2ntul.<\/p>\n","protected":false},"featured_media":7361,"template":"","meta":{"_acf_changed":false},"product_brand":[],"product_cat":[22],"product_tag":[],"class_list":{"0":"post-35697","1":"product","2":"type-product","3":"status-publish","4":"has-post-thumbnail","6":"product_cat-rugaciune-mijlocire","7":"pa_autori-james-w-goll","8":"pa_format-carte-tiparita","10":"first","11":"instock","12":"shipping-taxable","13":"purchasable","14":"product-type-variable","15":"has-default-attributes"},"acf":[],"_links":{"self":[{"href":"https:\/\/alfaomega.tv\/librarie\/wp-json\/wp\/v2\/product\/35697","targetHints":{"allow":["GET"]}}],"collection":[{"href":"https:\/\/alfaomega.tv\/librarie\/wp-json\/wp\/v2\/product"}],"about":[{"href":"https:\/\/alfaomega.tv\/librarie\/wp-json\/wp\/v2\/types\/product"}],"wp:featuredmedia":[{"embeddable":true,"href":"https:\/\/alfaomega.tv\/librarie\/wp-json\/wp\/v2\/media\/7361"}],"wp:attachment":[{"href":"https:\/\/alfaomega.tv\/librarie\/wp-json\/wp\/v2\/media?parent=35697"}],"wp:term":[{"taxonomy":"product_brand","embeddable":true,"href":"https:\/\/alfaomega.tv\/librarie\/wp-json\/wp\/v2\/product_brand?post=35697"},{"taxonomy":"product_cat","embeddable":true,"href":"https:\/\/alfaomega.tv\/librarie\/wp-json\/wp\/v2\/product_cat?post=35697"},{"taxonomy":"product_tag","embeddable":true,"href":"https:\/\/alfaomega.tv\/librarie\/wp-json\/wp\/v2\/product_tag?post=35697"}],"curies":[{"name":"wp","href":"https:\/\/api.w.org\/{rel}","templated":true}]}}