{"id":35701,"date":"2025-08-29T12:58:25","date_gmt":"2025-08-29T12:58:25","guid":{"rendered":"https:\/\/alfaomega.tv\/librarie\/?post_type=product&#038;p=35701"},"modified":"2025-11-06T13:43:32","modified_gmt":"2025-11-06T13:43:32","slug":"durerile-nasterii","status":"publish","type":"product","link":"https:\/\/alfaomega.tv\/librarie\/produse\/intelegerea-vremurilor-israel\/durerile-nasterii\/","title":{"rendered":"Durerile na\u0219terii"},"content":{"rendered":"<p>\u00cen martie 2020, pe m\u0103sura ce coronavirusul \u00eencepea s\u0103 se r\u0103sp\u00e2ndeasc\u0103 pe glob, Ron Cantor a primit dou\u0103 cuvinte \u00een timp ce se ruga: \u201eFii gata!\u201d A fost \u00eendrumat apoi \u00een Matei 24:8, unde Ie\u0219ua vorbea despre semnele vremurilor din urm\u0103, precum ni\u0219te urgii, spun\u00e2nd: \u201eDar toate aceste lucruri nu vor fi dec\u00e2t \u00eenceputul durerilor.\u201d<\/p>\n<p>Voci profetice de pretutindeni din America au pretins c\u0103 COVID-19 nu este de la Dumnezeu. C\u0103 totul avea s\u0103 se termine cur\u00e2nd. Mul\u021bi au pretins c\u0103 se va termina p\u00e2n\u0103 de Pa\u0219te, \u00een timp ce al\u021bii au profe\u021bit cu \u00eendr\u0103zneal\u0103 (\u0219i \u00een mod gre\u0219it) c\u0103 pandemia nu va atinge America datorit\u0103 politicilor lui Donald Trump. \u201eSperam s\u0103 aib\u0103 dreptate \u2013 sufeream cu to\u021bii. Dar dac\u0103 ne aflam \u00een sezonul durerilor na\u0219terii, o alt\u0103 durere avea s\u0103 vin\u0103 cur\u00e2nd\u201d, a spus Cantor. La scurt timp, George Floyd a fost omor\u00e2t. Moartea lui a fost urmat\u0103 de proteste, revolte \u0219i Antifa. Lucrurile au explodat la scar\u0103 global\u0103.<\/p>\n<p>\u00cen aceast\u0103 carte, liderul israelian mesianic, Ron Cantor, caut\u0103 s\u0103 ne echipeze pentru vremurile care ne a\u0219teapt\u0103. El puncteaz\u0103:<\/p>\n<p>\u2022 C\u00e2teva ispite letale credincio\u0219ilor vremurilor din urm\u0103.<\/p>\n<p>\u2022 Importan\u021ba pre\u0219edintelui Trump \u0219i a atitudinii noastre fa\u021b\u0103 de el.<\/p>\n<p>\u2022 Cum Israelul va deveni o controvers\u0103 la fel de mare ca avortul.<\/p>\n<p>\u2022 O avertizare serioas\u0103 la adresa profe\u021bilor aspiran\u021bi \u0219i o chemare la dare de socoteal\u0103.<\/p>\n<p>\u2022 Ce trebuie s\u0103 \u00eenv\u0103\u021b\u0103m din anul 2020 ca s\u0103 ne preg\u0103tim pentru viitor.<\/p>\n<p>\u2022 Cheia pentru trezire \u00een mijlocul judec\u0103\u021bii.<\/p>\n<p>\u2022 \u00cencurajare \u2013 durerile na\u0219terii se \u00eencheie cu na\u0219terea: cea de-a doua venire a lui Ie\u0219ua.<\/p>\n<p>Pagini: 264<\/p>\n","protected":false},"excerpt":{"rendered":"<p>\u201eAceasta este cea mai important\u0103 carte pe care am scris-o\u201d, spune Cantor. \u201eEste un lucru critic s\u0103 nu avem reac\u021bii impulsive fire\u0219ti la evenimentele profetice, ci s\u0103 discernem ce vrea s\u0103 le vorbeasc\u0103 Dumnezeu credincio\u0219ilor.\u201d<\/p>\n","protected":false},"featured_media":7365,"template":"","meta":{"_acf_changed":false},"product_brand":[],"product_cat":[24],"product_tag":[],"class_list":{"0":"post-35701","1":"product","2":"type-product","3":"status-publish","4":"has-post-thumbnail","6":"product_cat-intelegerea-vremurilor-israel","7":"pa_autori-ron-cantor","8":"pa_format-carte-tiparita","9":"pa_format-carte-electronica","11":"first","12":"instock","13":"shipping-taxable","14":"purchasable","15":"product-type-variable"},"acf":[],"_links":{"self":[{"href":"https:\/\/alfaomega.tv\/librarie\/wp-json\/wp\/v2\/product\/35701","targetHints":{"allow":["GET"]}}],"collection":[{"href":"https:\/\/alfaomega.tv\/librarie\/wp-json\/wp\/v2\/product"}],"about":[{"href":"https:\/\/alfaomega.tv\/librarie\/wp-json\/wp\/v2\/types\/product"}],"wp:featuredmedia":[{"embeddable":true,"href":"https:\/\/alfaomega.tv\/librarie\/wp-json\/wp\/v2\/media\/7365"}],"wp:attachment":[{"href":"https:\/\/alfaomega.tv\/librarie\/wp-json\/wp\/v2\/media?parent=35701"}],"wp:term":[{"taxonomy":"product_brand","embeddable":true,"href":"https:\/\/alfaomega.tv\/librarie\/wp-json\/wp\/v2\/product_brand?post=35701"},{"taxonomy":"product_cat","embeddable":true,"href":"https:\/\/alfaomega.tv\/librarie\/wp-json\/wp\/v2\/product_cat?post=35701"},{"taxonomy":"product_tag","embeddable":true,"href":"https:\/\/alfaomega.tv\/librarie\/wp-json\/wp\/v2\/product_tag?post=35701"}],"curies":[{"name":"wp","href":"https:\/\/api.w.org\/{rel}","templated":true}]}}