{"id":35711,"date":"2025-08-29T12:58:36","date_gmt":"2025-08-29T12:58:36","guid":{"rendered":"https:\/\/alfaomega.tv\/librarie\/?post_type=product&#038;p=35711"},"modified":"2025-12-17T11:22:40","modified_gmt":"2025-12-17T11:22:40","slug":"strapungand-intunericul","status":"publish","type":"product","link":"https:\/\/alfaomega.tv\/librarie\/produse\/rugaciune-mijlocire\/strapungand-intunericul\/","title":{"rendered":"Str\u0103pung\u00e2nd \u00eentunericul"},"content":{"rendered":"<p>Oriunde ne uit\u0103m, vedem c\u0103 r\u0103ul a pus st\u0103p\u00e2nire pe noi: \u00een cultura popular\u0103, \u00een \u0219colile copiilor no\u0219tri, chiar \u0219i \u00een bisericile noastre. Vre\u021bi s\u0103 schimba\u021bi ceva, dar ce poate face o singur\u0103 persoan\u0103? O singur\u0103 persoan\u0103 poate birui \u00eentunericul. Atunci c\u00e2nd pierde\u021bi puterea lui Dumnezeu \u00een via\u021ba voastr\u0103, lumina Lui inund\u0103 casa voastr\u0103, comunitatea voastr\u0103, lumea voastr\u0103. Acum, pentru prima dat\u0103, pastorul Jack Hayford v\u0103 ofer\u0103 planul s\u0103u personal de lupt\u0103 pentru a face exact acest lucru: s\u0103 elibera\u021bi puterea lui Dumnezeu \u0219i s\u0103 \u00eenvinge\u021bi iadul pe p\u0103m\u00e2nt.<\/p>\n<p>El v\u0103 arat\u0103 cum:<\/p>\n<p>\u2022 s\u0103 v\u0103 dezvolta\u021bi o via\u021b\u0103 puternic\u0103 de rug\u0103ciune<\/p>\n<p>\u2022 s\u0103 intra\u021bi \u00eentr-o mijlocire eficient\u0103<\/p>\n<p>\u2022 s\u0103 v\u0103 cunoa\u0219te\u021bi armele din arsenalul vostru<\/p>\n<p>\u2022 s\u0103 confrunta\u021bi &#8211; \u0219i s\u0103 \u00eenvinge\u021bi &#8211; r\u0103ul<\/p>\n<p>\u2022 \u0219i altele<\/p>\n<p>C\u00e2nd ve\u021bi accepta puterea crucii, ve\u021bi respinge r\u0103ul acestei lumi, p\u0103trunz\u00e2nd chiar \u0219i \u00een cele mai ad\u00e2nci locuri \u00een care locuie\u0219te \u00eentunericul.<\/p>\n<p>Jack Hayford este pastor fondator al bisericii The Church On The Way, rector al universit\u0103\u021bii The King&#8217;s University \u0219i fondator al Jack W. Hayford School of Pastoral Nurture. A scris peste 40 de c\u0103r\u021bi, iar programele sale na\u021bionale de radio \u0219i televiziune fac \u00eenconjurul lumii.<\/p>\n<p>Rebecca Hayford Bauer a slujit \u00een lucrarea pastoral\u0103 timp de peste 30 de ani \u0219i este profesoar\u0103 la The King&#8217;s University \u0219i Foursquare Ignite. Ea este autoarea a multor c\u0103r\u021bi \u0219i \u021bine numeroase conferin\u021be.<\/p>\n<\/p>\n<p>Nr. pagini: 184<\/p>\n","protected":false},"excerpt":{"rendered":"<p>Ai \u00een tine puterea lui Hristos cel \u00eenviat &#8211; du\u0219manul a pus st\u0103p\u00e2nire pe tine?<\/p>\n","protected":false},"featured_media":7375,"template":"","meta":{"_acf_changed":false},"product_brand":[],"product_cat":[22],"product_tag":[],"class_list":{"0":"post-35711","1":"product","2":"type-product","3":"status-publish","4":"has-post-thumbnail","6":"product_cat-rugaciune-mijlocire","7":"pa_autori-jack-hayford","8":"pa_format-carte-tiparita","10":"first","11":"instock","12":"shipping-taxable","13":"purchasable","14":"product-type-variable","15":"has-default-attributes"},"acf":[],"_links":{"self":[{"href":"https:\/\/alfaomega.tv\/librarie\/wp-json\/wp\/v2\/product\/35711","targetHints":{"allow":["GET"]}}],"collection":[{"href":"https:\/\/alfaomega.tv\/librarie\/wp-json\/wp\/v2\/product"}],"about":[{"href":"https:\/\/alfaomega.tv\/librarie\/wp-json\/wp\/v2\/types\/product"}],"wp:featuredmedia":[{"embeddable":true,"href":"https:\/\/alfaomega.tv\/librarie\/wp-json\/wp\/v2\/media\/7375"}],"wp:attachment":[{"href":"https:\/\/alfaomega.tv\/librarie\/wp-json\/wp\/v2\/media?parent=35711"}],"wp:term":[{"taxonomy":"product_brand","embeddable":true,"href":"https:\/\/alfaomega.tv\/librarie\/wp-json\/wp\/v2\/product_brand?post=35711"},{"taxonomy":"product_cat","embeddable":true,"href":"https:\/\/alfaomega.tv\/librarie\/wp-json\/wp\/v2\/product_cat?post=35711"},{"taxonomy":"product_tag","embeddable":true,"href":"https:\/\/alfaomega.tv\/librarie\/wp-json\/wp\/v2\/product_tag?post=35711"}],"curies":[{"name":"wp","href":"https:\/\/api.w.org\/{rel}","templated":true}]}}