{"id":35715,"date":"2025-08-29T12:58:36","date_gmt":"2025-08-29T12:58:36","guid":{"rendered":"https:\/\/alfaomega.tv\/librarie\/?post_type=product&#038;p=35715"},"modified":"2025-08-29T12:58:47","modified_gmt":"2025-08-29T12:58:47","slug":"credinta-un-izvor-de-viata","status":"publish","type":"product","link":"https:\/\/alfaomega.tv\/librarie\/produse\/derek-prince\/credinta-un-izvor-de-viata\/","title":{"rendered":"Credin\u021ba \u2013 un izvor de via\u021b\u0103"},"content":{"rendered":"<p><strong>Umblarea prin credin\u021b\u0103<\/strong><br \/>\u00cen Evrei 11:6 ni se spune c\u0103 \u201ef\u0103r\u0103 credin\u021b\u0103 este cu neputin\u021b\u0103 s\u0103 fim pl\u0103cu\u021bi\u201d lui Dumnezeu.<br \/>Autorul Derek Prince vine \u00een \u00eent\u00e2mpinarea nevoii noastre \u0219i abordeaz\u0103 diferite aspecte importante referitoare la aceast\u0103 tem\u0103, precum ar fi: modul \u00een care putem dob\u00e2ndi credin\u021b\u0103 \u0219i diferen\u021ba dintre credin\u021b\u0103 \u0219i speran\u021b\u0103.<br \/>Aceast\u0103 carte \u00ee\u021bi poate schimba radical umblarea cu Domnul.<\/p>\n<p>\u00a0<\/p>\n<p>Nr. pagini: 186<\/p>\n","protected":false},"excerpt":{"rendered":"<p>Umblarea prin credin\u021b\u0103<\/p>\n","protected":false},"featured_media":7379,"template":"","meta":{"_acf_changed":false},"product_brand":[],"product_cat":[42],"product_tag":[],"class_list":{"0":"post-35715","1":"product","2":"type-product","3":"status-publish","4":"has-post-thumbnail","6":"product_cat-derek-prince","7":"pa_autori-derek-prince","8":"pa_format-carte-tiparita","10":"first","11":"outofstock","12":"shipping-taxable","13":"purchasable","14":"product-type-variable","15":"has-default-attributes"},"acf":[],"_links":{"self":[{"href":"https:\/\/alfaomega.tv\/librarie\/wp-json\/wp\/v2\/product\/35715","targetHints":{"allow":["GET"]}}],"collection":[{"href":"https:\/\/alfaomega.tv\/librarie\/wp-json\/wp\/v2\/product"}],"about":[{"href":"https:\/\/alfaomega.tv\/librarie\/wp-json\/wp\/v2\/types\/product"}],"wp:featuredmedia":[{"embeddable":true,"href":"https:\/\/alfaomega.tv\/librarie\/wp-json\/wp\/v2\/media\/7379"}],"wp:attachment":[{"href":"https:\/\/alfaomega.tv\/librarie\/wp-json\/wp\/v2\/media?parent=35715"}],"wp:term":[{"taxonomy":"product_brand","embeddable":true,"href":"https:\/\/alfaomega.tv\/librarie\/wp-json\/wp\/v2\/product_brand?post=35715"},{"taxonomy":"product_cat","embeddable":true,"href":"https:\/\/alfaomega.tv\/librarie\/wp-json\/wp\/v2\/product_cat?post=35715"},{"taxonomy":"product_tag","embeddable":true,"href":"https:\/\/alfaomega.tv\/librarie\/wp-json\/wp\/v2\/product_tag?post=35715"}],"curies":[{"name":"wp","href":"https:\/\/api.w.org\/{rel}","templated":true}]}}