{"id":35719,"date":"2025-08-29T12:58:36","date_gmt":"2025-08-29T12:58:36","guid":{"rendered":"https:\/\/alfaomega.tv\/librarie\/?post_type=product&#038;p=35719"},"modified":"2025-11-06T12:06:23","modified_gmt":"2025-11-06T12:06:23","slug":"credinta-crestina-fara-israel","status":"publish","type":"product","link":"https:\/\/alfaomega.tv\/librarie\/produse\/intelegerea-vremurilor-israel\/credinta-crestina-fara-israel\/","title":{"rendered":"Credin\u021ba cre\u0219tin\u0103 f\u0103r\u0103 Israel"},"content":{"rendered":"<p>Noi credem c\u0103 Dumnezeu a creat p\u0103m\u00e2ntul \u0219i omenirea. Credem c\u0103 p\u0103catul \u0219i moartea \u0219i-au f\u0103cut apari\u021bia prin C\u0103dere. Credem \u00een venirea lui Isus Hristos, \u00een suferin\u021ba, moartea \u0219i \u00eenvierea Sa pentru a ne \u00eemp\u0103ca din nou cu Tat\u0103l prin credin\u021b\u0103. \u0218i credem \u00een a doua Sa venire \u0219i \u00een venirea \u00cemp\u0103r\u0103\u021biei. Dar care este rolul lui Israel \u00een toate acestea?<\/p>\n<p>Pentru mul\u021bi cre\u0219tini, Israelul nu este mai mult dec\u00e2t \u021bara prin care a umblat Isus. Cum ar putea Israelul s\u0103 fie at\u00e2t de exclus din peisaj, c\u00e2nd Biblia vorbe\u0219te despre un leg\u0103m\u00e2nt ve\u0219nic cu el? Profetul Isaia spune c\u0103, \u00een \u00cemp\u0103r\u0103\u021bia viitoare, legea va ie\u0219i din nou din Sion \u0219i cuv\u00e2ntul Domnului din Ierusalim. Rev. Kees Kant explic\u0103 \u00eentr-un mod accesibil cum s-a putut \u00eent\u00e2mpla ca Israelul s\u0103 dispar\u0103 at\u00e2t de mult din peisajul cre\u0219tinismului, chiar dac\u0103 el are o pozi\u021bie at\u00e2t de unic\u0103 \u0219i trainic\u0103 \u00een planul lui Dumnezeu pentru lume.<\/p>\n<p>&nbsp;<\/p>\n","protected":false},"excerpt":{"rendered":"<p>Cum a disp\u0103rut Israelul din credin\u021ba noastr\u0103 cre\u0219tin\u0103<\/p>\n","protected":false},"featured_media":7383,"template":"","meta":{"_acf_changed":false},"product_brand":[],"product_cat":[24],"product_tag":[],"class_list":{"0":"post-35719","1":"product","2":"type-product","3":"status-publish","4":"has-post-thumbnail","6":"product_cat-intelegerea-vremurilor-israel","7":"pa_autori-cornelis-kant","8":"pa_format-carte-tiparita","9":"pa_format-carte-electronica","11":"first","12":"instock","13":"shipping-taxable","14":"purchasable","15":"product-type-variable"},"acf":[],"_links":{"self":[{"href":"https:\/\/alfaomega.tv\/librarie\/wp-json\/wp\/v2\/product\/35719","targetHints":{"allow":["GET"]}}],"collection":[{"href":"https:\/\/alfaomega.tv\/librarie\/wp-json\/wp\/v2\/product"}],"about":[{"href":"https:\/\/alfaomega.tv\/librarie\/wp-json\/wp\/v2\/types\/product"}],"wp:featuredmedia":[{"embeddable":true,"href":"https:\/\/alfaomega.tv\/librarie\/wp-json\/wp\/v2\/media\/7383"}],"wp:attachment":[{"href":"https:\/\/alfaomega.tv\/librarie\/wp-json\/wp\/v2\/media?parent=35719"}],"wp:term":[{"taxonomy":"product_brand","embeddable":true,"href":"https:\/\/alfaomega.tv\/librarie\/wp-json\/wp\/v2\/product_brand?post=35719"},{"taxonomy":"product_cat","embeddable":true,"href":"https:\/\/alfaomega.tv\/librarie\/wp-json\/wp\/v2\/product_cat?post=35719"},{"taxonomy":"product_tag","embeddable":true,"href":"https:\/\/alfaomega.tv\/librarie\/wp-json\/wp\/v2\/product_tag?post=35719"}],"curies":[{"name":"wp","href":"https:\/\/api.w.org\/{rel}","templated":true}]}}